{"id":8192,"date":"2023-03-16T00:06:56","date_gmt":"2023-03-15T23:06:56","guid":{"rendered":"https:\/\/multi-diver.com\/product\/fiesta-de-la-espuma\/"},"modified":"2023-07-20T16:58:25","modified_gmt":"2023-07-20T14:58:25","slug":"fiesta-de-la-espuma","status":"publish","type":"product","link":"https:\/\/multi-diver.com\/es\/producto\/fiesta-de-la-espuma\/","title":{"rendered":"Fiesta de la espuma"},"content":{"rendered":"<p>La gran fiesta del verano: ca\u00f1ones de espuma blanca acompa\u00f1ado de m\u00fasica.<\/p>\n<p>Con espuma refrescante que no mancha y no irrita y que ha pasado todos los controles correspondientes.<\/p>\n<p>Es para todas las edades.<\/p>\n<p>Ideal para cualquier fiesta de verano para refrescarte y combatir el calor.<\/p>\n<p>Equipamiento necesario:<\/p>\n<ol>\n<li>Toma de corriente<\/li>\n<li>Grifo de agua tipo jard\u00edn o una boca de riego con conexi\u00f3n racor Barcelona de m\u00e1ximo 1,5 pulgadas<\/li>\n<\/ol>\n","protected":false},"excerpt":{"rendered":"<p>La gran fiesta del verano: ca\u00f1ones de espuma blanca acompa\u00f1ado de m\u00fasica. Con espuma refrescante que no mancha y no irrita y que ha pasado todos los controles correspondientes. Es para todas las edades. Ideal para cualquier fiesta de verano para refrescarte y combatir el calor. Equipamiento necesario: Toma de corriente Grifo de agua tipo [&hellip;]<\/p>\n","protected":false},"featured_media":7871,"template":"","meta":{"om_disable_all_campaigns":false,"_monsterinsights_skip_tracking":false,"_monsterinsights_sitenote_active":false,"_monsterinsights_sitenote_note":"","_monsterinsights_sitenote_category":0},"product_cat":[120],"product_tag":[],"class_list":["post-8192","product","type-product","status-publish","has-post-thumbnail","hentry","product_cat-fiesta-de-la-espuma"],"aioseo_notices":[],"yoast_head":"<!-- This site is optimized with the Yoast SEO plugin v21.5 - https:\/\/yoast.com\/wordpress\/plugins\/seo\/ -->\n<title>Fiesta de la espuma - Multi Diver<\/title>\n<meta name=\"robots\" content=\"index, follow, max-snippet:-1, max-image-preview:large, max-video-preview:-1\" \/>\n<link rel=\"canonical\" href=\"https:\/\/multi-diver.com\/producto\/festa-de-lescuma\/\" \/>\n<meta property=\"og:locale\" content=\"es_ES\" \/>\n<meta property=\"og:type\" content=\"article\" \/>\n<meta property=\"og:title\" content=\"Fiesta de la espuma - Multi Diver\" \/>\n<meta property=\"og:description\" content=\"La gran fiesta del verano: ca\u00f1ones de espuma blanca acompa\u00f1ado de m\u00fasica. Con espuma refrescante que no mancha y no irrita y que ha pasado todos los controles correspondientes. Es para todas las edades. Ideal para cualquier fiesta de verano para refrescarte y combatir el calor. Equipamiento necesario: Toma de corriente Grifo de agua tipo [&hellip;]\" \/>\n<meta property=\"og:url\" content=\"https:\/\/multi-diver.com\/producto\/festa-de-lescuma\/\" \/>\n<meta property=\"og:site_name\" content=\"Multi Diver\" \/>\n<meta property=\"article:modified_time\" content=\"2023-07-20T14:58:25+00:00\" \/>\n<meta property=\"og:image\" content=\"https:\/\/multi-diver.com\/wp-content\/uploads\/2023\/03\/festa-escuma.jpg\" \/>\n\t<meta property=\"og:image:width\" content=\"800\" \/>\n\t<meta property=\"og:image:height\" content=\"500\" \/>\n\t<meta property=\"og:image:type\" content=\"image\/jpeg\" \/>\n<meta name=\"twitter:card\" content=\"summary_large_image\" \/>\n<script type=\"application\/ld+json\" class=\"yoast-schema-graph\">{\"@context\":\"https:\/\/schema.org\",\"@graph\":[{\"@type\":\"WebPage\",\"@id\":\"https:\/\/multi-diver.com\/producto\/festa-de-lescuma\/\",\"url\":\"https:\/\/multi-diver.com\/producto\/festa-de-lescuma\/\",\"name\":\"Fiesta de la espuma - Multi Diver\",\"isPartOf\":{\"@id\":\"https:\/\/multi-diver.com\/#website\"},\"datePublished\":\"2023-03-15T23:06:56+00:00\",\"dateModified\":\"2023-07-20T14:58:25+00:00\",\"breadcrumb\":{\"@id\":\"https:\/\/multi-diver.com\/producto\/festa-de-lescuma\/#breadcrumb\"},\"inLanguage\":\"es\",\"potentialAction\":[{\"@type\":\"ReadAction\",\"target\":[\"https:\/\/multi-diver.com\/producto\/festa-de-lescuma\/\"]}]},{\"@type\":\"BreadcrumbList\",\"@id\":\"https:\/\/multi-diver.com\/producto\/festa-de-lescuma\/#breadcrumb\",\"itemListElement\":[{\"@type\":\"ListItem\",\"position\":1,\"name\":\"Inici\",\"item\":\"https:\/\/multi-diver.com\/\"},{\"@type\":\"ListItem\",\"position\":2,\"name\":\"Cat\u00e1logo\",\"item\":\"https:\/\/multi-diver.com\/cataleg\/\"},{\"@type\":\"ListItem\",\"position\":3,\"name\":\"Fiesta de la espuma\"}]},{\"@type\":\"WebSite\",\"@id\":\"https:\/\/multi-diver.com\/#website\",\"url\":\"https:\/\/multi-diver.com\/\",\"name\":\"Multi Diver\",\"description\":\"Lloguer d&#039;atraccions i castells inflables\",\"potentialAction\":[{\"@type\":\"SearchAction\",\"target\":{\"@type\":\"EntryPoint\",\"urlTemplate\":\"https:\/\/multi-diver.com\/?s={search_term_string}\"},\"query-input\":\"required name=search_term_string\"}],\"inLanguage\":\"es\"}]}<\/script>\n<!-- \/ Yoast SEO plugin. -->","yoast_head_json":{"title":"Fiesta de la espuma - Multi Diver","robots":{"index":"index","follow":"follow","max-snippet":"max-snippet:-1","max-image-preview":"max-image-preview:large","max-video-preview":"max-video-preview:-1"},"canonical":"https:\/\/multi-diver.com\/producto\/festa-de-lescuma\/","og_locale":"es_ES","og_type":"article","og_title":"Fiesta de la espuma - Multi Diver","og_description":"La gran fiesta del verano: ca\u00f1ones de espuma blanca acompa\u00f1ado de m\u00fasica. Con espuma refrescante que no mancha y no irrita y que ha pasado todos los controles correspondientes. Es para todas las edades. Ideal para cualquier fiesta de verano para refrescarte y combatir el calor. Equipamiento necesario: Toma de corriente Grifo de agua tipo [&hellip;]","og_url":"https:\/\/multi-diver.com\/producto\/festa-de-lescuma\/","og_site_name":"Multi Diver","article_modified_time":"2023-07-20T14:58:25+00:00","og_image":[{"width":800,"height":500,"url":"https:\/\/multi-diver.com\/wp-content\/uploads\/2023\/03\/festa-escuma.jpg","type":"image\/jpeg"}],"twitter_card":"summary_large_image","schema":{"@context":"https:\/\/schema.org","@graph":[{"@type":"WebPage","@id":"https:\/\/multi-diver.com\/producto\/festa-de-lescuma\/","url":"https:\/\/multi-diver.com\/producto\/festa-de-lescuma\/","name":"Fiesta de la espuma - Multi Diver","isPartOf":{"@id":"https:\/\/multi-diver.com\/#website"},"datePublished":"2023-03-15T23:06:56+00:00","dateModified":"2023-07-20T14:58:25+00:00","breadcrumb":{"@id":"https:\/\/multi-diver.com\/producto\/festa-de-lescuma\/#breadcrumb"},"inLanguage":"es","potentialAction":[{"@type":"ReadAction","target":["https:\/\/multi-diver.com\/producto\/festa-de-lescuma\/"]}]},{"@type":"BreadcrumbList","@id":"https:\/\/multi-diver.com\/producto\/festa-de-lescuma\/#breadcrumb","itemListElement":[{"@type":"ListItem","position":1,"name":"Inici","item":"https:\/\/multi-diver.com\/"},{"@type":"ListItem","position":2,"name":"Cat\u00e1logo","item":"https:\/\/multi-diver.com\/cataleg\/"},{"@type":"ListItem","position":3,"name":"Fiesta de la espuma"}]},{"@type":"WebSite","@id":"https:\/\/multi-diver.com\/#website","url":"https:\/\/multi-diver.com\/","name":"Multi Diver","description":"Lloguer d&#039;atraccions i castells inflables","potentialAction":[{"@type":"SearchAction","target":{"@type":"EntryPoint","urlTemplate":"https:\/\/multi-diver.com\/?s={search_term_string}"},"query-input":"required name=search_term_string"}],"inLanguage":"es"}]}},"_links":{"self":[{"href":"https:\/\/multi-diver.com\/es\/wp-json\/wp\/v2\/product\/8192","targetHints":{"allow":["GET"]}}],"collection":[{"href":"https:\/\/multi-diver.com\/es\/wp-json\/wp\/v2\/product"}],"about":[{"href":"https:\/\/multi-diver.com\/es\/wp-json\/wp\/v2\/types\/product"}],"wp:featuredmedia":[{"embeddable":true,"href":"https:\/\/multi-diver.com\/es\/wp-json\/wp\/v2\/media\/7871"}],"wp:attachment":[{"href":"https:\/\/multi-diver.com\/es\/wp-json\/wp\/v2\/media?parent=8192"}],"wp:term":[{"taxonomy":"product_cat","embeddable":true,"href":"https:\/\/multi-diver.com\/es\/wp-json\/wp\/v2\/product_cat?post=8192"},{"taxonomy":"product_tag","embeddable":true,"href":"https:\/\/multi-diver.com\/es\/wp-json\/wp\/v2\/product_tag?post=8192"}],"curies":[{"name":"wp","href":"https:\/\/api.w.org\/{rel}","templated":true}]}}