{"id":8193,"date":"2023-03-15T19:31:55","date_gmt":"2023-03-15T18:31:55","guid":{"rendered":"https:\/\/multi-diver.com\/product\/pack-3-fiesta-del-oeste\/"},"modified":"2023-07-20T17:01:28","modified_gmt":"2023-07-20T15:01:28","slug":"fiesta-del-oeste","status":"publish","type":"product","link":"https:\/\/multi-diver.com\/es\/producto\/fiesta-del-oeste\/","title":{"rendered":"Pack 3 Fiesta del oeste"},"content":{"rendered":"<p>Luces, c\u00e1mara y acci\u00f3n. \u00a1Esta es tu fiesta!<\/p>\n<p>Te proponemos este conjunto de hinchables, aptos para todos los p\u00fablicos y divertidos.<\/p>\n<h3>Incluye<\/h3>\n<ul>\n<li>1 toro mec\u00e1nico<\/li>\n<li>1 castillo Far West<\/li>\n<li>1 tobog\u00e1n West Party<\/li>\n<li>Monitores<\/li>\n<li>Seguro de RC<\/li>\n<\/ul>\n","protected":false},"excerpt":{"rendered":"<p>Luces, c\u00e1mara y acci\u00f3n. \u00a1Esta es tu fiesta! Te proponemos este conjunto de hinchables, aptos para todos los p\u00fablicos y divertidos. Incluye 1 toro mec\u00e1nico 1 castillo Far West 1 tobog\u00e1n West Party Monitores Seguro de RC<\/p>\n","protected":false},"featured_media":7880,"template":"","meta":{"om_disable_all_campaigns":false,"_monsterinsights_skip_tracking":false,"_monsterinsights_sitenote_active":false,"_monsterinsights_sitenote_note":"","_monsterinsights_sitenote_category":0},"product_cat":[114],"product_tag":[],"class_list":["post-8193","product","type-product","status-publish","has-post-thumbnail","hentry","product_cat-fiestas-tematicas"],"aioseo_notices":[],"yoast_head":"<!-- This site is optimized with the Yoast SEO plugin v21.5 - https:\/\/yoast.com\/wordpress\/plugins\/seo\/ -->\n<title>Pack 3 Fiesta del oeste - Multi Diver<\/title>\n<meta name=\"robots\" content=\"index, follow, max-snippet:-1, max-image-preview:large, max-video-preview:-1\" \/>\n<link rel=\"canonical\" href=\"https:\/\/multi-diver.com\/producto\/festa-de-loest\/\" \/>\n<meta property=\"og:locale\" content=\"es_ES\" \/>\n<meta property=\"og:type\" content=\"article\" \/>\n<meta property=\"og:title\" content=\"Pack 3 Fiesta del oeste - Multi Diver\" \/>\n<meta property=\"og:description\" content=\"Luces, c\u00e1mara y acci\u00f3n. \u00a1Esta es tu fiesta! Te proponemos este conjunto de hinchables, aptos para todos los p\u00fablicos y divertidos. Incluye 1 toro mec\u00e1nico 1 castillo Far West 1 tobog\u00e1n West Party Monitores Seguro de RC\" \/>\n<meta property=\"og:url\" content=\"https:\/\/multi-diver.com\/producto\/festa-de-loest\/\" \/>\n<meta property=\"og:site_name\" content=\"Multi Diver\" \/>\n<meta property=\"article:modified_time\" content=\"2023-07-20T15:01:28+00:00\" \/>\n<meta property=\"og:image\" content=\"https:\/\/multi-diver.com\/wp-content\/uploads\/2023\/03\/festa-oest.jpg\" \/>\n\t<meta property=\"og:image:width\" content=\"800\" \/>\n\t<meta property=\"og:image:height\" content=\"500\" \/>\n\t<meta property=\"og:image:type\" content=\"image\/jpeg\" \/>\n<meta name=\"twitter:card\" content=\"summary_large_image\" \/>\n<script type=\"application\/ld+json\" class=\"yoast-schema-graph\">{\"@context\":\"https:\/\/schema.org\",\"@graph\":[{\"@type\":\"WebPage\",\"@id\":\"https:\/\/multi-diver.com\/producto\/festa-de-loest\/\",\"url\":\"https:\/\/multi-diver.com\/producto\/festa-de-loest\/\",\"name\":\"Pack 3 Fiesta del oeste - Multi Diver\",\"isPartOf\":{\"@id\":\"https:\/\/multi-diver.com\/#website\"},\"datePublished\":\"2023-03-15T18:31:55+00:00\",\"dateModified\":\"2023-07-20T15:01:28+00:00\",\"breadcrumb\":{\"@id\":\"https:\/\/multi-diver.com\/producto\/festa-de-loest\/#breadcrumb\"},\"inLanguage\":\"es\",\"potentialAction\":[{\"@type\":\"ReadAction\",\"target\":[\"https:\/\/multi-diver.com\/producto\/festa-de-loest\/\"]}]},{\"@type\":\"BreadcrumbList\",\"@id\":\"https:\/\/multi-diver.com\/producto\/festa-de-loest\/#breadcrumb\",\"itemListElement\":[{\"@type\":\"ListItem\",\"position\":1,\"name\":\"Inici\",\"item\":\"https:\/\/multi-diver.com\/\"},{\"@type\":\"ListItem\",\"position\":2,\"name\":\"Cat\u00e1logo\",\"item\":\"https:\/\/multi-diver.com\/cataleg\/\"},{\"@type\":\"ListItem\",\"position\":3,\"name\":\"Pack 3 Fiesta del oeste\"}]},{\"@type\":\"WebSite\",\"@id\":\"https:\/\/multi-diver.com\/#website\",\"url\":\"https:\/\/multi-diver.com\/\",\"name\":\"Multi Diver\",\"description\":\"Lloguer d&#039;atraccions i castells inflables\",\"potentialAction\":[{\"@type\":\"SearchAction\",\"target\":{\"@type\":\"EntryPoint\",\"urlTemplate\":\"https:\/\/multi-diver.com\/?s={search_term_string}\"},\"query-input\":\"required name=search_term_string\"}],\"inLanguage\":\"es\"}]}<\/script>\n<!-- \/ Yoast SEO plugin. -->","yoast_head_json":{"title":"Pack 3 Fiesta del oeste - Multi Diver","robots":{"index":"index","follow":"follow","max-snippet":"max-snippet:-1","max-image-preview":"max-image-preview:large","max-video-preview":"max-video-preview:-1"},"canonical":"https:\/\/multi-diver.com\/producto\/festa-de-loest\/","og_locale":"es_ES","og_type":"article","og_title":"Pack 3 Fiesta del oeste - Multi Diver","og_description":"Luces, c\u00e1mara y acci\u00f3n. \u00a1Esta es tu fiesta! Te proponemos este conjunto de hinchables, aptos para todos los p\u00fablicos y divertidos. Incluye 1 toro mec\u00e1nico 1 castillo Far West 1 tobog\u00e1n West Party Monitores Seguro de RC","og_url":"https:\/\/multi-diver.com\/producto\/festa-de-loest\/","og_site_name":"Multi Diver","article_modified_time":"2023-07-20T15:01:28+00:00","og_image":[{"width":800,"height":500,"url":"https:\/\/multi-diver.com\/wp-content\/uploads\/2023\/03\/festa-oest.jpg","type":"image\/jpeg"}],"twitter_card":"summary_large_image","schema":{"@context":"https:\/\/schema.org","@graph":[{"@type":"WebPage","@id":"https:\/\/multi-diver.com\/producto\/festa-de-loest\/","url":"https:\/\/multi-diver.com\/producto\/festa-de-loest\/","name":"Pack 3 Fiesta del oeste - Multi Diver","isPartOf":{"@id":"https:\/\/multi-diver.com\/#website"},"datePublished":"2023-03-15T18:31:55+00:00","dateModified":"2023-07-20T15:01:28+00:00","breadcrumb":{"@id":"https:\/\/multi-diver.com\/producto\/festa-de-loest\/#breadcrumb"},"inLanguage":"es","potentialAction":[{"@type":"ReadAction","target":["https:\/\/multi-diver.com\/producto\/festa-de-loest\/"]}]},{"@type":"BreadcrumbList","@id":"https:\/\/multi-diver.com\/producto\/festa-de-loest\/#breadcrumb","itemListElement":[{"@type":"ListItem","position":1,"name":"Inici","item":"https:\/\/multi-diver.com\/"},{"@type":"ListItem","position":2,"name":"Cat\u00e1logo","item":"https:\/\/multi-diver.com\/cataleg\/"},{"@type":"ListItem","position":3,"name":"Pack 3 Fiesta del oeste"}]},{"@type":"WebSite","@id":"https:\/\/multi-diver.com\/#website","url":"https:\/\/multi-diver.com\/","name":"Multi Diver","description":"Lloguer d&#039;atraccions i castells inflables","potentialAction":[{"@type":"SearchAction","target":{"@type":"EntryPoint","urlTemplate":"https:\/\/multi-diver.com\/?s={search_term_string}"},"query-input":"required name=search_term_string"}],"inLanguage":"es"}]}},"_links":{"self":[{"href":"https:\/\/multi-diver.com\/es\/wp-json\/wp\/v2\/product\/8193","targetHints":{"allow":["GET"]}}],"collection":[{"href":"https:\/\/multi-diver.com\/es\/wp-json\/wp\/v2\/product"}],"about":[{"href":"https:\/\/multi-diver.com\/es\/wp-json\/wp\/v2\/types\/product"}],"wp:featuredmedia":[{"embeddable":true,"href":"https:\/\/multi-diver.com\/es\/wp-json\/wp\/v2\/media\/7880"}],"wp:attachment":[{"href":"https:\/\/multi-diver.com\/es\/wp-json\/wp\/v2\/media?parent=8193"}],"wp:term":[{"taxonomy":"product_cat","embeddable":true,"href":"https:\/\/multi-diver.com\/es\/wp-json\/wp\/v2\/product_cat?post=8193"},{"taxonomy":"product_tag","embeddable":true,"href":"https:\/\/multi-diver.com\/es\/wp-json\/wp\/v2\/product_tag?post=8193"}],"curies":[{"name":"wp","href":"https:\/\/api.w.org\/{rel}","templated":true}]}}