{"id":8196,"date":"2023-03-16T13:15:14","date_gmt":"2023-03-16T12:15:14","guid":{"rendered":"https:\/\/multi-diver.com\/product\/fotomaton\/"},"modified":"2023-07-20T16:55:40","modified_gmt":"2023-07-20T14:55:40","slug":"fotomaton","status":"publish","type":"product","link":"https:\/\/multi-diver.com\/es\/producto\/fotomaton\/","title":{"rendered":"Fotomaton"},"content":{"rendered":"<p>\u00a1Sorprende a tus invitados con el fotomat\u00f3n m\u00e1s moderno y actual del mercado!<\/p>\n<p>Con el fotomat\u00f3n espejo m\u00e1gico aportamos un plus muy divertido a cualquier tipo de fiesta o evento por su dise\u00f1o innovador y por su elegancia. Te podr\u00e1s ver y tomar las fotos de cuerpo entero. \u00danico en el mercado.<\/p>\n<p>Su apariencia es la de un espejo normal pero al tocarlo interact\u00faa con los invitados mediante una pantalla llena de animaciones y entretenidas y divertidas instrucciones de voz.<\/p>\n<p><strong>\u00a1Col\u00f3cate delante del espejo, toca la pantalla y 3-2-1 sonr\u00ede!<\/strong><\/p>\n<p>Le garantizamos las <strong>mejores fotos<\/strong> con la <strong>m\u00e1xima calidad de impresi\u00f3n<\/strong>, para que se lleve el mejor recuerdo de unos momentos inolvidables.<\/p>\n<p>Aaaaahhhh&#8230; y tambi\u00e9n le garantizamos que se llevar\u00e1 <strong>un mont\u00f3n de risas<\/strong>!<\/p>\n<p>Ideal para todo tipo de eventos; fiestas mayores, fiestas escolares, promociones de empresa, actos corporativos, bodas, cumplea\u00f1os, comuniones&#8230;<\/p>\n<p><strong>Aplicaciones<\/strong><\/p>\n<ul>\n<li>Impresi\u00f3n ilimitadas de fotos, tiras de 5&#215;15 cm o fotograf\u00eda de 10&#215;15 cm. \u2013 Personalizaci\u00f3n de las fotograf\u00edas con textos e im\u00e1genes.<\/li>\n<li>Gran variedad de formatos y plantillas.<\/li>\n<li>Efecto CHROMA con m\u00faltiples fondos.<\/li>\n<li>Atrezzo original para unas fotos muy divertidas: Gafas, sombreros, complementos, disfraces\u2026<\/li>\n<li>\u00c1lbum de fotos para que los invitados dejen una copia con su dedicatoria.<\/li>\n<li>Grabaci\u00f3n de v\u00eddeo mensajes.<\/li>\n<li>Entrega al final del evento de un USB con todas las fotos<\/li>\n<\/ul>\n<p>Por su instalaci\u00f3n se necesita un espacio libre de unos 4-6 metros cuadrados. Delante del fotomat\u00f3n debe quedar un espacio de 1,50 m \u2013 2 m.<\/p>\n","protected":false},"excerpt":{"rendered":"<p>\u00a1Sorprende a tus invitados con el fotomat\u00f3n m\u00e1s moderno y actual del mercado! Con el fotomat\u00f3n espejo m\u00e1gico aportamos un plus muy divertido a cualquier tipo de fiesta o evento por su dise\u00f1o innovador y por su elegancia. Te podr\u00e1s ver y tomar las fotos de cuerpo entero. \u00danico en el mercado. Su apariencia es [&hellip;]<\/p>\n","protected":false},"featured_media":8006,"template":"","meta":{"om_disable_all_campaigns":false,"_monsterinsights_skip_tracking":false,"_monsterinsights_sitenote_active":false,"_monsterinsights_sitenote_note":"","_monsterinsights_sitenote_category":0},"product_cat":[122],"product_tag":[],"class_list":["post-8196","product","type-product","status-publish","has-post-thumbnail","hentry","product_cat-fotomaton-es"],"aioseo_notices":[],"yoast_head":"<!-- This site is optimized with the Yoast SEO plugin v21.5 - https:\/\/yoast.com\/wordpress\/plugins\/seo\/ -->\n<title>Fotomaton - Multi Diver<\/title>\n<meta name=\"robots\" content=\"index, follow, max-snippet:-1, max-image-preview:large, max-video-preview:-1\" \/>\n<link rel=\"canonical\" href=\"https:\/\/multi-diver.com\/es\/producto\/fotomaton\/\" \/>\n<meta property=\"og:locale\" content=\"es_ES\" \/>\n<meta property=\"og:type\" content=\"article\" \/>\n<meta property=\"og:title\" content=\"Fotomaton - Multi Diver\" \/>\n<meta property=\"og:description\" content=\"\u00a1Sorprende a tus invitados con el fotomat\u00f3n m\u00e1s moderno y actual del mercado! Con el fotomat\u00f3n espejo m\u00e1gico aportamos un plus muy divertido a cualquier tipo de fiesta o evento por su dise\u00f1o innovador y por su elegancia. Te podr\u00e1s ver y tomar las fotos de cuerpo entero. \u00danico en el mercado. Su apariencia es [&hellip;]\" \/>\n<meta property=\"og:url\" content=\"https:\/\/multi-diver.com\/es\/producto\/fotomaton\/\" \/>\n<meta property=\"og:site_name\" content=\"Multi Diver\" \/>\n<meta property=\"article:modified_time\" content=\"2023-07-20T14:55:40+00:00\" \/>\n<meta property=\"og:image\" content=\"https:\/\/multi-diver.com\/wp-content\/uploads\/2023\/03\/fotomaton-1.jpg\" \/>\n\t<meta property=\"og:image:width\" content=\"800\" \/>\n\t<meta property=\"og:image:height\" content=\"500\" \/>\n\t<meta property=\"og:image:type\" content=\"image\/jpeg\" \/>\n<meta name=\"twitter:card\" content=\"summary_large_image\" \/>\n<meta name=\"twitter:label1\" content=\"Tiempo de lectura\" \/>\n\t<meta name=\"twitter:data1\" content=\"1 minuto\" \/>\n<script type=\"application\/ld+json\" class=\"yoast-schema-graph\">{\"@context\":\"https:\/\/schema.org\",\"@graph\":[{\"@type\":\"WebPage\",\"@id\":\"https:\/\/multi-diver.com\/es\/producto\/fotomaton\/\",\"url\":\"https:\/\/multi-diver.com\/es\/producto\/fotomaton\/\",\"name\":\"Fotomaton - Multi Diver\",\"isPartOf\":{\"@id\":\"https:\/\/multi-diver.com\/#website\"},\"datePublished\":\"2023-03-16T12:15:14+00:00\",\"dateModified\":\"2023-07-20T14:55:40+00:00\",\"breadcrumb\":{\"@id\":\"https:\/\/multi-diver.com\/es\/producto\/fotomaton\/#breadcrumb\"},\"inLanguage\":\"es\",\"potentialAction\":[{\"@type\":\"ReadAction\",\"target\":[\"https:\/\/multi-diver.com\/es\/producto\/fotomaton\/\"]}]},{\"@type\":\"BreadcrumbList\",\"@id\":\"https:\/\/multi-diver.com\/es\/producto\/fotomaton\/#breadcrumb\",\"itemListElement\":[{\"@type\":\"ListItem\",\"position\":1,\"name\":\"Inici\",\"item\":\"https:\/\/multi-diver.com\/\"},{\"@type\":\"ListItem\",\"position\":2,\"name\":\"Cat\u00e1logo\",\"item\":\"https:\/\/multi-diver.com\/cataleg\/\"},{\"@type\":\"ListItem\",\"position\":3,\"name\":\"Fotomaton\"}]},{\"@type\":\"WebSite\",\"@id\":\"https:\/\/multi-diver.com\/#website\",\"url\":\"https:\/\/multi-diver.com\/\",\"name\":\"Multi Diver\",\"description\":\"Lloguer d&#039;atraccions i castells inflables\",\"potentialAction\":[{\"@type\":\"SearchAction\",\"target\":{\"@type\":\"EntryPoint\",\"urlTemplate\":\"https:\/\/multi-diver.com\/?s={search_term_string}\"},\"query-input\":\"required name=search_term_string\"}],\"inLanguage\":\"es\"}]}<\/script>\n<!-- \/ Yoast SEO plugin. -->","yoast_head_json":{"title":"Fotomaton - Multi Diver","robots":{"index":"index","follow":"follow","max-snippet":"max-snippet:-1","max-image-preview":"max-image-preview:large","max-video-preview":"max-video-preview:-1"},"canonical":"https:\/\/multi-diver.com\/es\/producto\/fotomaton\/","og_locale":"es_ES","og_type":"article","og_title":"Fotomaton - Multi Diver","og_description":"\u00a1Sorprende a tus invitados con el fotomat\u00f3n m\u00e1s moderno y actual del mercado! Con el fotomat\u00f3n espejo m\u00e1gico aportamos un plus muy divertido a cualquier tipo de fiesta o evento por su dise\u00f1o innovador y por su elegancia. Te podr\u00e1s ver y tomar las fotos de cuerpo entero. \u00danico en el mercado. Su apariencia es [&hellip;]","og_url":"https:\/\/multi-diver.com\/es\/producto\/fotomaton\/","og_site_name":"Multi Diver","article_modified_time":"2023-07-20T14:55:40+00:00","og_image":[{"width":800,"height":500,"url":"https:\/\/multi-diver.com\/wp-content\/uploads\/2023\/03\/fotomaton-1.jpg","type":"image\/jpeg"}],"twitter_card":"summary_large_image","twitter_misc":{"Tiempo de lectura":"1 minuto"},"schema":{"@context":"https:\/\/schema.org","@graph":[{"@type":"WebPage","@id":"https:\/\/multi-diver.com\/es\/producto\/fotomaton\/","url":"https:\/\/multi-diver.com\/es\/producto\/fotomaton\/","name":"Fotomaton - Multi Diver","isPartOf":{"@id":"https:\/\/multi-diver.com\/#website"},"datePublished":"2023-03-16T12:15:14+00:00","dateModified":"2023-07-20T14:55:40+00:00","breadcrumb":{"@id":"https:\/\/multi-diver.com\/es\/producto\/fotomaton\/#breadcrumb"},"inLanguage":"es","potentialAction":[{"@type":"ReadAction","target":["https:\/\/multi-diver.com\/es\/producto\/fotomaton\/"]}]},{"@type":"BreadcrumbList","@id":"https:\/\/multi-diver.com\/es\/producto\/fotomaton\/#breadcrumb","itemListElement":[{"@type":"ListItem","position":1,"name":"Inici","item":"https:\/\/multi-diver.com\/"},{"@type":"ListItem","position":2,"name":"Cat\u00e1logo","item":"https:\/\/multi-diver.com\/cataleg\/"},{"@type":"ListItem","position":3,"name":"Fotomaton"}]},{"@type":"WebSite","@id":"https:\/\/multi-diver.com\/#website","url":"https:\/\/multi-diver.com\/","name":"Multi Diver","description":"Lloguer d&#039;atraccions i castells inflables","potentialAction":[{"@type":"SearchAction","target":{"@type":"EntryPoint","urlTemplate":"https:\/\/multi-diver.com\/?s={search_term_string}"},"query-input":"required name=search_term_string"}],"inLanguage":"es"}]}},"_links":{"self":[{"href":"https:\/\/multi-diver.com\/es\/wp-json\/wp\/v2\/product\/8196","targetHints":{"allow":["GET"]}}],"collection":[{"href":"https:\/\/multi-diver.com\/es\/wp-json\/wp\/v2\/product"}],"about":[{"href":"https:\/\/multi-diver.com\/es\/wp-json\/wp\/v2\/types\/product"}],"wp:featuredmedia":[{"embeddable":true,"href":"https:\/\/multi-diver.com\/es\/wp-json\/wp\/v2\/media\/8006"}],"wp:attachment":[{"href":"https:\/\/multi-diver.com\/es\/wp-json\/wp\/v2\/media?parent=8196"}],"wp:term":[{"taxonomy":"product_cat","embeddable":true,"href":"https:\/\/multi-diver.com\/es\/wp-json\/wp\/v2\/product_cat?post=8196"},{"taxonomy":"product_tag","embeddable":true,"href":"https:\/\/multi-diver.com\/es\/wp-json\/wp\/v2\/product_tag?post=8196"}],"curies":[{"name":"wp","href":"https:\/\/api.w.org\/{rel}","templated":true}]}}