{"id":8198,"date":"2023-03-16T12:32:27","date_gmt":"2023-03-16T11:32:27","guid":{"rendered":"https:\/\/multi-diver.com\/product\/taller-de-reciclaje\/"},"modified":"2023-07-20T16:57:53","modified_gmt":"2023-07-20T14:57:53","slug":"taller-de-reciclaje","status":"publish","type":"product","link":"https:\/\/multi-diver.com\/es\/producto\/taller-de-reciclaje\/","title":{"rendered":"Taller de reciclaje"},"content":{"rendered":"<p>\u00a1Reciclar puede ser decorar!<\/p>\n<p>Un taller de reciclaje consiste, b\u00e1sicamente, en realizar manualidades adaptadas a las diferentes edades utilizando materiales de reciclaje. Los ni\u00f1os\/as aprenden que con el material de residuos de pl\u00e1stico, cart\u00f3n, peri\u00f3dicos, revistas, ropa vieja&#8230; se pueden hacer grandes cosas y cosas \u00fatiles.<\/p>\n<p>Nosotros llevamos todo el material, pero tambi\u00e9n pueden llevar a los mismos participantes.<\/p>\n<p>Tambi\u00e9n, durante la actividad se puede jugar con alg\u00fan juego para aprender sobre reciclaje, por ejemplo; los diferentes tipos de contenedores de reciclaje y que va en cada uno&#8230;<\/p>\n<p>Puede adaptarse a todas las edades.<\/p>\n","protected":false},"excerpt":{"rendered":"<p>\u00a1Reciclar puede ser decorar! Un taller de reciclaje consiste, b\u00e1sicamente, en realizar manualidades adaptadas a las diferentes edades utilizando materiales de reciclaje. Los ni\u00f1os\/as aprenden que con el material de residuos de pl\u00e1stico, cart\u00f3n, peri\u00f3dicos, revistas, ropa vieja&#8230; se pueden hacer grandes cosas y cosas \u00fatiles. Nosotros llevamos todo el material, pero tambi\u00e9n pueden llevar [&hellip;]<\/p>\n","protected":false},"featured_media":8002,"template":"","meta":{"om_disable_all_campaigns":false,"_monsterinsights_skip_tracking":false,"_monsterinsights_sitenote_active":false,"_monsterinsights_sitenote_note":"","_monsterinsights_sitenote_category":0},"product_cat":[125,124],"product_tag":[],"class_list":["post-8198","product","type-product","status-publish","has-post-thumbnail","hentry","product_cat-taller-reciclaje","product_cat-talleres-infantiles"],"aioseo_notices":[],"yoast_head":"<!-- This site is optimized with the Yoast SEO plugin v21.5 - https:\/\/yoast.com\/wordpress\/plugins\/seo\/ -->\n<title>Taller de reciclaje - Multi Diver<\/title>\n<meta name=\"robots\" content=\"index, follow, max-snippet:-1, max-image-preview:large, max-video-preview:-1\" \/>\n<link rel=\"canonical\" href=\"https:\/\/multi-diver.com\/producto\/taller-de-reciclatge\/\" \/>\n<meta property=\"og:locale\" content=\"es_ES\" \/>\n<meta property=\"og:type\" content=\"article\" \/>\n<meta property=\"og:title\" content=\"Taller de reciclaje - Multi Diver\" \/>\n<meta property=\"og:description\" content=\"\u00a1Reciclar puede ser decorar! Un taller de reciclaje consiste, b\u00e1sicamente, en realizar manualidades adaptadas a las diferentes edades utilizando materiales de reciclaje. Los ni\u00f1os\/as aprenden que con el material de residuos de pl\u00e1stico, cart\u00f3n, peri\u00f3dicos, revistas, ropa vieja&#8230; se pueden hacer grandes cosas y cosas \u00fatiles. Nosotros llevamos todo el material, pero tambi\u00e9n pueden llevar [&hellip;]\" \/>\n<meta property=\"og:url\" content=\"https:\/\/multi-diver.com\/producto\/taller-de-reciclatge\/\" \/>\n<meta property=\"og:site_name\" content=\"Multi Diver\" \/>\n<meta property=\"article:modified_time\" content=\"2023-07-20T14:57:53+00:00\" \/>\n<meta property=\"og:image\" content=\"https:\/\/multi-diver.com\/wp-content\/uploads\/2023\/03\/reciclatge-1.jpg\" \/>\n\t<meta property=\"og:image:width\" content=\"800\" \/>\n\t<meta property=\"og:image:height\" content=\"500\" \/>\n\t<meta property=\"og:image:type\" content=\"image\/jpeg\" \/>\n<meta name=\"twitter:card\" content=\"summary_large_image\" \/>\n<meta name=\"twitter:label1\" content=\"Tiempo de lectura\" \/>\n\t<meta name=\"twitter:data1\" content=\"1 minuto\" \/>\n<script type=\"application\/ld+json\" class=\"yoast-schema-graph\">{\"@context\":\"https:\/\/schema.org\",\"@graph\":[{\"@type\":\"WebPage\",\"@id\":\"https:\/\/multi-diver.com\/producto\/taller-de-reciclatge\/\",\"url\":\"https:\/\/multi-diver.com\/producto\/taller-de-reciclatge\/\",\"name\":\"Taller de reciclaje - Multi Diver\",\"isPartOf\":{\"@id\":\"https:\/\/multi-diver.com\/#website\"},\"datePublished\":\"2023-03-16T11:32:27+00:00\",\"dateModified\":\"2023-07-20T14:57:53+00:00\",\"breadcrumb\":{\"@id\":\"https:\/\/multi-diver.com\/producto\/taller-de-reciclatge\/#breadcrumb\"},\"inLanguage\":\"es\",\"potentialAction\":[{\"@type\":\"ReadAction\",\"target\":[\"https:\/\/multi-diver.com\/producto\/taller-de-reciclatge\/\"]}]},{\"@type\":\"BreadcrumbList\",\"@id\":\"https:\/\/multi-diver.com\/producto\/taller-de-reciclatge\/#breadcrumb\",\"itemListElement\":[{\"@type\":\"ListItem\",\"position\":1,\"name\":\"Inici\",\"item\":\"https:\/\/multi-diver.com\/\"},{\"@type\":\"ListItem\",\"position\":2,\"name\":\"Cat\u00e1logo\",\"item\":\"https:\/\/multi-diver.com\/cataleg\/\"},{\"@type\":\"ListItem\",\"position\":3,\"name\":\"Taller de reciclaje\"}]},{\"@type\":\"WebSite\",\"@id\":\"https:\/\/multi-diver.com\/#website\",\"url\":\"https:\/\/multi-diver.com\/\",\"name\":\"Multi Diver\",\"description\":\"Lloguer d&#039;atraccions i castells inflables\",\"potentialAction\":[{\"@type\":\"SearchAction\",\"target\":{\"@type\":\"EntryPoint\",\"urlTemplate\":\"https:\/\/multi-diver.com\/?s={search_term_string}\"},\"query-input\":\"required name=search_term_string\"}],\"inLanguage\":\"es\"}]}<\/script>\n<!-- \/ Yoast SEO plugin. -->","yoast_head_json":{"title":"Taller de reciclaje - Multi Diver","robots":{"index":"index","follow":"follow","max-snippet":"max-snippet:-1","max-image-preview":"max-image-preview:large","max-video-preview":"max-video-preview:-1"},"canonical":"https:\/\/multi-diver.com\/producto\/taller-de-reciclatge\/","og_locale":"es_ES","og_type":"article","og_title":"Taller de reciclaje - Multi Diver","og_description":"\u00a1Reciclar puede ser decorar! Un taller de reciclaje consiste, b\u00e1sicamente, en realizar manualidades adaptadas a las diferentes edades utilizando materiales de reciclaje. Los ni\u00f1os\/as aprenden que con el material de residuos de pl\u00e1stico, cart\u00f3n, peri\u00f3dicos, revistas, ropa vieja&#8230; se pueden hacer grandes cosas y cosas \u00fatiles. Nosotros llevamos todo el material, pero tambi\u00e9n pueden llevar [&hellip;]","og_url":"https:\/\/multi-diver.com\/producto\/taller-de-reciclatge\/","og_site_name":"Multi Diver","article_modified_time":"2023-07-20T14:57:53+00:00","og_image":[{"width":800,"height":500,"url":"https:\/\/multi-diver.com\/wp-content\/uploads\/2023\/03\/reciclatge-1.jpg","type":"image\/jpeg"}],"twitter_card":"summary_large_image","twitter_misc":{"Tiempo de lectura":"1 minuto"},"schema":{"@context":"https:\/\/schema.org","@graph":[{"@type":"WebPage","@id":"https:\/\/multi-diver.com\/producto\/taller-de-reciclatge\/","url":"https:\/\/multi-diver.com\/producto\/taller-de-reciclatge\/","name":"Taller de reciclaje - Multi Diver","isPartOf":{"@id":"https:\/\/multi-diver.com\/#website"},"datePublished":"2023-03-16T11:32:27+00:00","dateModified":"2023-07-20T14:57:53+00:00","breadcrumb":{"@id":"https:\/\/multi-diver.com\/producto\/taller-de-reciclatge\/#breadcrumb"},"inLanguage":"es","potentialAction":[{"@type":"ReadAction","target":["https:\/\/multi-diver.com\/producto\/taller-de-reciclatge\/"]}]},{"@type":"BreadcrumbList","@id":"https:\/\/multi-diver.com\/producto\/taller-de-reciclatge\/#breadcrumb","itemListElement":[{"@type":"ListItem","position":1,"name":"Inici","item":"https:\/\/multi-diver.com\/"},{"@type":"ListItem","position":2,"name":"Cat\u00e1logo","item":"https:\/\/multi-diver.com\/cataleg\/"},{"@type":"ListItem","position":3,"name":"Taller de reciclaje"}]},{"@type":"WebSite","@id":"https:\/\/multi-diver.com\/#website","url":"https:\/\/multi-diver.com\/","name":"Multi Diver","description":"Lloguer d&#039;atraccions i castells inflables","potentialAction":[{"@type":"SearchAction","target":{"@type":"EntryPoint","urlTemplate":"https:\/\/multi-diver.com\/?s={search_term_string}"},"query-input":"required name=search_term_string"}],"inLanguage":"es"}]}},"_links":{"self":[{"href":"https:\/\/multi-diver.com\/es\/wp-json\/wp\/v2\/product\/8198","targetHints":{"allow":["GET"]}}],"collection":[{"href":"https:\/\/multi-diver.com\/es\/wp-json\/wp\/v2\/product"}],"about":[{"href":"https:\/\/multi-diver.com\/es\/wp-json\/wp\/v2\/types\/product"}],"wp:featuredmedia":[{"embeddable":true,"href":"https:\/\/multi-diver.com\/es\/wp-json\/wp\/v2\/media\/8002"}],"wp:attachment":[{"href":"https:\/\/multi-diver.com\/es\/wp-json\/wp\/v2\/media?parent=8198"}],"wp:term":[{"taxonomy":"product_cat","embeddable":true,"href":"https:\/\/multi-diver.com\/es\/wp-json\/wp\/v2\/product_cat?post=8198"},{"taxonomy":"product_tag","embeddable":true,"href":"https:\/\/multi-diver.com\/es\/wp-json\/wp\/v2\/product_tag?post=8198"}],"curies":[{"name":"wp","href":"https:\/\/api.w.org\/{rel}","templated":true}]}}