{"id":8199,"date":"2023-03-16T12:32:45","date_gmt":"2023-03-16T11:32:45","guid":{"rendered":"https:\/\/multi-diver.com\/product\/taller-de-globoflexia\/"},"modified":"2023-07-20T16:57:43","modified_gmt":"2023-07-20T14:57:43","slug":"taller-de-globoflexia","status":"publish","type":"product","link":"https:\/\/multi-diver.com\/es\/producto\/taller-de-globoflexia\/","title":{"rendered":"Taller de globoflex\u00eda"},"content":{"rendered":"<p>La globoflex\u00eda es el arte de hacer figuras y formas en globos, desde una espada, una flor, un perro y hasta donde la imaginaci\u00f3n y la destreza nos traigan.<\/p>\n<p>Es una actividad que fomenta la creatividad y la imaginaci\u00f3n entre los ni\u00f1os ya que crean sus propias figuras y aprenden la destreza y la habilidad para realizar torsiones con los globos.<\/p>\n<p>Los materiales necesarios son globos, generalmente alargados, una bomba de hinchar y rotuladores para poder pintar los globos.<\/p>\n<p>Los monitores de Multi-Diver dinamizan el taller ayudando a los ni\u00f1os\/as y ofreci\u00e9ndoles todo el material que \u00e9stos necesiten.<\/p>\n<p>Es una actividad por todos los p\u00fablicos.<\/p>\n","protected":false},"excerpt":{"rendered":"<p>La globoflex\u00eda es el arte de hacer figuras y formas en globos, desde una espada, una flor, un perro y hasta donde la imaginaci\u00f3n y la destreza nos traigan. Es una actividad que fomenta la creatividad y la imaginaci\u00f3n entre los ni\u00f1os ya que crean sus propias figuras y aprenden la destreza y la habilidad [&hellip;]<\/p>\n","protected":false},"featured_media":8001,"template":"","meta":{"om_disable_all_campaigns":false,"_monsterinsights_skip_tracking":false,"_monsterinsights_sitenote_active":false,"_monsterinsights_sitenote_note":"","_monsterinsights_sitenote_category":0},"product_cat":[155,124],"product_tag":[],"class_list":["post-8199","product","type-product","status-publish","has-post-thumbnail","hentry","product_cat-taller-de-globoflexia","product_cat-talleres-infantiles"],"aioseo_notices":[],"yoast_head":"<!-- This site is optimized with the Yoast SEO plugin v21.5 - https:\/\/yoast.com\/wordpress\/plugins\/seo\/ -->\n<title>Taller de globoflex\u00eda - Multi Diver<\/title>\n<meta name=\"robots\" content=\"index, follow, max-snippet:-1, max-image-preview:large, max-video-preview:-1\" \/>\n<link rel=\"canonical\" href=\"https:\/\/multi-diver.com\/producto\/taller-de-globusflexia\/\" \/>\n<meta property=\"og:locale\" content=\"es_ES\" \/>\n<meta property=\"og:type\" content=\"article\" \/>\n<meta property=\"og:title\" content=\"Taller de globoflex\u00eda - Multi Diver\" \/>\n<meta property=\"og:description\" content=\"La globoflex\u00eda es el arte de hacer figuras y formas en globos, desde una espada, una flor, un perro y hasta donde la imaginaci\u00f3n y la destreza nos traigan. Es una actividad que fomenta la creatividad y la imaginaci\u00f3n entre los ni\u00f1os ya que crean sus propias figuras y aprenden la destreza y la habilidad [&hellip;]\" \/>\n<meta property=\"og:url\" content=\"https:\/\/multi-diver.com\/producto\/taller-de-globusflexia\/\" \/>\n<meta property=\"og:site_name\" content=\"Multi Diver\" \/>\n<meta property=\"article:modified_time\" content=\"2023-07-20T14:57:43+00:00\" \/>\n<meta property=\"og:image\" content=\"https:\/\/multi-diver.com\/wp-content\/uploads\/2023\/03\/globusflexia.jpg\" \/>\n\t<meta property=\"og:image:width\" content=\"800\" \/>\n\t<meta property=\"og:image:height\" content=\"500\" \/>\n\t<meta property=\"og:image:type\" content=\"image\/jpeg\" \/>\n<meta name=\"twitter:card\" content=\"summary_large_image\" \/>\n<meta name=\"twitter:label1\" content=\"Tiempo de lectura\" \/>\n\t<meta name=\"twitter:data1\" content=\"1 minuto\" \/>\n<script type=\"application\/ld+json\" class=\"yoast-schema-graph\">{\"@context\":\"https:\/\/schema.org\",\"@graph\":[{\"@type\":\"WebPage\",\"@id\":\"https:\/\/multi-diver.com\/producto\/taller-de-globusflexia\/\",\"url\":\"https:\/\/multi-diver.com\/producto\/taller-de-globusflexia\/\",\"name\":\"Taller de globoflex\u00eda - Multi Diver\",\"isPartOf\":{\"@id\":\"https:\/\/multi-diver.com\/#website\"},\"datePublished\":\"2023-03-16T11:32:45+00:00\",\"dateModified\":\"2023-07-20T14:57:43+00:00\",\"breadcrumb\":{\"@id\":\"https:\/\/multi-diver.com\/producto\/taller-de-globusflexia\/#breadcrumb\"},\"inLanguage\":\"es\",\"potentialAction\":[{\"@type\":\"ReadAction\",\"target\":[\"https:\/\/multi-diver.com\/producto\/taller-de-globusflexia\/\"]}]},{\"@type\":\"BreadcrumbList\",\"@id\":\"https:\/\/multi-diver.com\/producto\/taller-de-globusflexia\/#breadcrumb\",\"itemListElement\":[{\"@type\":\"ListItem\",\"position\":1,\"name\":\"Inici\",\"item\":\"https:\/\/multi-diver.com\/\"},{\"@type\":\"ListItem\",\"position\":2,\"name\":\"Cat\u00e1logo\",\"item\":\"https:\/\/multi-diver.com\/cataleg\/\"},{\"@type\":\"ListItem\",\"position\":3,\"name\":\"Taller de globoflex\u00eda\"}]},{\"@type\":\"WebSite\",\"@id\":\"https:\/\/multi-diver.com\/#website\",\"url\":\"https:\/\/multi-diver.com\/\",\"name\":\"Multi Diver\",\"description\":\"Lloguer d&#039;atraccions i castells inflables\",\"potentialAction\":[{\"@type\":\"SearchAction\",\"target\":{\"@type\":\"EntryPoint\",\"urlTemplate\":\"https:\/\/multi-diver.com\/?s={search_term_string}\"},\"query-input\":\"required name=search_term_string\"}],\"inLanguage\":\"es\"}]}<\/script>\n<!-- \/ Yoast SEO plugin. -->","yoast_head_json":{"title":"Taller de globoflex\u00eda - Multi Diver","robots":{"index":"index","follow":"follow","max-snippet":"max-snippet:-1","max-image-preview":"max-image-preview:large","max-video-preview":"max-video-preview:-1"},"canonical":"https:\/\/multi-diver.com\/producto\/taller-de-globusflexia\/","og_locale":"es_ES","og_type":"article","og_title":"Taller de globoflex\u00eda - Multi Diver","og_description":"La globoflex\u00eda es el arte de hacer figuras y formas en globos, desde una espada, una flor, un perro y hasta donde la imaginaci\u00f3n y la destreza nos traigan. Es una actividad que fomenta la creatividad y la imaginaci\u00f3n entre los ni\u00f1os ya que crean sus propias figuras y aprenden la destreza y la habilidad [&hellip;]","og_url":"https:\/\/multi-diver.com\/producto\/taller-de-globusflexia\/","og_site_name":"Multi Diver","article_modified_time":"2023-07-20T14:57:43+00:00","og_image":[{"width":800,"height":500,"url":"https:\/\/multi-diver.com\/wp-content\/uploads\/2023\/03\/globusflexia.jpg","type":"image\/jpeg"}],"twitter_card":"summary_large_image","twitter_misc":{"Tiempo de lectura":"1 minuto"},"schema":{"@context":"https:\/\/schema.org","@graph":[{"@type":"WebPage","@id":"https:\/\/multi-diver.com\/producto\/taller-de-globusflexia\/","url":"https:\/\/multi-diver.com\/producto\/taller-de-globusflexia\/","name":"Taller de globoflex\u00eda - Multi Diver","isPartOf":{"@id":"https:\/\/multi-diver.com\/#website"},"datePublished":"2023-03-16T11:32:45+00:00","dateModified":"2023-07-20T14:57:43+00:00","breadcrumb":{"@id":"https:\/\/multi-diver.com\/producto\/taller-de-globusflexia\/#breadcrumb"},"inLanguage":"es","potentialAction":[{"@type":"ReadAction","target":["https:\/\/multi-diver.com\/producto\/taller-de-globusflexia\/"]}]},{"@type":"BreadcrumbList","@id":"https:\/\/multi-diver.com\/producto\/taller-de-globusflexia\/#breadcrumb","itemListElement":[{"@type":"ListItem","position":1,"name":"Inici","item":"https:\/\/multi-diver.com\/"},{"@type":"ListItem","position":2,"name":"Cat\u00e1logo","item":"https:\/\/multi-diver.com\/cataleg\/"},{"@type":"ListItem","position":3,"name":"Taller de globoflex\u00eda"}]},{"@type":"WebSite","@id":"https:\/\/multi-diver.com\/#website","url":"https:\/\/multi-diver.com\/","name":"Multi Diver","description":"Lloguer d&#039;atraccions i castells inflables","potentialAction":[{"@type":"SearchAction","target":{"@type":"EntryPoint","urlTemplate":"https:\/\/multi-diver.com\/?s={search_term_string}"},"query-input":"required name=search_term_string"}],"inLanguage":"es"}]}},"_links":{"self":[{"href":"https:\/\/multi-diver.com\/es\/wp-json\/wp\/v2\/product\/8199","targetHints":{"allow":["GET"]}}],"collection":[{"href":"https:\/\/multi-diver.com\/es\/wp-json\/wp\/v2\/product"}],"about":[{"href":"https:\/\/multi-diver.com\/es\/wp-json\/wp\/v2\/types\/product"}],"wp:featuredmedia":[{"embeddable":true,"href":"https:\/\/multi-diver.com\/es\/wp-json\/wp\/v2\/media\/8001"}],"wp:attachment":[{"href":"https:\/\/multi-diver.com\/es\/wp-json\/wp\/v2\/media?parent=8199"}],"wp:term":[{"taxonomy":"product_cat","embeddable":true,"href":"https:\/\/multi-diver.com\/es\/wp-json\/wp\/v2\/product_cat?post=8199"},{"taxonomy":"product_tag","embeddable":true,"href":"https:\/\/multi-diver.com\/es\/wp-json\/wp\/v2\/product_tag?post=8199"}],"curies":[{"name":"wp","href":"https:\/\/api.w.org\/{rel}","templated":true}]}}