{"id":8200,"date":"2023-03-16T12:30:05","date_gmt":"2023-03-16T11:30:05","guid":{"rendered":"https:\/\/multi-diver.com\/product\/taller-pinta-caras\/"},"modified":"2023-07-20T16:58:07","modified_gmt":"2023-07-20T14:58:07","slug":"taller-pinta-caras","status":"publish","type":"product","link":"https:\/\/multi-diver.com\/es\/producto\/taller-pinta-caras\/","title":{"rendered":"Taller pinta caras"},"content":{"rendered":"<p>\u00a1Animales, hadas, super h\u00e9roes, princesas! Todo tipo de maquillaje de fantas\u00eda realizado por monitores de Multi-Diver que dominan la t\u00e9cnica del maquillaje.<\/p>\n<p>Utilizamos maquillaje de fantas\u00eda profesional, una pintura antial\u00e9rgica con la que podemos pintar la cara de los ni\u00f1os\/as con todas las garant\u00edas de calidad.<\/p>\n<p>Tambi\u00e9n realizamos maquillaje de tem\u00e1ticas concretas seg\u00fan la fiesta y\/o \u00e9poca del a\u00f1o:<\/p>\n<ul>\n<li>Carnaval<\/li>\n<li>San Jorge<\/li>\n<li>Hallowen<\/li>\n<li>Navidad<\/li>\n<li>Otros temas que pueda interesarle<\/li>\n<\/ul>\n","protected":false},"excerpt":{"rendered":"<p>\u00a1Animales, hadas, super h\u00e9roes, princesas! Todo tipo de maquillaje de fantas\u00eda realizado por monitores de Multi-Diver que dominan la t\u00e9cnica del maquillaje. Utilizamos maquillaje de fantas\u00eda profesional, una pintura antial\u00e9rgica con la que podemos pintar la cara de los ni\u00f1os\/as con todas las garant\u00edas de calidad. Tambi\u00e9n realizamos maquillaje de tem\u00e1ticas concretas seg\u00fan la fiesta [&hellip;]<\/p>\n","protected":false},"featured_media":8000,"template":"","meta":{"om_disable_all_campaigns":false,"_monsterinsights_skip_tracking":false,"_monsterinsights_sitenote_active":false,"_monsterinsights_sitenote_note":"","_monsterinsights_sitenote_category":0},"product_cat":[126,124],"product_tag":[],"class_list":["post-8200","product","type-product","status-publish","has-post-thumbnail","hentry","product_cat-taller-pintacaras","product_cat-talleres-infantiles"],"aioseo_notices":[],"yoast_head":"<!-- This site is optimized with the Yoast SEO plugin v21.5 - https:\/\/yoast.com\/wordpress\/plugins\/seo\/ -->\n<title>Taller pinta caras - Multi Diver<\/title>\n<meta name=\"robots\" content=\"index, follow, max-snippet:-1, max-image-preview:large, max-video-preview:-1\" \/>\n<link rel=\"canonical\" href=\"https:\/\/multi-diver.com\/producto\/taller-pinta-cares\/\" \/>\n<meta property=\"og:locale\" content=\"es_ES\" \/>\n<meta property=\"og:type\" content=\"article\" \/>\n<meta property=\"og:title\" content=\"Taller pinta caras - Multi Diver\" \/>\n<meta property=\"og:description\" content=\"\u00a1Animales, hadas, super h\u00e9roes, princesas! Todo tipo de maquillaje de fantas\u00eda realizado por monitores de Multi-Diver que dominan la t\u00e9cnica del maquillaje. Utilizamos maquillaje de fantas\u00eda profesional, una pintura antial\u00e9rgica con la que podemos pintar la cara de los ni\u00f1os\/as con todas las garant\u00edas de calidad. Tambi\u00e9n realizamos maquillaje de tem\u00e1ticas concretas seg\u00fan la fiesta [&hellip;]\" \/>\n<meta property=\"og:url\" content=\"https:\/\/multi-diver.com\/producto\/taller-pinta-cares\/\" \/>\n<meta property=\"og:site_name\" content=\"Multi Diver\" \/>\n<meta property=\"article:modified_time\" content=\"2023-07-20T14:58:07+00:00\" \/>\n<meta property=\"og:image\" content=\"https:\/\/multi-diver.com\/wp-content\/uploads\/2023\/03\/taller-pinta-cares.jpg\" \/>\n\t<meta property=\"og:image:width\" content=\"800\" \/>\n\t<meta property=\"og:image:height\" content=\"500\" \/>\n\t<meta property=\"og:image:type\" content=\"image\/jpeg\" \/>\n<meta name=\"twitter:card\" content=\"summary_large_image\" \/>\n<script type=\"application\/ld+json\" class=\"yoast-schema-graph\">{\"@context\":\"https:\/\/schema.org\",\"@graph\":[{\"@type\":\"WebPage\",\"@id\":\"https:\/\/multi-diver.com\/producto\/taller-pinta-cares\/\",\"url\":\"https:\/\/multi-diver.com\/producto\/taller-pinta-cares\/\",\"name\":\"Taller pinta caras - Multi Diver\",\"isPartOf\":{\"@id\":\"https:\/\/multi-diver.com\/#website\"},\"datePublished\":\"2023-03-16T11:30:05+00:00\",\"dateModified\":\"2023-07-20T14:58:07+00:00\",\"breadcrumb\":{\"@id\":\"https:\/\/multi-diver.com\/producto\/taller-pinta-cares\/#breadcrumb\"},\"inLanguage\":\"es\",\"potentialAction\":[{\"@type\":\"ReadAction\",\"target\":[\"https:\/\/multi-diver.com\/producto\/taller-pinta-cares\/\"]}]},{\"@type\":\"BreadcrumbList\",\"@id\":\"https:\/\/multi-diver.com\/producto\/taller-pinta-cares\/#breadcrumb\",\"itemListElement\":[{\"@type\":\"ListItem\",\"position\":1,\"name\":\"Inici\",\"item\":\"https:\/\/multi-diver.com\/\"},{\"@type\":\"ListItem\",\"position\":2,\"name\":\"Cat\u00e1logo\",\"item\":\"https:\/\/multi-diver.com\/cataleg\/\"},{\"@type\":\"ListItem\",\"position\":3,\"name\":\"Taller pinta caras\"}]},{\"@type\":\"WebSite\",\"@id\":\"https:\/\/multi-diver.com\/#website\",\"url\":\"https:\/\/multi-diver.com\/\",\"name\":\"Multi Diver\",\"description\":\"Lloguer d&#039;atraccions i castells inflables\",\"potentialAction\":[{\"@type\":\"SearchAction\",\"target\":{\"@type\":\"EntryPoint\",\"urlTemplate\":\"https:\/\/multi-diver.com\/?s={search_term_string}\"},\"query-input\":\"required name=search_term_string\"}],\"inLanguage\":\"es\"}]}<\/script>\n<!-- \/ Yoast SEO plugin. -->","yoast_head_json":{"title":"Taller pinta caras - Multi Diver","robots":{"index":"index","follow":"follow","max-snippet":"max-snippet:-1","max-image-preview":"max-image-preview:large","max-video-preview":"max-video-preview:-1"},"canonical":"https:\/\/multi-diver.com\/producto\/taller-pinta-cares\/","og_locale":"es_ES","og_type":"article","og_title":"Taller pinta caras - Multi Diver","og_description":"\u00a1Animales, hadas, super h\u00e9roes, princesas! Todo tipo de maquillaje de fantas\u00eda realizado por monitores de Multi-Diver que dominan la t\u00e9cnica del maquillaje. Utilizamos maquillaje de fantas\u00eda profesional, una pintura antial\u00e9rgica con la que podemos pintar la cara de los ni\u00f1os\/as con todas las garant\u00edas de calidad. Tambi\u00e9n realizamos maquillaje de tem\u00e1ticas concretas seg\u00fan la fiesta [&hellip;]","og_url":"https:\/\/multi-diver.com\/producto\/taller-pinta-cares\/","og_site_name":"Multi Diver","article_modified_time":"2023-07-20T14:58:07+00:00","og_image":[{"width":800,"height":500,"url":"https:\/\/multi-diver.com\/wp-content\/uploads\/2023\/03\/taller-pinta-cares.jpg","type":"image\/jpeg"}],"twitter_card":"summary_large_image","schema":{"@context":"https:\/\/schema.org","@graph":[{"@type":"WebPage","@id":"https:\/\/multi-diver.com\/producto\/taller-pinta-cares\/","url":"https:\/\/multi-diver.com\/producto\/taller-pinta-cares\/","name":"Taller pinta caras - Multi Diver","isPartOf":{"@id":"https:\/\/multi-diver.com\/#website"},"datePublished":"2023-03-16T11:30:05+00:00","dateModified":"2023-07-20T14:58:07+00:00","breadcrumb":{"@id":"https:\/\/multi-diver.com\/producto\/taller-pinta-cares\/#breadcrumb"},"inLanguage":"es","potentialAction":[{"@type":"ReadAction","target":["https:\/\/multi-diver.com\/producto\/taller-pinta-cares\/"]}]},{"@type":"BreadcrumbList","@id":"https:\/\/multi-diver.com\/producto\/taller-pinta-cares\/#breadcrumb","itemListElement":[{"@type":"ListItem","position":1,"name":"Inici","item":"https:\/\/multi-diver.com\/"},{"@type":"ListItem","position":2,"name":"Cat\u00e1logo","item":"https:\/\/multi-diver.com\/cataleg\/"},{"@type":"ListItem","position":3,"name":"Taller pinta caras"}]},{"@type":"WebSite","@id":"https:\/\/multi-diver.com\/#website","url":"https:\/\/multi-diver.com\/","name":"Multi Diver","description":"Lloguer d&#039;atraccions i castells inflables","potentialAction":[{"@type":"SearchAction","target":{"@type":"EntryPoint","urlTemplate":"https:\/\/multi-diver.com\/?s={search_term_string}"},"query-input":"required name=search_term_string"}],"inLanguage":"es"}]}},"_links":{"self":[{"href":"https:\/\/multi-diver.com\/es\/wp-json\/wp\/v2\/product\/8200","targetHints":{"allow":["GET"]}}],"collection":[{"href":"https:\/\/multi-diver.com\/es\/wp-json\/wp\/v2\/product"}],"about":[{"href":"https:\/\/multi-diver.com\/es\/wp-json\/wp\/v2\/types\/product"}],"wp:featuredmedia":[{"embeddable":true,"href":"https:\/\/multi-diver.com\/es\/wp-json\/wp\/v2\/media\/8000"}],"wp:attachment":[{"href":"https:\/\/multi-diver.com\/es\/wp-json\/wp\/v2\/media?parent=8200"}],"wp:term":[{"taxonomy":"product_cat","embeddable":true,"href":"https:\/\/multi-diver.com\/es\/wp-json\/wp\/v2\/product_cat?post=8200"},{"taxonomy":"product_tag","embeddable":true,"href":"https:\/\/multi-diver.com\/es\/wp-json\/wp\/v2\/product_tag?post=8200"}],"curies":[{"name":"wp","href":"https:\/\/api.w.org\/{rel}","templated":true}]}}