{"id":8204,"date":"2023-03-16T12:51:28","date_gmt":"2023-03-16T11:51:28","guid":{"rendered":"https:\/\/multi-diver.com\/product\/talleres-tematicos\/"},"modified":"2023-07-20T16:57:32","modified_gmt":"2023-07-20T14:57:32","slug":"talleres-tematicos","status":"publish","type":"product","link":"https:\/\/multi-diver.com\/es\/producto\/talleres-tematicos\/","title":{"rendered":"Talleres tem\u00e1ticos"},"content":{"rendered":"<p>Los talleres tem\u00e1ticos infantiles son espacios donde ni\u00f1os y ni\u00f1as pueden desarrollar su creatividad y socializar realizando diferentes tipos de actividades.<\/p>\n<p>Aparte de los t\u00edpicos talleres de todo el a\u00f1o, le ofrecemos talleres concretos y espec\u00edficos para \u00e9pocas como:<\/p>\n<ul>\n<li>Navidad-Reyes<\/li>\n<li>Carnaval<\/li>\n<li>San Jorge<\/li>\n<li>La casta\u00f1ada y\/o Halloween<\/li>\n<\/ul>\n<p>Apto para todas las edades.<\/p>\n","protected":false},"excerpt":{"rendered":"<p>Los talleres tem\u00e1ticos infantiles son espacios donde ni\u00f1os y ni\u00f1as pueden desarrollar su creatividad y socializar realizando diferentes tipos de actividades. Aparte de los t\u00edpicos talleres de todo el a\u00f1o, le ofrecemos talleres concretos y espec\u00edficos para \u00e9pocas como: Navidad-Reyes Carnaval San Jorge La casta\u00f1ada y\/o Halloween Apto para todas las edades.<\/p>\n","protected":false},"featured_media":7980,"template":"","meta":{"om_disable_all_campaigns":false,"_monsterinsights_skip_tracking":false,"_monsterinsights_sitenote_active":false,"_monsterinsights_sitenote_note":"","_monsterinsights_sitenote_category":0},"product_cat":[124,130],"product_tag":[],"class_list":["post-8204","product","type-product","status-publish","has-post-thumbnail","hentry","product_cat-talleres-infantiles","product_cat-talleres-tematicos"],"aioseo_notices":[],"yoast_head":"<!-- This site is optimized with the Yoast SEO plugin v21.5 - https:\/\/yoast.com\/wordpress\/plugins\/seo\/ -->\n<title>Talleres tem\u00e1ticos - Multi Diver<\/title>\n<meta name=\"robots\" content=\"index, follow, max-snippet:-1, max-image-preview:large, max-video-preview:-1\" \/>\n<link rel=\"canonical\" href=\"https:\/\/multi-diver.com\/producto\/tallers-tematics\/\" \/>\n<meta property=\"og:locale\" content=\"es_ES\" \/>\n<meta property=\"og:type\" content=\"article\" \/>\n<meta property=\"og:title\" content=\"Talleres tem\u00e1ticos - Multi Diver\" \/>\n<meta property=\"og:description\" content=\"Los talleres tem\u00e1ticos infantiles son espacios donde ni\u00f1os y ni\u00f1as pueden desarrollar su creatividad y socializar realizando diferentes tipos de actividades. Aparte de los t\u00edpicos talleres de todo el a\u00f1o, le ofrecemos talleres concretos y espec\u00edficos para \u00e9pocas como: Navidad-Reyes Carnaval San Jorge La casta\u00f1ada y\/o Halloween Apto para todas las edades.\" \/>\n<meta property=\"og:url\" content=\"https:\/\/multi-diver.com\/producto\/tallers-tematics\/\" \/>\n<meta property=\"og:site_name\" content=\"Multi Diver\" \/>\n<meta property=\"article:modified_time\" content=\"2023-07-20T14:57:32+00:00\" \/>\n<meta property=\"og:image\" content=\"https:\/\/multi-diver.com\/wp-content\/uploads\/2023\/03\/tallers-tematics-1.jpg\" \/>\n\t<meta property=\"og:image:width\" content=\"800\" \/>\n\t<meta property=\"og:image:height\" content=\"500\" \/>\n\t<meta property=\"og:image:type\" content=\"image\/jpeg\" \/>\n<meta name=\"twitter:card\" content=\"summary_large_image\" \/>\n<script type=\"application\/ld+json\" class=\"yoast-schema-graph\">{\"@context\":\"https:\/\/schema.org\",\"@graph\":[{\"@type\":\"WebPage\",\"@id\":\"https:\/\/multi-diver.com\/producto\/tallers-tematics\/\",\"url\":\"https:\/\/multi-diver.com\/producto\/tallers-tematics\/\",\"name\":\"Talleres tem\u00e1ticos - Multi Diver\",\"isPartOf\":{\"@id\":\"https:\/\/multi-diver.com\/#website\"},\"datePublished\":\"2023-03-16T11:51:28+00:00\",\"dateModified\":\"2023-07-20T14:57:32+00:00\",\"breadcrumb\":{\"@id\":\"https:\/\/multi-diver.com\/producto\/tallers-tematics\/#breadcrumb\"},\"inLanguage\":\"es\",\"potentialAction\":[{\"@type\":\"ReadAction\",\"target\":[\"https:\/\/multi-diver.com\/producto\/tallers-tematics\/\"]}]},{\"@type\":\"BreadcrumbList\",\"@id\":\"https:\/\/multi-diver.com\/producto\/tallers-tematics\/#breadcrumb\",\"itemListElement\":[{\"@type\":\"ListItem\",\"position\":1,\"name\":\"Inici\",\"item\":\"https:\/\/multi-diver.com\/\"},{\"@type\":\"ListItem\",\"position\":2,\"name\":\"Cat\u00e1logo\",\"item\":\"https:\/\/multi-diver.com\/cataleg\/\"},{\"@type\":\"ListItem\",\"position\":3,\"name\":\"Talleres tem\u00e1ticos\"}]},{\"@type\":\"WebSite\",\"@id\":\"https:\/\/multi-diver.com\/#website\",\"url\":\"https:\/\/multi-diver.com\/\",\"name\":\"Multi Diver\",\"description\":\"Lloguer d&#039;atraccions i castells inflables\",\"potentialAction\":[{\"@type\":\"SearchAction\",\"target\":{\"@type\":\"EntryPoint\",\"urlTemplate\":\"https:\/\/multi-diver.com\/?s={search_term_string}\"},\"query-input\":\"required name=search_term_string\"}],\"inLanguage\":\"es\"}]}<\/script>\n<!-- \/ Yoast SEO plugin. -->","yoast_head_json":{"title":"Talleres tem\u00e1ticos - Multi Diver","robots":{"index":"index","follow":"follow","max-snippet":"max-snippet:-1","max-image-preview":"max-image-preview:large","max-video-preview":"max-video-preview:-1"},"canonical":"https:\/\/multi-diver.com\/producto\/tallers-tematics\/","og_locale":"es_ES","og_type":"article","og_title":"Talleres tem\u00e1ticos - Multi Diver","og_description":"Los talleres tem\u00e1ticos infantiles son espacios donde ni\u00f1os y ni\u00f1as pueden desarrollar su creatividad y socializar realizando diferentes tipos de actividades. Aparte de los t\u00edpicos talleres de todo el a\u00f1o, le ofrecemos talleres concretos y espec\u00edficos para \u00e9pocas como: Navidad-Reyes Carnaval San Jorge La casta\u00f1ada y\/o Halloween Apto para todas las edades.","og_url":"https:\/\/multi-diver.com\/producto\/tallers-tematics\/","og_site_name":"Multi Diver","article_modified_time":"2023-07-20T14:57:32+00:00","og_image":[{"width":800,"height":500,"url":"https:\/\/multi-diver.com\/wp-content\/uploads\/2023\/03\/tallers-tematics-1.jpg","type":"image\/jpeg"}],"twitter_card":"summary_large_image","schema":{"@context":"https:\/\/schema.org","@graph":[{"@type":"WebPage","@id":"https:\/\/multi-diver.com\/producto\/tallers-tematics\/","url":"https:\/\/multi-diver.com\/producto\/tallers-tematics\/","name":"Talleres tem\u00e1ticos - Multi Diver","isPartOf":{"@id":"https:\/\/multi-diver.com\/#website"},"datePublished":"2023-03-16T11:51:28+00:00","dateModified":"2023-07-20T14:57:32+00:00","breadcrumb":{"@id":"https:\/\/multi-diver.com\/producto\/tallers-tematics\/#breadcrumb"},"inLanguage":"es","potentialAction":[{"@type":"ReadAction","target":["https:\/\/multi-diver.com\/producto\/tallers-tematics\/"]}]},{"@type":"BreadcrumbList","@id":"https:\/\/multi-diver.com\/producto\/tallers-tematics\/#breadcrumb","itemListElement":[{"@type":"ListItem","position":1,"name":"Inici","item":"https:\/\/multi-diver.com\/"},{"@type":"ListItem","position":2,"name":"Cat\u00e1logo","item":"https:\/\/multi-diver.com\/cataleg\/"},{"@type":"ListItem","position":3,"name":"Talleres tem\u00e1ticos"}]},{"@type":"WebSite","@id":"https:\/\/multi-diver.com\/#website","url":"https:\/\/multi-diver.com\/","name":"Multi Diver","description":"Lloguer d&#039;atraccions i castells inflables","potentialAction":[{"@type":"SearchAction","target":{"@type":"EntryPoint","urlTemplate":"https:\/\/multi-diver.com\/?s={search_term_string}"},"query-input":"required name=search_term_string"}],"inLanguage":"es"}]}},"_links":{"self":[{"href":"https:\/\/multi-diver.com\/es\/wp-json\/wp\/v2\/product\/8204","targetHints":{"allow":["GET"]}}],"collection":[{"href":"https:\/\/multi-diver.com\/es\/wp-json\/wp\/v2\/product"}],"about":[{"href":"https:\/\/multi-diver.com\/es\/wp-json\/wp\/v2\/types\/product"}],"wp:featuredmedia":[{"embeddable":true,"href":"https:\/\/multi-diver.com\/es\/wp-json\/wp\/v2\/media\/7980"}],"wp:attachment":[{"href":"https:\/\/multi-diver.com\/es\/wp-json\/wp\/v2\/media?parent=8204"}],"wp:term":[{"taxonomy":"product_cat","embeddable":true,"href":"https:\/\/multi-diver.com\/es\/wp-json\/wp\/v2\/product_cat?post=8204"},{"taxonomy":"product_tag","embeddable":true,"href":"https:\/\/multi-diver.com\/es\/wp-json\/wp\/v2\/product_tag?post=8204"}],"curies":[{"name":"wp","href":"https:\/\/api.w.org\/{rel}","templated":true}]}}