{"id":8207,"date":"2023-03-16T11:49:39","date_gmt":"2023-03-16T10:49:39","guid":{"rendered":"https:\/\/multi-diver.com\/product\/circuito-de-balanzbikes\/"},"modified":"2023-07-20T16:58:15","modified_gmt":"2023-07-20T14:58:15","slug":"circuito-de-balanzbikes","status":"publish","type":"product","link":"https:\/\/multi-diver.com\/es\/producto\/circuito-de-balanzbikes\/","title":{"rendered":"Circuito de balanzbikes"},"content":{"rendered":"<p>El circuito de balanzbikes consta de unas bicicletas sin volante ni manillar. Los giros se realizan mediante suaves movimientos de cintura y para frenar se pedalea al rev\u00e9s.<\/p>\n<p>Son f\u00e1ciles de conducir y la sensaci\u00f3n de velocidad es fant\u00e1stica.<\/p>\n<p>Es para ni\u00f1os y ni\u00f1as a partir de 8 a\u00f1os y hasta adultos.<\/p>\n<p>Ideal para todo tipo de eventos: fiestas mayores, fiestas escolares, promociones de empresa&#8230;<\/p>\n<p><strong>Detalles de la atracci\u00f3n<\/strong><\/p>\n<ul>\n<li><strong>Medidas circuito<\/strong>: 9 m x 16 m<\/li>\n<li><strong>Capacidad<\/strong>: Aproximadamente 40 ni\u00f1os \/ hora<\/li>\n<\/ul>\n","protected":false},"excerpt":{"rendered":"<p>El circuito de balanzbikes consta de unas bicicletas sin volante ni manillar. Los giros se realizan mediante suaves movimientos de cintura y para frenar se pedalea al rev\u00e9s. Son f\u00e1ciles de conducir y la sensaci\u00f3n de velocidad es fant\u00e1stica. Es para ni\u00f1os y ni\u00f1as a partir de 8 a\u00f1os y hasta adultos. Ideal para todo [&hellip;]<\/p>\n","protected":false},"featured_media":7962,"template":"","meta":{"om_disable_all_campaigns":false,"_monsterinsights_skip_tracking":false,"_monsterinsights_sitenote_active":false,"_monsterinsights_sitenote_note":"","_monsterinsights_sitenote_category":0},"product_cat":[134,132],"product_tag":[],"class_list":["post-8207","product","type-product","status-publish","has-post-thumbnail","hentry","product_cat-circuito-de-balanz-bike","product_cat-circuitos"],"aioseo_notices":[],"yoast_head":"<!-- This site is optimized with the Yoast SEO plugin v21.5 - https:\/\/yoast.com\/wordpress\/plugins\/seo\/ -->\n<title>Circuito de balanzbikes - Multi Diver<\/title>\n<meta name=\"robots\" content=\"index, follow, max-snippet:-1, max-image-preview:large, max-video-preview:-1\" \/>\n<link rel=\"canonical\" href=\"https:\/\/multi-diver.com\/producto\/circuit-de-balanzbikes\/\" \/>\n<meta property=\"og:locale\" content=\"es_ES\" \/>\n<meta property=\"og:type\" content=\"article\" \/>\n<meta property=\"og:title\" content=\"Circuito de balanzbikes - Multi Diver\" \/>\n<meta property=\"og:description\" content=\"El circuito de balanzbikes consta de unas bicicletas sin volante ni manillar. Los giros se realizan mediante suaves movimientos de cintura y para frenar se pedalea al rev\u00e9s. Son f\u00e1ciles de conducir y la sensaci\u00f3n de velocidad es fant\u00e1stica. Es para ni\u00f1os y ni\u00f1as a partir de 8 a\u00f1os y hasta adultos. Ideal para todo [&hellip;]\" \/>\n<meta property=\"og:url\" content=\"https:\/\/multi-diver.com\/producto\/circuit-de-balanzbikes\/\" \/>\n<meta property=\"og:site_name\" content=\"Multi Diver\" \/>\n<meta property=\"article:modified_time\" content=\"2023-07-20T14:58:15+00:00\" \/>\n<meta property=\"og:image\" content=\"https:\/\/multi-diver.com\/wp-content\/uploads\/2023\/03\/balanzbikes.jpg\" \/>\n\t<meta property=\"og:image:width\" content=\"800\" \/>\n\t<meta property=\"og:image:height\" content=\"500\" \/>\n\t<meta property=\"og:image:type\" content=\"image\/jpeg\" \/>\n<meta name=\"twitter:card\" content=\"summary_large_image\" \/>\n<script type=\"application\/ld+json\" class=\"yoast-schema-graph\">{\"@context\":\"https:\/\/schema.org\",\"@graph\":[{\"@type\":\"WebPage\",\"@id\":\"https:\/\/multi-diver.com\/producto\/circuit-de-balanzbikes\/\",\"url\":\"https:\/\/multi-diver.com\/producto\/circuit-de-balanzbikes\/\",\"name\":\"Circuito de balanzbikes - Multi Diver\",\"isPartOf\":{\"@id\":\"https:\/\/multi-diver.com\/#website\"},\"datePublished\":\"2023-03-16T10:49:39+00:00\",\"dateModified\":\"2023-07-20T14:58:15+00:00\",\"breadcrumb\":{\"@id\":\"https:\/\/multi-diver.com\/producto\/circuit-de-balanzbikes\/#breadcrumb\"},\"inLanguage\":\"es\",\"potentialAction\":[{\"@type\":\"ReadAction\",\"target\":[\"https:\/\/multi-diver.com\/producto\/circuit-de-balanzbikes\/\"]}]},{\"@type\":\"BreadcrumbList\",\"@id\":\"https:\/\/multi-diver.com\/producto\/circuit-de-balanzbikes\/#breadcrumb\",\"itemListElement\":[{\"@type\":\"ListItem\",\"position\":1,\"name\":\"Inici\",\"item\":\"https:\/\/multi-diver.com\/\"},{\"@type\":\"ListItem\",\"position\":2,\"name\":\"Cat\u00e1logo\",\"item\":\"https:\/\/multi-diver.com\/cataleg\/\"},{\"@type\":\"ListItem\",\"position\":3,\"name\":\"Circuito de balanzbikes\"}]},{\"@type\":\"WebSite\",\"@id\":\"https:\/\/multi-diver.com\/#website\",\"url\":\"https:\/\/multi-diver.com\/\",\"name\":\"Multi Diver\",\"description\":\"Lloguer d&#039;atraccions i castells inflables\",\"potentialAction\":[{\"@type\":\"SearchAction\",\"target\":{\"@type\":\"EntryPoint\",\"urlTemplate\":\"https:\/\/multi-diver.com\/?s={search_term_string}\"},\"query-input\":\"required name=search_term_string\"}],\"inLanguage\":\"es\"}]}<\/script>\n<!-- \/ Yoast SEO plugin. -->","yoast_head_json":{"title":"Circuito de balanzbikes - Multi Diver","robots":{"index":"index","follow":"follow","max-snippet":"max-snippet:-1","max-image-preview":"max-image-preview:large","max-video-preview":"max-video-preview:-1"},"canonical":"https:\/\/multi-diver.com\/producto\/circuit-de-balanzbikes\/","og_locale":"es_ES","og_type":"article","og_title":"Circuito de balanzbikes - Multi Diver","og_description":"El circuito de balanzbikes consta de unas bicicletas sin volante ni manillar. Los giros se realizan mediante suaves movimientos de cintura y para frenar se pedalea al rev\u00e9s. Son f\u00e1ciles de conducir y la sensaci\u00f3n de velocidad es fant\u00e1stica. Es para ni\u00f1os y ni\u00f1as a partir de 8 a\u00f1os y hasta adultos. Ideal para todo [&hellip;]","og_url":"https:\/\/multi-diver.com\/producto\/circuit-de-balanzbikes\/","og_site_name":"Multi Diver","article_modified_time":"2023-07-20T14:58:15+00:00","og_image":[{"width":800,"height":500,"url":"https:\/\/multi-diver.com\/wp-content\/uploads\/2023\/03\/balanzbikes.jpg","type":"image\/jpeg"}],"twitter_card":"summary_large_image","schema":{"@context":"https:\/\/schema.org","@graph":[{"@type":"WebPage","@id":"https:\/\/multi-diver.com\/producto\/circuit-de-balanzbikes\/","url":"https:\/\/multi-diver.com\/producto\/circuit-de-balanzbikes\/","name":"Circuito de balanzbikes - Multi Diver","isPartOf":{"@id":"https:\/\/multi-diver.com\/#website"},"datePublished":"2023-03-16T10:49:39+00:00","dateModified":"2023-07-20T14:58:15+00:00","breadcrumb":{"@id":"https:\/\/multi-diver.com\/producto\/circuit-de-balanzbikes\/#breadcrumb"},"inLanguage":"es","potentialAction":[{"@type":"ReadAction","target":["https:\/\/multi-diver.com\/producto\/circuit-de-balanzbikes\/"]}]},{"@type":"BreadcrumbList","@id":"https:\/\/multi-diver.com\/producto\/circuit-de-balanzbikes\/#breadcrumb","itemListElement":[{"@type":"ListItem","position":1,"name":"Inici","item":"https:\/\/multi-diver.com\/"},{"@type":"ListItem","position":2,"name":"Cat\u00e1logo","item":"https:\/\/multi-diver.com\/cataleg\/"},{"@type":"ListItem","position":3,"name":"Circuito de balanzbikes"}]},{"@type":"WebSite","@id":"https:\/\/multi-diver.com\/#website","url":"https:\/\/multi-diver.com\/","name":"Multi Diver","description":"Lloguer d&#039;atraccions i castells inflables","potentialAction":[{"@type":"SearchAction","target":{"@type":"EntryPoint","urlTemplate":"https:\/\/multi-diver.com\/?s={search_term_string}"},"query-input":"required name=search_term_string"}],"inLanguage":"es"}]}},"_links":{"self":[{"href":"https:\/\/multi-diver.com\/es\/wp-json\/wp\/v2\/product\/8207","targetHints":{"allow":["GET"]}}],"collection":[{"href":"https:\/\/multi-diver.com\/es\/wp-json\/wp\/v2\/product"}],"about":[{"href":"https:\/\/multi-diver.com\/es\/wp-json\/wp\/v2\/types\/product"}],"wp:featuredmedia":[{"embeddable":true,"href":"https:\/\/multi-diver.com\/es\/wp-json\/wp\/v2\/media\/7962"}],"wp:attachment":[{"href":"https:\/\/multi-diver.com\/es\/wp-json\/wp\/v2\/media?parent=8207"}],"wp:term":[{"taxonomy":"product_cat","embeddable":true,"href":"https:\/\/multi-diver.com\/es\/wp-json\/wp\/v2\/product_cat?post=8207"},{"taxonomy":"product_tag","embeddable":true,"href":"https:\/\/multi-diver.com\/es\/wp-json\/wp\/v2\/product_tag?post=8207"}],"curies":[{"name":"wp","href":"https:\/\/api.w.org\/{rel}","templated":true}]}}