{"id":8210,"date":"2023-03-16T00:12:22","date_gmt":"2023-03-15T23:12:22","guid":{"rendered":"https:\/\/multi-diver.com\/product\/lego-gigante\/"},"modified":"2023-07-20T16:58:23","modified_gmt":"2023-07-20T14:58:23","slug":"lego-gigante","status":"publish","type":"product","link":"https:\/\/multi-diver.com\/es\/producto\/lego-gigante\/","title":{"rendered":"Lego gigante"},"content":{"rendered":"<p>La actividad de construcciones gigantes es uno de los juegos m\u00e1s cl\u00e1sicos que permite desarrollar en los ni\u00f1os\/as la imaginaci\u00f3n y capacidad de creaci\u00f3n, as\u00ed como el equilibrio y concentraci\u00f3n.<\/p>\n<p>Los ni\u00f1os\/as se lo pasan en grande creando todo tipo de estructuras y formas gigantes; un tren, una casa, una pared&#8230; \u00a1El \u00fanico l\u00edmite es su propia imaginaci\u00f3n!<\/p>\n<p>Y por supuesto, los mayores tambi\u00e9n pueden jugar y compartir estos hermosos ratos de creaci\u00f3n y diversi\u00f3n con los m\u00e1s peque\u00f1os.<\/p>\n<p>*Nuestros bloques de construcci\u00f3n cumplen las normativas de calidad y de material no t\u00f3xico para los ni\u00f1os.<\/p>\n<p>Todas las edades.<\/p>\n","protected":false},"excerpt":{"rendered":"<p>La actividad de construcciones gigantes es uno de los juegos m\u00e1s cl\u00e1sicos que permite desarrollar en los ni\u00f1os\/as la imaginaci\u00f3n y capacidad de creaci\u00f3n, as\u00ed como el equilibrio y concentraci\u00f3n. Los ni\u00f1os\/as se lo pasan en grande creando todo tipo de estructuras y formas gigantes; un tren, una casa, una pared&#8230; \u00a1El \u00fanico l\u00edmite es [&hellip;]<\/p>\n","protected":false},"featured_media":8038,"template":"","meta":{"om_disable_all_campaigns":false,"_monsterinsights_skip_tracking":false,"_monsterinsights_sitenote_active":false,"_monsterinsights_sitenote_note":"","_monsterinsights_sitenote_category":0},"product_cat":[136,137],"product_tag":[],"class_list":["post-8210","product","type-product","status-publish","has-post-thumbnail","hentry","product_cat-juegos-gigantes-tradicionales","product_cat-lego-gigante"],"aioseo_notices":[],"yoast_head":"<!-- This site is optimized with the Yoast SEO plugin v21.5 - https:\/\/yoast.com\/wordpress\/plugins\/seo\/ -->\n<title>Lego gigante - Multi Diver<\/title>\n<meta name=\"robots\" content=\"index, follow, max-snippet:-1, max-image-preview:large, max-video-preview:-1\" \/>\n<link rel=\"canonical\" href=\"https:\/\/multi-diver.com\/producto\/lego-gegant\/\" \/>\n<meta property=\"og:locale\" content=\"es_ES\" \/>\n<meta property=\"og:type\" content=\"article\" \/>\n<meta property=\"og:title\" content=\"Lego gigante - Multi Diver\" \/>\n<meta property=\"og:description\" content=\"La actividad de construcciones gigantes es uno de los juegos m\u00e1s cl\u00e1sicos que permite desarrollar en los ni\u00f1os\/as la imaginaci\u00f3n y capacidad de creaci\u00f3n, as\u00ed como el equilibrio y concentraci\u00f3n. Los ni\u00f1os\/as se lo pasan en grande creando todo tipo de estructuras y formas gigantes; un tren, una casa, una pared&#8230; \u00a1El \u00fanico l\u00edmite es [&hellip;]\" \/>\n<meta property=\"og:url\" content=\"https:\/\/multi-diver.com\/producto\/lego-gegant\/\" \/>\n<meta property=\"og:site_name\" content=\"Multi Diver\" \/>\n<meta property=\"article:modified_time\" content=\"2023-07-20T14:58:23+00:00\" \/>\n<meta property=\"og:image\" content=\"https:\/\/multi-diver.com\/wp-content\/uploads\/2023\/03\/lego-gegant-3-1.jpg\" \/>\n\t<meta property=\"og:image:width\" content=\"800\" \/>\n\t<meta property=\"og:image:height\" content=\"500\" \/>\n\t<meta property=\"og:image:type\" content=\"image\/jpeg\" \/>\n<meta name=\"twitter:card\" content=\"summary_large_image\" \/>\n<meta name=\"twitter:label1\" content=\"Tiempo de lectura\" \/>\n\t<meta name=\"twitter:data1\" content=\"1 minuto\" \/>\n<script type=\"application\/ld+json\" class=\"yoast-schema-graph\">{\"@context\":\"https:\/\/schema.org\",\"@graph\":[{\"@type\":\"WebPage\",\"@id\":\"https:\/\/multi-diver.com\/producto\/lego-gegant\/\",\"url\":\"https:\/\/multi-diver.com\/producto\/lego-gegant\/\",\"name\":\"Lego gigante - Multi Diver\",\"isPartOf\":{\"@id\":\"https:\/\/multi-diver.com\/#website\"},\"datePublished\":\"2023-03-15T23:12:22+00:00\",\"dateModified\":\"2023-07-20T14:58:23+00:00\",\"breadcrumb\":{\"@id\":\"https:\/\/multi-diver.com\/producto\/lego-gegant\/#breadcrumb\"},\"inLanguage\":\"es\",\"potentialAction\":[{\"@type\":\"ReadAction\",\"target\":[\"https:\/\/multi-diver.com\/producto\/lego-gegant\/\"]}]},{\"@type\":\"BreadcrumbList\",\"@id\":\"https:\/\/multi-diver.com\/producto\/lego-gegant\/#breadcrumb\",\"itemListElement\":[{\"@type\":\"ListItem\",\"position\":1,\"name\":\"Inici\",\"item\":\"https:\/\/multi-diver.com\/\"},{\"@type\":\"ListItem\",\"position\":2,\"name\":\"Cat\u00e1logo\",\"item\":\"https:\/\/multi-diver.com\/cataleg\/\"},{\"@type\":\"ListItem\",\"position\":3,\"name\":\"Lego gigante\"}]},{\"@type\":\"WebSite\",\"@id\":\"https:\/\/multi-diver.com\/#website\",\"url\":\"https:\/\/multi-diver.com\/\",\"name\":\"Multi Diver\",\"description\":\"Lloguer d&#039;atraccions i castells inflables\",\"potentialAction\":[{\"@type\":\"SearchAction\",\"target\":{\"@type\":\"EntryPoint\",\"urlTemplate\":\"https:\/\/multi-diver.com\/?s={search_term_string}\"},\"query-input\":\"required name=search_term_string\"}],\"inLanguage\":\"es\"}]}<\/script>\n<!-- \/ Yoast SEO plugin. -->","yoast_head_json":{"title":"Lego gigante - Multi Diver","robots":{"index":"index","follow":"follow","max-snippet":"max-snippet:-1","max-image-preview":"max-image-preview:large","max-video-preview":"max-video-preview:-1"},"canonical":"https:\/\/multi-diver.com\/producto\/lego-gegant\/","og_locale":"es_ES","og_type":"article","og_title":"Lego gigante - Multi Diver","og_description":"La actividad de construcciones gigantes es uno de los juegos m\u00e1s cl\u00e1sicos que permite desarrollar en los ni\u00f1os\/as la imaginaci\u00f3n y capacidad de creaci\u00f3n, as\u00ed como el equilibrio y concentraci\u00f3n. Los ni\u00f1os\/as se lo pasan en grande creando todo tipo de estructuras y formas gigantes; un tren, una casa, una pared&#8230; \u00a1El \u00fanico l\u00edmite es [&hellip;]","og_url":"https:\/\/multi-diver.com\/producto\/lego-gegant\/","og_site_name":"Multi Diver","article_modified_time":"2023-07-20T14:58:23+00:00","og_image":[{"width":800,"height":500,"url":"https:\/\/multi-diver.com\/wp-content\/uploads\/2023\/03\/lego-gegant-3-1.jpg","type":"image\/jpeg"}],"twitter_card":"summary_large_image","twitter_misc":{"Tiempo de lectura":"1 minuto"},"schema":{"@context":"https:\/\/schema.org","@graph":[{"@type":"WebPage","@id":"https:\/\/multi-diver.com\/producto\/lego-gegant\/","url":"https:\/\/multi-diver.com\/producto\/lego-gegant\/","name":"Lego gigante - Multi Diver","isPartOf":{"@id":"https:\/\/multi-diver.com\/#website"},"datePublished":"2023-03-15T23:12:22+00:00","dateModified":"2023-07-20T14:58:23+00:00","breadcrumb":{"@id":"https:\/\/multi-diver.com\/producto\/lego-gegant\/#breadcrumb"},"inLanguage":"es","potentialAction":[{"@type":"ReadAction","target":["https:\/\/multi-diver.com\/producto\/lego-gegant\/"]}]},{"@type":"BreadcrumbList","@id":"https:\/\/multi-diver.com\/producto\/lego-gegant\/#breadcrumb","itemListElement":[{"@type":"ListItem","position":1,"name":"Inici","item":"https:\/\/multi-diver.com\/"},{"@type":"ListItem","position":2,"name":"Cat\u00e1logo","item":"https:\/\/multi-diver.com\/cataleg\/"},{"@type":"ListItem","position":3,"name":"Lego gigante"}]},{"@type":"WebSite","@id":"https:\/\/multi-diver.com\/#website","url":"https:\/\/multi-diver.com\/","name":"Multi Diver","description":"Lloguer d&#039;atraccions i castells inflables","potentialAction":[{"@type":"SearchAction","target":{"@type":"EntryPoint","urlTemplate":"https:\/\/multi-diver.com\/?s={search_term_string}"},"query-input":"required name=search_term_string"}],"inLanguage":"es"}]}},"_links":{"self":[{"href":"https:\/\/multi-diver.com\/es\/wp-json\/wp\/v2\/product\/8210","targetHints":{"allow":["GET"]}}],"collection":[{"href":"https:\/\/multi-diver.com\/es\/wp-json\/wp\/v2\/product"}],"about":[{"href":"https:\/\/multi-diver.com\/es\/wp-json\/wp\/v2\/types\/product"}],"wp:featuredmedia":[{"embeddable":true,"href":"https:\/\/multi-diver.com\/es\/wp-json\/wp\/v2\/media\/8038"}],"wp:attachment":[{"href":"https:\/\/multi-diver.com\/es\/wp-json\/wp\/v2\/media?parent=8210"}],"wp:term":[{"taxonomy":"product_cat","embeddable":true,"href":"https:\/\/multi-diver.com\/es\/wp-json\/wp\/v2\/product_cat?post=8210"},{"taxonomy":"product_tag","embeddable":true,"href":"https:\/\/multi-diver.com\/es\/wp-json\/wp\/v2\/product_tag?post=8210"}],"curies":[{"name":"wp","href":"https:\/\/api.w.org\/{rel}","templated":true}]}}