{"id":8222,"date":"2023-03-16T21:24:31","date_gmt":"2023-03-16T20:24:31","guid":{"rendered":"https:\/\/multi-diver.com\/product\/castillo-hinchable-acuatico-gran-tobogan\/"},"modified":"2023-07-20T16:52:37","modified_gmt":"2023-07-20T14:52:37","slug":"castillo-hinchable-acuatico-gran-tobogan","status":"publish","type":"product","link":"https:\/\/multi-diver.com\/es\/producto\/castillo-hinchable-acuatico-gran-tobogan\/","title":{"rendered":"Castillo hinchable acu\u00e1tico gran tobog\u00e1n"},"content":{"rendered":"<p>El hinchable pista acu\u00e1tica con tobog\u00e1n consta de una pista con un gran tobog\u00e1n al final, para echarse directo al agua.<\/p>\n<p>Realiza la pista sin caer al agua. Al final tendr\u00e1s que escalar la rampa y arrojarte.<\/p>\n<p>Es para ni\u00f1os y ni\u00f1as a partir de 5 a\u00f1os.<\/p>\n<p>Para piscinas p\u00fablicas o privadas.<\/p>\n<p><strong>Detalles de la atracci\u00f3n<\/strong><\/p>\n<ul>\n<li><strong>Medidas:<\/strong> 2,5 m x 10,5 m x 4,4 m<\/li>\n<li><strong>Capacidad:<\/strong> Rotativo<\/li>\n<\/ul>\n","protected":false},"excerpt":{"rendered":"<p>El hinchable pista acu\u00e1tica con tobog\u00e1n consta de una pista con un gran tobog\u00e1n al final, para echarse directo al agua. Realiza la pista sin caer al agua. Al final tendr\u00e1s que escalar la rampa y arrojarte. Es para ni\u00f1os y ni\u00f1as a partir de 5 a\u00f1os. Para piscinas p\u00fablicas o privadas. Detalles de la [&hellip;]<\/p>\n","protected":false},"featured_media":7926,"template":"","meta":{"om_disable_all_campaigns":false,"_monsterinsights_skip_tracking":false,"_monsterinsights_sitenote_active":false,"_monsterinsights_sitenote_note":"","_monsterinsights_sitenote_category":0},"product_cat":[141,139],"product_tag":[],"class_list":["post-8222","product","type-product","status-publish","has-post-thumbnail","hentry","product_cat-acuaticos","product_cat-hinchables-de-agua"],"aioseo_notices":[],"yoast_head":"<!-- This site is optimized with the Yoast SEO plugin v21.5 - https:\/\/yoast.com\/wordpress\/plugins\/seo\/ -->\n<title>Castillo hinchable acu\u00e1tico gran tobog\u00e1n - Multi Diver<\/title>\n<meta name=\"robots\" content=\"index, follow, max-snippet:-1, max-image-preview:large, max-video-preview:-1\" \/>\n<link rel=\"canonical\" href=\"https:\/\/multi-diver.com\/producto\/castell-inflable-aquatic-gran-tobogan\/\" \/>\n<meta property=\"og:locale\" content=\"es_ES\" \/>\n<meta property=\"og:type\" content=\"article\" \/>\n<meta property=\"og:title\" content=\"Castillo hinchable acu\u00e1tico gran tobog\u00e1n - Multi Diver\" \/>\n<meta property=\"og:description\" content=\"El hinchable pista acu\u00e1tica con tobog\u00e1n consta de una pista con un gran tobog\u00e1n al final, para echarse directo al agua. Realiza la pista sin caer al agua. Al final tendr\u00e1s que escalar la rampa y arrojarte. Es para ni\u00f1os y ni\u00f1as a partir de 5 a\u00f1os. Para piscinas p\u00fablicas o privadas. Detalles de la [&hellip;]\" \/>\n<meta property=\"og:url\" content=\"https:\/\/multi-diver.com\/producto\/castell-inflable-aquatic-gran-tobogan\/\" \/>\n<meta property=\"og:site_name\" content=\"Multi Diver\" \/>\n<meta property=\"article:modified_time\" content=\"2023-07-20T14:52:37+00:00\" \/>\n<meta property=\"og:image\" content=\"https:\/\/multi-diver.com\/wp-content\/uploads\/2023\/03\/gran-tobogan.jpg\" \/>\n\t<meta property=\"og:image:width\" content=\"800\" \/>\n\t<meta property=\"og:image:height\" content=\"500\" \/>\n\t<meta property=\"og:image:type\" content=\"image\/jpeg\" \/>\n<meta name=\"twitter:card\" content=\"summary_large_image\" \/>\n<script type=\"application\/ld+json\" class=\"yoast-schema-graph\">{\"@context\":\"https:\/\/schema.org\",\"@graph\":[{\"@type\":\"WebPage\",\"@id\":\"https:\/\/multi-diver.com\/producto\/castell-inflable-aquatic-gran-tobogan\/\",\"url\":\"https:\/\/multi-diver.com\/producto\/castell-inflable-aquatic-gran-tobogan\/\",\"name\":\"Castillo hinchable acu\u00e1tico gran tobog\u00e1n - Multi Diver\",\"isPartOf\":{\"@id\":\"https:\/\/multi-diver.com\/#website\"},\"datePublished\":\"2023-03-16T20:24:31+00:00\",\"dateModified\":\"2023-07-20T14:52:37+00:00\",\"breadcrumb\":{\"@id\":\"https:\/\/multi-diver.com\/producto\/castell-inflable-aquatic-gran-tobogan\/#breadcrumb\"},\"inLanguage\":\"es\",\"potentialAction\":[{\"@type\":\"ReadAction\",\"target\":[\"https:\/\/multi-diver.com\/producto\/castell-inflable-aquatic-gran-tobogan\/\"]}]},{\"@type\":\"BreadcrumbList\",\"@id\":\"https:\/\/multi-diver.com\/producto\/castell-inflable-aquatic-gran-tobogan\/#breadcrumb\",\"itemListElement\":[{\"@type\":\"ListItem\",\"position\":1,\"name\":\"Inici\",\"item\":\"https:\/\/multi-diver.com\/\"},{\"@type\":\"ListItem\",\"position\":2,\"name\":\"Cat\u00e1logo\",\"item\":\"https:\/\/multi-diver.com\/cataleg\/\"},{\"@type\":\"ListItem\",\"position\":3,\"name\":\"Castillo hinchable acu\u00e1tico gran tobog\u00e1n\"}]},{\"@type\":\"WebSite\",\"@id\":\"https:\/\/multi-diver.com\/#website\",\"url\":\"https:\/\/multi-diver.com\/\",\"name\":\"Multi Diver\",\"description\":\"Lloguer d&#039;atraccions i castells inflables\",\"potentialAction\":[{\"@type\":\"SearchAction\",\"target\":{\"@type\":\"EntryPoint\",\"urlTemplate\":\"https:\/\/multi-diver.com\/?s={search_term_string}\"},\"query-input\":\"required name=search_term_string\"}],\"inLanguage\":\"es\"}]}<\/script>\n<!-- \/ Yoast SEO plugin. -->","yoast_head_json":{"title":"Castillo hinchable acu\u00e1tico gran tobog\u00e1n - Multi Diver","robots":{"index":"index","follow":"follow","max-snippet":"max-snippet:-1","max-image-preview":"max-image-preview:large","max-video-preview":"max-video-preview:-1"},"canonical":"https:\/\/multi-diver.com\/producto\/castell-inflable-aquatic-gran-tobogan\/","og_locale":"es_ES","og_type":"article","og_title":"Castillo hinchable acu\u00e1tico gran tobog\u00e1n - Multi Diver","og_description":"El hinchable pista acu\u00e1tica con tobog\u00e1n consta de una pista con un gran tobog\u00e1n al final, para echarse directo al agua. Realiza la pista sin caer al agua. Al final tendr\u00e1s que escalar la rampa y arrojarte. Es para ni\u00f1os y ni\u00f1as a partir de 5 a\u00f1os. Para piscinas p\u00fablicas o privadas. Detalles de la [&hellip;]","og_url":"https:\/\/multi-diver.com\/producto\/castell-inflable-aquatic-gran-tobogan\/","og_site_name":"Multi Diver","article_modified_time":"2023-07-20T14:52:37+00:00","og_image":[{"width":800,"height":500,"url":"https:\/\/multi-diver.com\/wp-content\/uploads\/2023\/03\/gran-tobogan.jpg","type":"image\/jpeg"}],"twitter_card":"summary_large_image","schema":{"@context":"https:\/\/schema.org","@graph":[{"@type":"WebPage","@id":"https:\/\/multi-diver.com\/producto\/castell-inflable-aquatic-gran-tobogan\/","url":"https:\/\/multi-diver.com\/producto\/castell-inflable-aquatic-gran-tobogan\/","name":"Castillo hinchable acu\u00e1tico gran tobog\u00e1n - Multi Diver","isPartOf":{"@id":"https:\/\/multi-diver.com\/#website"},"datePublished":"2023-03-16T20:24:31+00:00","dateModified":"2023-07-20T14:52:37+00:00","breadcrumb":{"@id":"https:\/\/multi-diver.com\/producto\/castell-inflable-aquatic-gran-tobogan\/#breadcrumb"},"inLanguage":"es","potentialAction":[{"@type":"ReadAction","target":["https:\/\/multi-diver.com\/producto\/castell-inflable-aquatic-gran-tobogan\/"]}]},{"@type":"BreadcrumbList","@id":"https:\/\/multi-diver.com\/producto\/castell-inflable-aquatic-gran-tobogan\/#breadcrumb","itemListElement":[{"@type":"ListItem","position":1,"name":"Inici","item":"https:\/\/multi-diver.com\/"},{"@type":"ListItem","position":2,"name":"Cat\u00e1logo","item":"https:\/\/multi-diver.com\/cataleg\/"},{"@type":"ListItem","position":3,"name":"Castillo hinchable acu\u00e1tico gran tobog\u00e1n"}]},{"@type":"WebSite","@id":"https:\/\/multi-diver.com\/#website","url":"https:\/\/multi-diver.com\/","name":"Multi Diver","description":"Lloguer d&#039;atraccions i castells inflables","potentialAction":[{"@type":"SearchAction","target":{"@type":"EntryPoint","urlTemplate":"https:\/\/multi-diver.com\/?s={search_term_string}"},"query-input":"required name=search_term_string"}],"inLanguage":"es"}]}},"_links":{"self":[{"href":"https:\/\/multi-diver.com\/es\/wp-json\/wp\/v2\/product\/8222","targetHints":{"allow":["GET"]}}],"collection":[{"href":"https:\/\/multi-diver.com\/es\/wp-json\/wp\/v2\/product"}],"about":[{"href":"https:\/\/multi-diver.com\/es\/wp-json\/wp\/v2\/types\/product"}],"wp:featuredmedia":[{"embeddable":true,"href":"https:\/\/multi-diver.com\/es\/wp-json\/wp\/v2\/media\/7926"}],"wp:attachment":[{"href":"https:\/\/multi-diver.com\/es\/wp-json\/wp\/v2\/media?parent=8222"}],"wp:term":[{"taxonomy":"product_cat","embeddable":true,"href":"https:\/\/multi-diver.com\/es\/wp-json\/wp\/v2\/product_cat?post=8222"},{"taxonomy":"product_tag","embeddable":true,"href":"https:\/\/multi-diver.com\/es\/wp-json\/wp\/v2\/product_tag?post=8222"}],"curies":[{"name":"wp","href":"https:\/\/api.w.org\/{rel}","templated":true}]}}