{"id":8225,"date":"2023-03-16T21:17:08","date_gmt":"2023-03-16T20:17:08","guid":{"rendered":"https:\/\/multi-diver.com\/product\/castillo-hinchable-acuatico-12-metros\/"},"modified":"2023-07-20T16:52:59","modified_gmt":"2023-07-20T14:52:59","slug":"castillo-hinchable-acuatico-12-metros","status":"publish","type":"product","link":"https:\/\/multi-diver.com\/es\/producto\/castillo-hinchable-acuatico-12-metros\/","title":{"rendered":"Castillo hinchable acu\u00e1tico 12 metros"},"content":{"rendered":"<p>El hinchable pista acu\u00e1tica consta de una pista de 12 metros de largo con todo tipo de obst\u00e1culos y con un tobog\u00e1n al final para lanzarse al agua.<\/p>\n<p>Haz los 12 metros de pista superando los obst\u00e1culos y al final l\u00e1nzate a la piscina por el tobog\u00e1n.<\/p>\n<p>Es para todas las edades.<\/p>\n<p>Para piscinas p\u00fablicas o privadas.<\/p>\n<p><strong>Detalles de la atracci\u00f3n<\/strong><\/p>\n<ul>\n<li><strong>Medidas:<\/strong> 3,5 m x 12 m x 2 m.<\/li>\n<li><strong>Capacidad:<\/strong> Rotativo<\/li>\n<\/ul>\n","protected":false},"excerpt":{"rendered":"<p>El hinchable pista acu\u00e1tica consta de una pista de 12 metros de largo con todo tipo de obst\u00e1culos y con un tobog\u00e1n al final para lanzarse al agua. Haz los 12 metros de pista superando los obst\u00e1culos y al final l\u00e1nzate a la piscina por el tobog\u00e1n. Es para todas las edades. Para piscinas p\u00fablicas [&hellip;]<\/p>\n","protected":false},"featured_media":7923,"template":"","meta":{"om_disable_all_campaigns":false,"_monsterinsights_skip_tracking":false,"_monsterinsights_sitenote_active":false,"_monsterinsights_sitenote_note":"","_monsterinsights_sitenote_category":0},"product_cat":[141,139],"product_tag":[],"class_list":["post-8225","product","type-product","status-publish","has-post-thumbnail","hentry","product_cat-acuaticos","product_cat-hinchables-de-agua"],"aioseo_notices":[],"yoast_head":"<!-- This site is optimized with the Yoast SEO plugin v21.5 - https:\/\/yoast.com\/wordpress\/plugins\/seo\/ -->\n<title>Castillo hinchable acu\u00e1tico 12 metros - Multi Diver<\/title>\n<meta name=\"robots\" content=\"index, follow, max-snippet:-1, max-image-preview:large, max-video-preview:-1\" \/>\n<link rel=\"canonical\" href=\"https:\/\/multi-diver.com\/producto\/castell-inflable-aquatic-12-metres\/\" \/>\n<meta property=\"og:locale\" content=\"es_ES\" \/>\n<meta property=\"og:type\" content=\"article\" \/>\n<meta property=\"og:title\" content=\"Castillo hinchable acu\u00e1tico 12 metros - Multi Diver\" \/>\n<meta property=\"og:description\" content=\"El hinchable pista acu\u00e1tica consta de una pista de 12 metros de largo con todo tipo de obst\u00e1culos y con un tobog\u00e1n al final para lanzarse al agua. Haz los 12 metros de pista superando los obst\u00e1culos y al final l\u00e1nzate a la piscina por el tobog\u00e1n. Es para todas las edades. Para piscinas p\u00fablicas [&hellip;]\" \/>\n<meta property=\"og:url\" content=\"https:\/\/multi-diver.com\/producto\/castell-inflable-aquatic-12-metres\/\" \/>\n<meta property=\"og:site_name\" content=\"Multi Diver\" \/>\n<meta property=\"article:modified_time\" content=\"2023-07-20T14:52:59+00:00\" \/>\n<meta property=\"og:image\" content=\"https:\/\/multi-diver.com\/wp-content\/uploads\/2023\/03\/12-metres.jpg\" \/>\n\t<meta property=\"og:image:width\" content=\"800\" \/>\n\t<meta property=\"og:image:height\" content=\"500\" \/>\n\t<meta property=\"og:image:type\" content=\"image\/jpeg\" \/>\n<meta name=\"twitter:card\" content=\"summary_large_image\" \/>\n<script type=\"application\/ld+json\" class=\"yoast-schema-graph\">{\"@context\":\"https:\/\/schema.org\",\"@graph\":[{\"@type\":\"WebPage\",\"@id\":\"https:\/\/multi-diver.com\/producto\/castell-inflable-aquatic-12-metres\/\",\"url\":\"https:\/\/multi-diver.com\/producto\/castell-inflable-aquatic-12-metres\/\",\"name\":\"Castillo hinchable acu\u00e1tico 12 metros - Multi Diver\",\"isPartOf\":{\"@id\":\"https:\/\/multi-diver.com\/#website\"},\"datePublished\":\"2023-03-16T20:17:08+00:00\",\"dateModified\":\"2023-07-20T14:52:59+00:00\",\"breadcrumb\":{\"@id\":\"https:\/\/multi-diver.com\/producto\/castell-inflable-aquatic-12-metres\/#breadcrumb\"},\"inLanguage\":\"es\",\"potentialAction\":[{\"@type\":\"ReadAction\",\"target\":[\"https:\/\/multi-diver.com\/producto\/castell-inflable-aquatic-12-metres\/\"]}]},{\"@type\":\"BreadcrumbList\",\"@id\":\"https:\/\/multi-diver.com\/producto\/castell-inflable-aquatic-12-metres\/#breadcrumb\",\"itemListElement\":[{\"@type\":\"ListItem\",\"position\":1,\"name\":\"Inici\",\"item\":\"https:\/\/multi-diver.com\/\"},{\"@type\":\"ListItem\",\"position\":2,\"name\":\"Cat\u00e1logo\",\"item\":\"https:\/\/multi-diver.com\/cataleg\/\"},{\"@type\":\"ListItem\",\"position\":3,\"name\":\"Castillo hinchable acu\u00e1tico 12 metros\"}]},{\"@type\":\"WebSite\",\"@id\":\"https:\/\/multi-diver.com\/#website\",\"url\":\"https:\/\/multi-diver.com\/\",\"name\":\"Multi Diver\",\"description\":\"Lloguer d&#039;atraccions i castells inflables\",\"potentialAction\":[{\"@type\":\"SearchAction\",\"target\":{\"@type\":\"EntryPoint\",\"urlTemplate\":\"https:\/\/multi-diver.com\/?s={search_term_string}\"},\"query-input\":\"required name=search_term_string\"}],\"inLanguage\":\"es\"}]}<\/script>\n<!-- \/ Yoast SEO plugin. -->","yoast_head_json":{"title":"Castillo hinchable acu\u00e1tico 12 metros - Multi Diver","robots":{"index":"index","follow":"follow","max-snippet":"max-snippet:-1","max-image-preview":"max-image-preview:large","max-video-preview":"max-video-preview:-1"},"canonical":"https:\/\/multi-diver.com\/producto\/castell-inflable-aquatic-12-metres\/","og_locale":"es_ES","og_type":"article","og_title":"Castillo hinchable acu\u00e1tico 12 metros - Multi Diver","og_description":"El hinchable pista acu\u00e1tica consta de una pista de 12 metros de largo con todo tipo de obst\u00e1culos y con un tobog\u00e1n al final para lanzarse al agua. Haz los 12 metros de pista superando los obst\u00e1culos y al final l\u00e1nzate a la piscina por el tobog\u00e1n. Es para todas las edades. Para piscinas p\u00fablicas [&hellip;]","og_url":"https:\/\/multi-diver.com\/producto\/castell-inflable-aquatic-12-metres\/","og_site_name":"Multi Diver","article_modified_time":"2023-07-20T14:52:59+00:00","og_image":[{"width":800,"height":500,"url":"https:\/\/multi-diver.com\/wp-content\/uploads\/2023\/03\/12-metres.jpg","type":"image\/jpeg"}],"twitter_card":"summary_large_image","schema":{"@context":"https:\/\/schema.org","@graph":[{"@type":"WebPage","@id":"https:\/\/multi-diver.com\/producto\/castell-inflable-aquatic-12-metres\/","url":"https:\/\/multi-diver.com\/producto\/castell-inflable-aquatic-12-metres\/","name":"Castillo hinchable acu\u00e1tico 12 metros - Multi Diver","isPartOf":{"@id":"https:\/\/multi-diver.com\/#website"},"datePublished":"2023-03-16T20:17:08+00:00","dateModified":"2023-07-20T14:52:59+00:00","breadcrumb":{"@id":"https:\/\/multi-diver.com\/producto\/castell-inflable-aquatic-12-metres\/#breadcrumb"},"inLanguage":"es","potentialAction":[{"@type":"ReadAction","target":["https:\/\/multi-diver.com\/producto\/castell-inflable-aquatic-12-metres\/"]}]},{"@type":"BreadcrumbList","@id":"https:\/\/multi-diver.com\/producto\/castell-inflable-aquatic-12-metres\/#breadcrumb","itemListElement":[{"@type":"ListItem","position":1,"name":"Inici","item":"https:\/\/multi-diver.com\/"},{"@type":"ListItem","position":2,"name":"Cat\u00e1logo","item":"https:\/\/multi-diver.com\/cataleg\/"},{"@type":"ListItem","position":3,"name":"Castillo hinchable acu\u00e1tico 12 metros"}]},{"@type":"WebSite","@id":"https:\/\/multi-diver.com\/#website","url":"https:\/\/multi-diver.com\/","name":"Multi Diver","description":"Lloguer d&#039;atraccions i castells inflables","potentialAction":[{"@type":"SearchAction","target":{"@type":"EntryPoint","urlTemplate":"https:\/\/multi-diver.com\/?s={search_term_string}"},"query-input":"required name=search_term_string"}],"inLanguage":"es"}]}},"_links":{"self":[{"href":"https:\/\/multi-diver.com\/es\/wp-json\/wp\/v2\/product\/8225","targetHints":{"allow":["GET"]}}],"collection":[{"href":"https:\/\/multi-diver.com\/es\/wp-json\/wp\/v2\/product"}],"about":[{"href":"https:\/\/multi-diver.com\/es\/wp-json\/wp\/v2\/types\/product"}],"wp:featuredmedia":[{"embeddable":true,"href":"https:\/\/multi-diver.com\/es\/wp-json\/wp\/v2\/media\/7923"}],"wp:attachment":[{"href":"https:\/\/multi-diver.com\/es\/wp-json\/wp\/v2\/media?parent=8225"}],"wp:term":[{"taxonomy":"product_cat","embeddable":true,"href":"https:\/\/multi-diver.com\/es\/wp-json\/wp\/v2\/product_cat?post=8225"},{"taxonomy":"product_tag","embeddable":true,"href":"https:\/\/multi-diver.com\/es\/wp-json\/wp\/v2\/product_tag?post=8225"}],"curies":[{"name":"wp","href":"https:\/\/api.w.org\/{rel}","templated":true}]}}