{"id":8228,"date":"2023-03-16T21:04:34","date_gmt":"2023-03-16T20:04:34","guid":{"rendered":"https:\/\/multi-diver.com\/product\/castillo-hinchable-deportivo-y-de-competicion-baloncesto-punteria\/"},"modified":"2023-07-20T16:55:08","modified_gmt":"2023-07-20T14:55:08","slug":"castillo-hinchable-deportivo-y-de-competicion-baloncesto-punteria","status":"publish","type":"product","link":"https:\/\/multi-diver.com\/es\/producto\/castillo-hinchable-deportivo-y-de-competicion-baloncesto-punteria\/","title":{"rendered":"Castillo hinchable deportivo y de competici\u00f3n baloncesto-punter\u00eda"},"content":{"rendered":"<p>Juega a baloncesto donde quieras y cuando quieras.<\/p>\n<p>Demuestra tu punter\u00eda encestando el m\u00e1ximo de pelotas y gana a tu adversario\/a.<\/p>\n<p>Es para todas las edades.<\/p>\n<p>Ideal para todo tipo de eventos: fiestas mayores, fiestas escolares, promociones de empresa&#8230;<\/p>\n","protected":false},"excerpt":{"rendered":"<p>Juega a baloncesto donde quieras y cuando quieras. Demuestra tu punter\u00eda encestando el m\u00e1ximo de pelotas y gana a tu adversario\/a. Es para todas las edades. Ideal para todo tipo de eventos: fiestas mayores, fiestas escolares, promociones de empresa&#8230;<\/p>\n","protected":false},"featured_media":7878,"template":"","meta":{"om_disable_all_campaigns":false,"_monsterinsights_skip_tracking":false,"_monsterinsights_sitenote_active":false,"_monsterinsights_sitenote_note":"","_monsterinsights_sitenote_category":0},"product_cat":[142,116],"product_tag":[],"class_list":["post-8228","product","type-product","status-publish","has-post-thumbnail","hentry","product_cat-deportivos-y-de-competicion","product_cat-hinchables-terrestres"],"aioseo_notices":[],"yoast_head":"<!-- This site is optimized with the Yoast SEO plugin v21.5 - https:\/\/yoast.com\/wordpress\/plugins\/seo\/ -->\n<title>Castillo hinchable deportivo y de competici\u00f3n baloncesto-punter\u00eda - Multi Diver<\/title>\n<meta name=\"robots\" content=\"index, follow, max-snippet:-1, max-image-preview:large, max-video-preview:-1\" \/>\n<link rel=\"canonical\" href=\"https:\/\/multi-diver.com\/producto\/castell-inflable-esportiu-i-de-competicio-basquet-punteria\/\" \/>\n<meta property=\"og:locale\" content=\"es_ES\" \/>\n<meta property=\"og:type\" content=\"article\" \/>\n<meta property=\"og:title\" content=\"Castillo hinchable deportivo y de competici\u00f3n baloncesto-punter\u00eda - Multi Diver\" \/>\n<meta property=\"og:description\" content=\"Juega a baloncesto donde quieras y cuando quieras. Demuestra tu punter\u00eda encestando el m\u00e1ximo de pelotas y gana a tu adversario\/a. Es para todas las edades. Ideal para todo tipo de eventos: fiestas mayores, fiestas escolares, promociones de empresa&#8230;\" \/>\n<meta property=\"og:url\" content=\"https:\/\/multi-diver.com\/producto\/castell-inflable-esportiu-i-de-competicio-basquet-punteria\/\" \/>\n<meta property=\"og:site_name\" content=\"Multi Diver\" \/>\n<meta property=\"article:modified_time\" content=\"2023-07-20T14:55:08+00:00\" \/>\n<meta property=\"og:image\" content=\"https:\/\/multi-diver.com\/wp-content\/uploads\/2023\/03\/basket.jpg\" \/>\n\t<meta property=\"og:image:width\" content=\"800\" \/>\n\t<meta property=\"og:image:height\" content=\"500\" \/>\n\t<meta property=\"og:image:type\" content=\"image\/jpeg\" \/>\n<meta name=\"twitter:card\" content=\"summary_large_image\" \/>\n<script type=\"application\/ld+json\" class=\"yoast-schema-graph\">{\"@context\":\"https:\/\/schema.org\",\"@graph\":[{\"@type\":\"WebPage\",\"@id\":\"https:\/\/multi-diver.com\/producto\/castell-inflable-esportiu-i-de-competicio-basquet-punteria\/\",\"url\":\"https:\/\/multi-diver.com\/producto\/castell-inflable-esportiu-i-de-competicio-basquet-punteria\/\",\"name\":\"Castillo hinchable deportivo y de competici\u00f3n baloncesto-punter\u00eda - Multi Diver\",\"isPartOf\":{\"@id\":\"https:\/\/multi-diver.com\/#website\"},\"datePublished\":\"2023-03-16T20:04:34+00:00\",\"dateModified\":\"2023-07-20T14:55:08+00:00\",\"breadcrumb\":{\"@id\":\"https:\/\/multi-diver.com\/producto\/castell-inflable-esportiu-i-de-competicio-basquet-punteria\/#breadcrumb\"},\"inLanguage\":\"es\",\"potentialAction\":[{\"@type\":\"ReadAction\",\"target\":[\"https:\/\/multi-diver.com\/producto\/castell-inflable-esportiu-i-de-competicio-basquet-punteria\/\"]}]},{\"@type\":\"BreadcrumbList\",\"@id\":\"https:\/\/multi-diver.com\/producto\/castell-inflable-esportiu-i-de-competicio-basquet-punteria\/#breadcrumb\",\"itemListElement\":[{\"@type\":\"ListItem\",\"position\":1,\"name\":\"Inici\",\"item\":\"https:\/\/multi-diver.com\/\"},{\"@type\":\"ListItem\",\"position\":2,\"name\":\"Cat\u00e1logo\",\"item\":\"https:\/\/multi-diver.com\/cataleg\/\"},{\"@type\":\"ListItem\",\"position\":3,\"name\":\"Castillo hinchable deportivo y de competici\u00f3n baloncesto-punter\u00eda\"}]},{\"@type\":\"WebSite\",\"@id\":\"https:\/\/multi-diver.com\/#website\",\"url\":\"https:\/\/multi-diver.com\/\",\"name\":\"Multi Diver\",\"description\":\"Lloguer d&#039;atraccions i castells inflables\",\"potentialAction\":[{\"@type\":\"SearchAction\",\"target\":{\"@type\":\"EntryPoint\",\"urlTemplate\":\"https:\/\/multi-diver.com\/?s={search_term_string}\"},\"query-input\":\"required name=search_term_string\"}],\"inLanguage\":\"es\"}]}<\/script>\n<!-- \/ Yoast SEO plugin. -->","yoast_head_json":{"title":"Castillo hinchable deportivo y de competici\u00f3n baloncesto-punter\u00eda - Multi Diver","robots":{"index":"index","follow":"follow","max-snippet":"max-snippet:-1","max-image-preview":"max-image-preview:large","max-video-preview":"max-video-preview:-1"},"canonical":"https:\/\/multi-diver.com\/producto\/castell-inflable-esportiu-i-de-competicio-basquet-punteria\/","og_locale":"es_ES","og_type":"article","og_title":"Castillo hinchable deportivo y de competici\u00f3n baloncesto-punter\u00eda - Multi Diver","og_description":"Juega a baloncesto donde quieras y cuando quieras. Demuestra tu punter\u00eda encestando el m\u00e1ximo de pelotas y gana a tu adversario\/a. Es para todas las edades. Ideal para todo tipo de eventos: fiestas mayores, fiestas escolares, promociones de empresa&#8230;","og_url":"https:\/\/multi-diver.com\/producto\/castell-inflable-esportiu-i-de-competicio-basquet-punteria\/","og_site_name":"Multi Diver","article_modified_time":"2023-07-20T14:55:08+00:00","og_image":[{"width":800,"height":500,"url":"https:\/\/multi-diver.com\/wp-content\/uploads\/2023\/03\/basket.jpg","type":"image\/jpeg"}],"twitter_card":"summary_large_image","schema":{"@context":"https:\/\/schema.org","@graph":[{"@type":"WebPage","@id":"https:\/\/multi-diver.com\/producto\/castell-inflable-esportiu-i-de-competicio-basquet-punteria\/","url":"https:\/\/multi-diver.com\/producto\/castell-inflable-esportiu-i-de-competicio-basquet-punteria\/","name":"Castillo hinchable deportivo y de competici\u00f3n baloncesto-punter\u00eda - Multi Diver","isPartOf":{"@id":"https:\/\/multi-diver.com\/#website"},"datePublished":"2023-03-16T20:04:34+00:00","dateModified":"2023-07-20T14:55:08+00:00","breadcrumb":{"@id":"https:\/\/multi-diver.com\/producto\/castell-inflable-esportiu-i-de-competicio-basquet-punteria\/#breadcrumb"},"inLanguage":"es","potentialAction":[{"@type":"ReadAction","target":["https:\/\/multi-diver.com\/producto\/castell-inflable-esportiu-i-de-competicio-basquet-punteria\/"]}]},{"@type":"BreadcrumbList","@id":"https:\/\/multi-diver.com\/producto\/castell-inflable-esportiu-i-de-competicio-basquet-punteria\/#breadcrumb","itemListElement":[{"@type":"ListItem","position":1,"name":"Inici","item":"https:\/\/multi-diver.com\/"},{"@type":"ListItem","position":2,"name":"Cat\u00e1logo","item":"https:\/\/multi-diver.com\/cataleg\/"},{"@type":"ListItem","position":3,"name":"Castillo hinchable deportivo y de competici\u00f3n baloncesto-punter\u00eda"}]},{"@type":"WebSite","@id":"https:\/\/multi-diver.com\/#website","url":"https:\/\/multi-diver.com\/","name":"Multi Diver","description":"Lloguer d&#039;atraccions i castells inflables","potentialAction":[{"@type":"SearchAction","target":{"@type":"EntryPoint","urlTemplate":"https:\/\/multi-diver.com\/?s={search_term_string}"},"query-input":"required name=search_term_string"}],"inLanguage":"es"}]}},"_links":{"self":[{"href":"https:\/\/multi-diver.com\/es\/wp-json\/wp\/v2\/product\/8228","targetHints":{"allow":["GET"]}}],"collection":[{"href":"https:\/\/multi-diver.com\/es\/wp-json\/wp\/v2\/product"}],"about":[{"href":"https:\/\/multi-diver.com\/es\/wp-json\/wp\/v2\/types\/product"}],"wp:featuredmedia":[{"embeddable":true,"href":"https:\/\/multi-diver.com\/es\/wp-json\/wp\/v2\/media\/7878"}],"wp:attachment":[{"href":"https:\/\/multi-diver.com\/es\/wp-json\/wp\/v2\/media?parent=8228"}],"wp:term":[{"taxonomy":"product_cat","embeddable":true,"href":"https:\/\/multi-diver.com\/es\/wp-json\/wp\/v2\/product_cat?post=8228"},{"taxonomy":"product_tag","embeddable":true,"href":"https:\/\/multi-diver.com\/es\/wp-json\/wp\/v2\/product_tag?post=8228"}],"curies":[{"name":"wp","href":"https:\/\/api.w.org\/{rel}","templated":true}]}}