{"id":8229,"date":"2023-03-16T21:02:15","date_gmt":"2023-03-16T20:02:15","guid":{"rendered":"https:\/\/multi-diver.com\/product\/castillo-hinchable-deportivo-y-de-competicion-baloncesto-salto\/"},"modified":"2023-07-20T16:55:18","modified_gmt":"2023-07-20T14:55:18","slug":"castillo-hinchable-deportivo-y-de-competicion-baloncesto-salto","status":"publish","type":"product","link":"https:\/\/multi-diver.com\/es\/producto\/castillo-hinchable-deportivo-y-de-competicion-baloncesto-salto\/","title":{"rendered":"Castillo hinchable deportivo y de competici\u00f3n baloncesto-salto"},"content":{"rendered":"<p>Este baloncesto hinchable consta de un espacio para saltar y saltar.<\/p>\n<p>Justo debajo de la cesta hay una peque\u00f1a monta\u00f1a de presi\u00f3n para poder rebotar y hacer tiros libres al m\u00e1s puro estilo NBA.<\/p>\n<p>\u00a1Salta, rebota y encesta el bal\u00f3n!<\/p>\n","protected":false},"excerpt":{"rendered":"<p>Este baloncesto hinchable consta de un espacio para saltar y saltar. Justo debajo de la cesta hay una peque\u00f1a monta\u00f1a de presi\u00f3n para poder rebotar y hacer tiros libres al m\u00e1s puro estilo NBA. \u00a1Salta, rebota y encesta el bal\u00f3n!<\/p>\n","protected":false},"featured_media":7921,"template":"","meta":{"om_disable_all_campaigns":false,"_monsterinsights_skip_tracking":false,"_monsterinsights_sitenote_active":false,"_monsterinsights_sitenote_note":"","_monsterinsights_sitenote_category":0},"product_cat":[142,116],"product_tag":[],"class_list":["post-8229","product","type-product","status-publish","has-post-thumbnail","hentry","product_cat-deportivos-y-de-competicion","product_cat-hinchables-terrestres"],"aioseo_notices":[],"yoast_head":"<!-- This site is optimized with the Yoast SEO plugin v21.5 - https:\/\/yoast.com\/wordpress\/plugins\/seo\/ -->\n<title>Castillo hinchable deportivo y de competici\u00f3n baloncesto-salto - Multi Diver<\/title>\n<meta name=\"robots\" content=\"index, follow, max-snippet:-1, max-image-preview:large, max-video-preview:-1\" \/>\n<link rel=\"canonical\" href=\"https:\/\/multi-diver.com\/producto\/castell-inflable-esportiu-i-de-competicio-basquet-salt\/\" \/>\n<meta property=\"og:locale\" content=\"es_ES\" \/>\n<meta property=\"og:type\" content=\"article\" \/>\n<meta property=\"og:title\" content=\"Castillo hinchable deportivo y de competici\u00f3n baloncesto-salto - Multi Diver\" \/>\n<meta property=\"og:description\" content=\"Este baloncesto hinchable consta de un espacio para saltar y saltar. Justo debajo de la cesta hay una peque\u00f1a monta\u00f1a de presi\u00f3n para poder rebotar y hacer tiros libres al m\u00e1s puro estilo NBA. \u00a1Salta, rebota y encesta el bal\u00f3n!\" \/>\n<meta property=\"og:url\" content=\"https:\/\/multi-diver.com\/producto\/castell-inflable-esportiu-i-de-competicio-basquet-salt\/\" \/>\n<meta property=\"og:site_name\" content=\"Multi Diver\" \/>\n<meta property=\"article:modified_time\" content=\"2023-07-20T14:55:18+00:00\" \/>\n<meta property=\"og:image\" content=\"https:\/\/multi-diver.com\/wp-content\/uploads\/2023\/03\/basquet.jpg\" \/>\n\t<meta property=\"og:image:width\" content=\"800\" \/>\n\t<meta property=\"og:image:height\" content=\"500\" \/>\n\t<meta property=\"og:image:type\" content=\"image\/jpeg\" \/>\n<meta name=\"twitter:card\" content=\"summary_large_image\" \/>\n<script type=\"application\/ld+json\" class=\"yoast-schema-graph\">{\"@context\":\"https:\/\/schema.org\",\"@graph\":[{\"@type\":\"WebPage\",\"@id\":\"https:\/\/multi-diver.com\/producto\/castell-inflable-esportiu-i-de-competicio-basquet-salt\/\",\"url\":\"https:\/\/multi-diver.com\/producto\/castell-inflable-esportiu-i-de-competicio-basquet-salt\/\",\"name\":\"Castillo hinchable deportivo y de competici\u00f3n baloncesto-salto - Multi Diver\",\"isPartOf\":{\"@id\":\"https:\/\/multi-diver.com\/#website\"},\"datePublished\":\"2023-03-16T20:02:15+00:00\",\"dateModified\":\"2023-07-20T14:55:18+00:00\",\"breadcrumb\":{\"@id\":\"https:\/\/multi-diver.com\/producto\/castell-inflable-esportiu-i-de-competicio-basquet-salt\/#breadcrumb\"},\"inLanguage\":\"es\",\"potentialAction\":[{\"@type\":\"ReadAction\",\"target\":[\"https:\/\/multi-diver.com\/producto\/castell-inflable-esportiu-i-de-competicio-basquet-salt\/\"]}]},{\"@type\":\"BreadcrumbList\",\"@id\":\"https:\/\/multi-diver.com\/producto\/castell-inflable-esportiu-i-de-competicio-basquet-salt\/#breadcrumb\",\"itemListElement\":[{\"@type\":\"ListItem\",\"position\":1,\"name\":\"Inici\",\"item\":\"https:\/\/multi-diver.com\/\"},{\"@type\":\"ListItem\",\"position\":2,\"name\":\"Cat\u00e1logo\",\"item\":\"https:\/\/multi-diver.com\/cataleg\/\"},{\"@type\":\"ListItem\",\"position\":3,\"name\":\"Castillo hinchable deportivo y de competici\u00f3n baloncesto-salto\"}]},{\"@type\":\"WebSite\",\"@id\":\"https:\/\/multi-diver.com\/#website\",\"url\":\"https:\/\/multi-diver.com\/\",\"name\":\"Multi Diver\",\"description\":\"Lloguer d&#039;atraccions i castells inflables\",\"potentialAction\":[{\"@type\":\"SearchAction\",\"target\":{\"@type\":\"EntryPoint\",\"urlTemplate\":\"https:\/\/multi-diver.com\/?s={search_term_string}\"},\"query-input\":\"required name=search_term_string\"}],\"inLanguage\":\"es\"}]}<\/script>\n<!-- \/ Yoast SEO plugin. -->","yoast_head_json":{"title":"Castillo hinchable deportivo y de competici\u00f3n baloncesto-salto - Multi Diver","robots":{"index":"index","follow":"follow","max-snippet":"max-snippet:-1","max-image-preview":"max-image-preview:large","max-video-preview":"max-video-preview:-1"},"canonical":"https:\/\/multi-diver.com\/producto\/castell-inflable-esportiu-i-de-competicio-basquet-salt\/","og_locale":"es_ES","og_type":"article","og_title":"Castillo hinchable deportivo y de competici\u00f3n baloncesto-salto - Multi Diver","og_description":"Este baloncesto hinchable consta de un espacio para saltar y saltar. Justo debajo de la cesta hay una peque\u00f1a monta\u00f1a de presi\u00f3n para poder rebotar y hacer tiros libres al m\u00e1s puro estilo NBA. \u00a1Salta, rebota y encesta el bal\u00f3n!","og_url":"https:\/\/multi-diver.com\/producto\/castell-inflable-esportiu-i-de-competicio-basquet-salt\/","og_site_name":"Multi Diver","article_modified_time":"2023-07-20T14:55:18+00:00","og_image":[{"width":800,"height":500,"url":"https:\/\/multi-diver.com\/wp-content\/uploads\/2023\/03\/basquet.jpg","type":"image\/jpeg"}],"twitter_card":"summary_large_image","schema":{"@context":"https:\/\/schema.org","@graph":[{"@type":"WebPage","@id":"https:\/\/multi-diver.com\/producto\/castell-inflable-esportiu-i-de-competicio-basquet-salt\/","url":"https:\/\/multi-diver.com\/producto\/castell-inflable-esportiu-i-de-competicio-basquet-salt\/","name":"Castillo hinchable deportivo y de competici\u00f3n baloncesto-salto - Multi Diver","isPartOf":{"@id":"https:\/\/multi-diver.com\/#website"},"datePublished":"2023-03-16T20:02:15+00:00","dateModified":"2023-07-20T14:55:18+00:00","breadcrumb":{"@id":"https:\/\/multi-diver.com\/producto\/castell-inflable-esportiu-i-de-competicio-basquet-salt\/#breadcrumb"},"inLanguage":"es","potentialAction":[{"@type":"ReadAction","target":["https:\/\/multi-diver.com\/producto\/castell-inflable-esportiu-i-de-competicio-basquet-salt\/"]}]},{"@type":"BreadcrumbList","@id":"https:\/\/multi-diver.com\/producto\/castell-inflable-esportiu-i-de-competicio-basquet-salt\/#breadcrumb","itemListElement":[{"@type":"ListItem","position":1,"name":"Inici","item":"https:\/\/multi-diver.com\/"},{"@type":"ListItem","position":2,"name":"Cat\u00e1logo","item":"https:\/\/multi-diver.com\/cataleg\/"},{"@type":"ListItem","position":3,"name":"Castillo hinchable deportivo y de competici\u00f3n baloncesto-salto"}]},{"@type":"WebSite","@id":"https:\/\/multi-diver.com\/#website","url":"https:\/\/multi-diver.com\/","name":"Multi Diver","description":"Lloguer d&#039;atraccions i castells inflables","potentialAction":[{"@type":"SearchAction","target":{"@type":"EntryPoint","urlTemplate":"https:\/\/multi-diver.com\/?s={search_term_string}"},"query-input":"required name=search_term_string"}],"inLanguage":"es"}]}},"_links":{"self":[{"href":"https:\/\/multi-diver.com\/es\/wp-json\/wp\/v2\/product\/8229","targetHints":{"allow":["GET"]}}],"collection":[{"href":"https:\/\/multi-diver.com\/es\/wp-json\/wp\/v2\/product"}],"about":[{"href":"https:\/\/multi-diver.com\/es\/wp-json\/wp\/v2\/types\/product"}],"wp:featuredmedia":[{"embeddable":true,"href":"https:\/\/multi-diver.com\/es\/wp-json\/wp\/v2\/media\/7921"}],"wp:attachment":[{"href":"https:\/\/multi-diver.com\/es\/wp-json\/wp\/v2\/media?parent=8229"}],"wp:term":[{"taxonomy":"product_cat","embeddable":true,"href":"https:\/\/multi-diver.com\/es\/wp-json\/wp\/v2\/product_cat?post=8229"},{"taxonomy":"product_tag","embeddable":true,"href":"https:\/\/multi-diver.com\/es\/wp-json\/wp\/v2\/product_tag?post=8229"}],"curies":[{"name":"wp","href":"https:\/\/api.w.org\/{rel}","templated":true}]}}