{"id":8245,"date":"2023-03-16T21:14:32","date_gmt":"2023-03-16T20:14:32","guid":{"rendered":"https:\/\/multi-diver.com\/product\/hinchable-bote-bote-gormiti\/"},"modified":"2023-07-20T16:53:08","modified_gmt":"2023-07-20T14:53:08","slug":"hinchable-bote-bote-gormiti","status":"publish","type":"product","link":"https:\/\/multi-diver.com\/es\/producto\/hinchable-bote-bote-gormiti\/","title":{"rendered":"Hinchable bote bote gormiti"},"content":{"rendered":"<p>El castillo hinchable gormiti consta de un espacio boti boti con obst\u00e1culos para saltar y jugar.<\/p>\n<p>Para ni\u00f1os y ni\u00f1as de hasta 8 a\u00f1os.<\/p>\n<p>Ideal para todo tipo de eventos: fiestas mayores, fiestas escolares, promociones de empresa, comuniones, cumplea\u00f1os&#8230;<\/p>\n<p><strong>Detalles de la atracci\u00f3n<\/strong><\/p>\n<ul>\n<li><strong>Medidas<\/strong>: 4 m x 6 m x 2,90 m.<\/li>\n<li><strong>Capacidad<\/strong>: Aproximadamente 8\/10 ni\u00f1os<\/li>\n<li><strong>Decoraci\u00f3n<\/strong>: Gormiti<\/li>\n<li><strong>Categor\u00eda<\/strong>: Mediana<\/li>\n<\/ul>\n","protected":false},"excerpt":{"rendered":"<p>El castillo hinchable gormiti consta de un espacio boti boti con obst\u00e1culos para saltar y jugar. Para ni\u00f1os y ni\u00f1as de hasta 8 a\u00f1os. Ideal para todo tipo de eventos: fiestas mayores, fiestas escolares, promociones de empresa, comuniones, cumplea\u00f1os&#8230; Detalles de la atracci\u00f3n Medidas: 4 m x 6 m x 2,90 m. Capacidad: Aproximadamente 8\/10 [&hellip;]<\/p>\n","protected":false},"featured_media":7906,"template":"","meta":{"om_disable_all_campaigns":false,"_monsterinsights_skip_tracking":false,"_monsterinsights_sitenote_active":false,"_monsterinsights_sitenote_note":"","_monsterinsights_sitenote_category":0},"product_cat":[117,116],"product_tag":[],"class_list":["post-8245","product","type-product","status-publish","has-post-thumbnail","hentry","product_cat-bote-bote","product_cat-hinchables-terrestres"],"aioseo_notices":[],"yoast_head":"<!-- This site is optimized with the Yoast SEO plugin v21.5 - https:\/\/yoast.com\/wordpress\/plugins\/seo\/ -->\n<title>Hinchable bote bote gormiti - Multi Diver<\/title>\n<meta name=\"robots\" content=\"index, follow, max-snippet:-1, max-image-preview:large, max-video-preview:-1\" \/>\n<link rel=\"canonical\" href=\"https:\/\/multi-diver.com\/producto\/castell-inflable-boti-boti-gormiti\/\" \/>\n<meta property=\"og:locale\" content=\"es_ES\" \/>\n<meta property=\"og:type\" content=\"article\" \/>\n<meta property=\"og:title\" content=\"Hinchable bote bote gormiti - Multi Diver\" \/>\n<meta property=\"og:description\" content=\"El castillo hinchable gormiti consta de un espacio boti boti con obst\u00e1culos para saltar y jugar. Para ni\u00f1os y ni\u00f1as de hasta 8 a\u00f1os. Ideal para todo tipo de eventos: fiestas mayores, fiestas escolares, promociones de empresa, comuniones, cumplea\u00f1os&#8230; Detalles de la atracci\u00f3n Medidas: 4 m x 6 m x 2,90 m. Capacidad: Aproximadamente 8\/10 [&hellip;]\" \/>\n<meta property=\"og:url\" content=\"https:\/\/multi-diver.com\/producto\/castell-inflable-boti-boti-gormiti\/\" \/>\n<meta property=\"og:site_name\" content=\"Multi Diver\" \/>\n<meta property=\"article:modified_time\" content=\"2023-07-20T14:53:08+00:00\" \/>\n<meta property=\"og:image\" content=\"https:\/\/multi-diver.com\/wp-content\/uploads\/2023\/03\/gormiti.jpg\" \/>\n\t<meta property=\"og:image:width\" content=\"800\" \/>\n\t<meta property=\"og:image:height\" content=\"500\" \/>\n\t<meta property=\"og:image:type\" content=\"image\/jpeg\" \/>\n<meta name=\"twitter:card\" content=\"summary_large_image\" \/>\n<script type=\"application\/ld+json\" class=\"yoast-schema-graph\">{\"@context\":\"https:\/\/schema.org\",\"@graph\":[{\"@type\":\"WebPage\",\"@id\":\"https:\/\/multi-diver.com\/producto\/castell-inflable-boti-boti-gormiti\/\",\"url\":\"https:\/\/multi-diver.com\/producto\/castell-inflable-boti-boti-gormiti\/\",\"name\":\"Hinchable bote bote gormiti - Multi Diver\",\"isPartOf\":{\"@id\":\"https:\/\/multi-diver.com\/#website\"},\"datePublished\":\"2023-03-16T20:14:32+00:00\",\"dateModified\":\"2023-07-20T14:53:08+00:00\",\"breadcrumb\":{\"@id\":\"https:\/\/multi-diver.com\/producto\/castell-inflable-boti-boti-gormiti\/#breadcrumb\"},\"inLanguage\":\"es\",\"potentialAction\":[{\"@type\":\"ReadAction\",\"target\":[\"https:\/\/multi-diver.com\/producto\/castell-inflable-boti-boti-gormiti\/\"]}]},{\"@type\":\"BreadcrumbList\",\"@id\":\"https:\/\/multi-diver.com\/producto\/castell-inflable-boti-boti-gormiti\/#breadcrumb\",\"itemListElement\":[{\"@type\":\"ListItem\",\"position\":1,\"name\":\"Inici\",\"item\":\"https:\/\/multi-diver.com\/\"},{\"@type\":\"ListItem\",\"position\":2,\"name\":\"Cat\u00e1logo\",\"item\":\"https:\/\/multi-diver.com\/cataleg\/\"},{\"@type\":\"ListItem\",\"position\":3,\"name\":\"Hinchable bote bote gormiti\"}]},{\"@type\":\"WebSite\",\"@id\":\"https:\/\/multi-diver.com\/#website\",\"url\":\"https:\/\/multi-diver.com\/\",\"name\":\"Multi Diver\",\"description\":\"Lloguer d&#039;atraccions i castells inflables\",\"potentialAction\":[{\"@type\":\"SearchAction\",\"target\":{\"@type\":\"EntryPoint\",\"urlTemplate\":\"https:\/\/multi-diver.com\/?s={search_term_string}\"},\"query-input\":\"required name=search_term_string\"}],\"inLanguage\":\"es\"}]}<\/script>\n<!-- \/ Yoast SEO plugin. -->","yoast_head_json":{"title":"Hinchable bote bote gormiti - Multi Diver","robots":{"index":"index","follow":"follow","max-snippet":"max-snippet:-1","max-image-preview":"max-image-preview:large","max-video-preview":"max-video-preview:-1"},"canonical":"https:\/\/multi-diver.com\/producto\/castell-inflable-boti-boti-gormiti\/","og_locale":"es_ES","og_type":"article","og_title":"Hinchable bote bote gormiti - Multi Diver","og_description":"El castillo hinchable gormiti consta de un espacio boti boti con obst\u00e1culos para saltar y jugar. Para ni\u00f1os y ni\u00f1as de hasta 8 a\u00f1os. Ideal para todo tipo de eventos: fiestas mayores, fiestas escolares, promociones de empresa, comuniones, cumplea\u00f1os&#8230; Detalles de la atracci\u00f3n Medidas: 4 m x 6 m x 2,90 m. Capacidad: Aproximadamente 8\/10 [&hellip;]","og_url":"https:\/\/multi-diver.com\/producto\/castell-inflable-boti-boti-gormiti\/","og_site_name":"Multi Diver","article_modified_time":"2023-07-20T14:53:08+00:00","og_image":[{"width":800,"height":500,"url":"https:\/\/multi-diver.com\/wp-content\/uploads\/2023\/03\/gormiti.jpg","type":"image\/jpeg"}],"twitter_card":"summary_large_image","schema":{"@context":"https:\/\/schema.org","@graph":[{"@type":"WebPage","@id":"https:\/\/multi-diver.com\/producto\/castell-inflable-boti-boti-gormiti\/","url":"https:\/\/multi-diver.com\/producto\/castell-inflable-boti-boti-gormiti\/","name":"Hinchable bote bote gormiti - Multi Diver","isPartOf":{"@id":"https:\/\/multi-diver.com\/#website"},"datePublished":"2023-03-16T20:14:32+00:00","dateModified":"2023-07-20T14:53:08+00:00","breadcrumb":{"@id":"https:\/\/multi-diver.com\/producto\/castell-inflable-boti-boti-gormiti\/#breadcrumb"},"inLanguage":"es","potentialAction":[{"@type":"ReadAction","target":["https:\/\/multi-diver.com\/producto\/castell-inflable-boti-boti-gormiti\/"]}]},{"@type":"BreadcrumbList","@id":"https:\/\/multi-diver.com\/producto\/castell-inflable-boti-boti-gormiti\/#breadcrumb","itemListElement":[{"@type":"ListItem","position":1,"name":"Inici","item":"https:\/\/multi-diver.com\/"},{"@type":"ListItem","position":2,"name":"Cat\u00e1logo","item":"https:\/\/multi-diver.com\/cataleg\/"},{"@type":"ListItem","position":3,"name":"Hinchable bote bote gormiti"}]},{"@type":"WebSite","@id":"https:\/\/multi-diver.com\/#website","url":"https:\/\/multi-diver.com\/","name":"Multi Diver","description":"Lloguer d&#039;atraccions i castells inflables","potentialAction":[{"@type":"SearchAction","target":{"@type":"EntryPoint","urlTemplate":"https:\/\/multi-diver.com\/?s={search_term_string}"},"query-input":"required name=search_term_string"}],"inLanguage":"es"}]}},"_links":{"self":[{"href":"https:\/\/multi-diver.com\/es\/wp-json\/wp\/v2\/product\/8245","targetHints":{"allow":["GET"]}}],"collection":[{"href":"https:\/\/multi-diver.com\/es\/wp-json\/wp\/v2\/product"}],"about":[{"href":"https:\/\/multi-diver.com\/es\/wp-json\/wp\/v2\/types\/product"}],"wp:featuredmedia":[{"embeddable":true,"href":"https:\/\/multi-diver.com\/es\/wp-json\/wp\/v2\/media\/7906"}],"wp:attachment":[{"href":"https:\/\/multi-diver.com\/es\/wp-json\/wp\/v2\/media?parent=8245"}],"wp:term":[{"taxonomy":"product_cat","embeddable":true,"href":"https:\/\/multi-diver.com\/es\/wp-json\/wp\/v2\/product_cat?post=8245"},{"taxonomy":"product_tag","embeddable":true,"href":"https:\/\/multi-diver.com\/es\/wp-json\/wp\/v2\/product_tag?post=8245"}],"curies":[{"name":"wp","href":"https:\/\/api.w.org\/{rel}","templated":true}]}}