{"id":8252,"date":"2023-03-15T21:08:44","date_gmt":"2023-03-15T20:08:44","guid":{"rendered":"https:\/\/multi-diver.com\/product\/maquina-algodon-de-azucar\/"},"modified":"2023-07-20T16:58:29","modified_gmt":"2023-07-20T14:58:29","slug":"maquina-algodon-de-azucar","status":"publish","type":"product","link":"https:\/\/multi-diver.com\/es\/producto\/maquina-algodon-de-azucar\/","title":{"rendered":"M\u00e1quina algod\u00f3n de az\u00facar"},"content":{"rendered":"<p>Disfruta de un delicioso algod\u00f3n de az\u00facar.<\/p>\n<p>Un complemento dulce para sus fiestas.<\/p>\n<p><strong>Es necesario una toma de corriente (1500 W).<\/strong><\/p>\n<p><strong>Detalles de la atracci\u00f3n<\/strong><\/p>\n<ul>\n<li><strong>Medidas<\/strong>: 1,0 m x 1,0 m<\/li>\n<li><strong>Potencia<\/strong>: 1500 W<\/li>\n<\/ul>\n","protected":false},"excerpt":{"rendered":"<p>Disfruta de un delicioso algod\u00f3n de az\u00facar. Un complemento dulce para sus fiestas. Es necesario una toma de corriente (1500 W). Detalles de la atracci\u00f3n Medidas: 1,0 m x 1,0 m Potencia: 1500 W<\/p>\n","protected":false},"featured_media":7897,"template":"","meta":{"om_disable_all_campaigns":false,"_monsterinsights_skip_tracking":false,"_monsterinsights_sitenote_active":false,"_monsterinsights_sitenote_note":"","_monsterinsights_sitenote_category":0},"product_cat":[146],"product_tag":[],"class_list":["post-8252","product","type-product","status-publish","has-post-thumbnail","hentry","product_cat-salado-y-dulce"],"aioseo_notices":[],"yoast_head":"<!-- This site is optimized with the Yoast SEO plugin v21.5 - https:\/\/yoast.com\/wordpress\/plugins\/seo\/ -->\n<title>M\u00e1quina algod\u00f3n de az\u00facar - Multi Diver<\/title>\n<meta name=\"robots\" content=\"index, follow, max-snippet:-1, max-image-preview:large, max-video-preview:-1\" \/>\n<link rel=\"canonical\" href=\"https:\/\/multi-diver.com\/producto\/maquina-coto-de-sucre\/\" \/>\n<meta property=\"og:locale\" content=\"es_ES\" \/>\n<meta property=\"og:type\" content=\"article\" \/>\n<meta property=\"og:title\" content=\"M\u00e1quina algod\u00f3n de az\u00facar - Multi Diver\" \/>\n<meta property=\"og:description\" content=\"Disfruta de un delicioso algod\u00f3n de az\u00facar. Un complemento dulce para sus fiestas. Es necesario una toma de corriente (1500 W). Detalles de la atracci\u00f3n Medidas: 1,0 m x 1,0 m Potencia: 1500 W\" \/>\n<meta property=\"og:url\" content=\"https:\/\/multi-diver.com\/producto\/maquina-coto-de-sucre\/\" \/>\n<meta property=\"og:site_name\" content=\"Multi Diver\" \/>\n<meta property=\"article:modified_time\" content=\"2023-07-20T14:58:29+00:00\" \/>\n<meta property=\"og:image\" content=\"https:\/\/multi-diver.com\/wp-content\/uploads\/2023\/03\/maquina-coto-sucre.jpg\" \/>\n\t<meta property=\"og:image:width\" content=\"800\" \/>\n\t<meta property=\"og:image:height\" content=\"500\" \/>\n\t<meta property=\"og:image:type\" content=\"image\/jpeg\" \/>\n<meta name=\"twitter:card\" content=\"summary_large_image\" \/>\n<script type=\"application\/ld+json\" class=\"yoast-schema-graph\">{\"@context\":\"https:\/\/schema.org\",\"@graph\":[{\"@type\":\"WebPage\",\"@id\":\"https:\/\/multi-diver.com\/producto\/maquina-coto-de-sucre\/\",\"url\":\"https:\/\/multi-diver.com\/producto\/maquina-coto-de-sucre\/\",\"name\":\"M\u00e1quina algod\u00f3n de az\u00facar - Multi Diver\",\"isPartOf\":{\"@id\":\"https:\/\/multi-diver.com\/#website\"},\"datePublished\":\"2023-03-15T20:08:44+00:00\",\"dateModified\":\"2023-07-20T14:58:29+00:00\",\"breadcrumb\":{\"@id\":\"https:\/\/multi-diver.com\/producto\/maquina-coto-de-sucre\/#breadcrumb\"},\"inLanguage\":\"es\",\"potentialAction\":[{\"@type\":\"ReadAction\",\"target\":[\"https:\/\/multi-diver.com\/producto\/maquina-coto-de-sucre\/\"]}]},{\"@type\":\"BreadcrumbList\",\"@id\":\"https:\/\/multi-diver.com\/producto\/maquina-coto-de-sucre\/#breadcrumb\",\"itemListElement\":[{\"@type\":\"ListItem\",\"position\":1,\"name\":\"Inici\",\"item\":\"https:\/\/multi-diver.com\/\"},{\"@type\":\"ListItem\",\"position\":2,\"name\":\"Cat\u00e1logo\",\"item\":\"https:\/\/multi-diver.com\/cataleg\/\"},{\"@type\":\"ListItem\",\"position\":3,\"name\":\"M\u00e1quina algod\u00f3n de az\u00facar\"}]},{\"@type\":\"WebSite\",\"@id\":\"https:\/\/multi-diver.com\/#website\",\"url\":\"https:\/\/multi-diver.com\/\",\"name\":\"Multi Diver\",\"description\":\"Lloguer d&#039;atraccions i castells inflables\",\"potentialAction\":[{\"@type\":\"SearchAction\",\"target\":{\"@type\":\"EntryPoint\",\"urlTemplate\":\"https:\/\/multi-diver.com\/?s={search_term_string}\"},\"query-input\":\"required name=search_term_string\"}],\"inLanguage\":\"es\"}]}<\/script>\n<!-- \/ Yoast SEO plugin. -->","yoast_head_json":{"title":"M\u00e1quina algod\u00f3n de az\u00facar - Multi Diver","robots":{"index":"index","follow":"follow","max-snippet":"max-snippet:-1","max-image-preview":"max-image-preview:large","max-video-preview":"max-video-preview:-1"},"canonical":"https:\/\/multi-diver.com\/producto\/maquina-coto-de-sucre\/","og_locale":"es_ES","og_type":"article","og_title":"M\u00e1quina algod\u00f3n de az\u00facar - Multi Diver","og_description":"Disfruta de un delicioso algod\u00f3n de az\u00facar. Un complemento dulce para sus fiestas. Es necesario una toma de corriente (1500 W). Detalles de la atracci\u00f3n Medidas: 1,0 m x 1,0 m Potencia: 1500 W","og_url":"https:\/\/multi-diver.com\/producto\/maquina-coto-de-sucre\/","og_site_name":"Multi Diver","article_modified_time":"2023-07-20T14:58:29+00:00","og_image":[{"width":800,"height":500,"url":"https:\/\/multi-diver.com\/wp-content\/uploads\/2023\/03\/maquina-coto-sucre.jpg","type":"image\/jpeg"}],"twitter_card":"summary_large_image","schema":{"@context":"https:\/\/schema.org","@graph":[{"@type":"WebPage","@id":"https:\/\/multi-diver.com\/producto\/maquina-coto-de-sucre\/","url":"https:\/\/multi-diver.com\/producto\/maquina-coto-de-sucre\/","name":"M\u00e1quina algod\u00f3n de az\u00facar - Multi Diver","isPartOf":{"@id":"https:\/\/multi-diver.com\/#website"},"datePublished":"2023-03-15T20:08:44+00:00","dateModified":"2023-07-20T14:58:29+00:00","breadcrumb":{"@id":"https:\/\/multi-diver.com\/producto\/maquina-coto-de-sucre\/#breadcrumb"},"inLanguage":"es","potentialAction":[{"@type":"ReadAction","target":["https:\/\/multi-diver.com\/producto\/maquina-coto-de-sucre\/"]}]},{"@type":"BreadcrumbList","@id":"https:\/\/multi-diver.com\/producto\/maquina-coto-de-sucre\/#breadcrumb","itemListElement":[{"@type":"ListItem","position":1,"name":"Inici","item":"https:\/\/multi-diver.com\/"},{"@type":"ListItem","position":2,"name":"Cat\u00e1logo","item":"https:\/\/multi-diver.com\/cataleg\/"},{"@type":"ListItem","position":3,"name":"M\u00e1quina algod\u00f3n de az\u00facar"}]},{"@type":"WebSite","@id":"https:\/\/multi-diver.com\/#website","url":"https:\/\/multi-diver.com\/","name":"Multi Diver","description":"Lloguer d&#039;atraccions i castells inflables","potentialAction":[{"@type":"SearchAction","target":{"@type":"EntryPoint","urlTemplate":"https:\/\/multi-diver.com\/?s={search_term_string}"},"query-input":"required name=search_term_string"}],"inLanguage":"es"}]}},"_links":{"self":[{"href":"https:\/\/multi-diver.com\/es\/wp-json\/wp\/v2\/product\/8252","targetHints":{"allow":["GET"]}}],"collection":[{"href":"https:\/\/multi-diver.com\/es\/wp-json\/wp\/v2\/product"}],"about":[{"href":"https:\/\/multi-diver.com\/es\/wp-json\/wp\/v2\/types\/product"}],"wp:featuredmedia":[{"embeddable":true,"href":"https:\/\/multi-diver.com\/es\/wp-json\/wp\/v2\/media\/7897"}],"wp:attachment":[{"href":"https:\/\/multi-diver.com\/es\/wp-json\/wp\/v2\/media?parent=8252"}],"wp:term":[{"taxonomy":"product_cat","embeddable":true,"href":"https:\/\/multi-diver.com\/es\/wp-json\/wp\/v2\/product_cat?post=8252"},{"taxonomy":"product_tag","embeddable":true,"href":"https:\/\/multi-diver.com\/es\/wp-json\/wp\/v2\/product_tag?post=8252"}],"curies":[{"name":"wp","href":"https:\/\/api.w.org\/{rel}","templated":true}]}}