{"id":8254,"date":"2023-03-16T20:58:12","date_gmt":"2023-03-16T19:58:12","guid":{"rendered":"https:\/\/multi-diver.com\/product\/castillo-hinchable-rampa-multi-colores\/"},"modified":"2023-07-20T16:55:23","modified_gmt":"2023-07-20T14:55:23","slug":"castillo-hinchable-rampa-multi-colores","status":"publish","type":"product","link":"https:\/\/multi-diver.com\/es\/producto\/castillo-hinchable-rampa-multi-colores\/","title":{"rendered":"Castillo hinchable rampa multi colores"},"content":{"rendered":"<p>El castillo hinchable multi colores es una gran rampa que consta de unos escalones para subir hasta arriba del tobog\u00e1n, para despu\u00e9s tirarse de una altura de 6 metros.<\/p>\n<p>Es para ni\u00f1os a partir de 5 a\u00f1os. Se combina alternando colas de peque\u00f1os y mayores.<\/p>\n<p>Ideal para todo tipo de eventos: fiestas mayores, fiestas escolares, promociones de empresa, comuniones, cumplea\u00f1os&#8230;<\/p>\n<p><strong>Detalles de la atracci\u00f3n<\/strong><\/p>\n<ul>\n<li><strong>Medidas<\/strong>: 5 m x 9 m x 7 m.<\/li>\n<li><strong>Capacidad<\/strong>: Aproximadamente 14\/16 ni\u00f1os<\/li>\n<li><strong>Decoraci\u00f3n<\/strong>: Colores<\/li>\n<li><strong>Categor\u00eda<\/strong>: Grande XL<\/li>\n<\/ul>\n","protected":false},"excerpt":{"rendered":"<p>El castillo hinchable multi colores es una gran rampa que consta de unos escalones para subir hasta arriba del tobog\u00e1n, para despu\u00e9s tirarse de una altura de 6 metros. Es para ni\u00f1os a partir de 5 a\u00f1os. Se combina alternando colas de peque\u00f1os y mayores. Ideal para todo tipo de eventos: fiestas mayores, fiestas escolares, [&hellip;]<\/p>\n","protected":false},"featured_media":8124,"template":"","meta":{"om_disable_all_campaigns":false,"_monsterinsights_skip_tracking":false,"_monsterinsights_sitenote_active":false,"_monsterinsights_sitenote_note":"","_monsterinsights_sitenote_category":0},"product_cat":[116,147,144],"product_tag":[],"class_list":["post-8254","product","type-product","status-publish","has-post-thumbnail","hentry","product_cat-hinchables-terrestres","product_cat-jovenes-y-adultos","product_cat-rampas"],"aioseo_notices":[],"yoast_head":"<!-- This site is optimized with the Yoast SEO plugin v21.5 - https:\/\/yoast.com\/wordpress\/plugins\/seo\/ -->\n<title>Castillo hinchable rampa multi colores - Multi Diver<\/title>\n<meta name=\"robots\" content=\"index, follow, max-snippet:-1, max-image-preview:large, max-video-preview:-1\" \/>\n<link rel=\"canonical\" href=\"https:\/\/multi-diver.com\/producto\/castell-inflable-rampa-multi-colors\/\" \/>\n<meta property=\"og:locale\" content=\"es_ES\" \/>\n<meta property=\"og:type\" content=\"article\" \/>\n<meta property=\"og:title\" content=\"Castillo hinchable rampa multi colores - Multi Diver\" \/>\n<meta property=\"og:description\" content=\"El castillo hinchable multi colores es una gran rampa que consta de unos escalones para subir hasta arriba del tobog\u00e1n, para despu\u00e9s tirarse de una altura de 6 metros. Es para ni\u00f1os a partir de 5 a\u00f1os. Se combina alternando colas de peque\u00f1os y mayores. Ideal para todo tipo de eventos: fiestas mayores, fiestas escolares, [&hellip;]\" \/>\n<meta property=\"og:url\" content=\"https:\/\/multi-diver.com\/producto\/castell-inflable-rampa-multi-colors\/\" \/>\n<meta property=\"og:site_name\" content=\"Multi Diver\" \/>\n<meta property=\"article:modified_time\" content=\"2023-07-20T14:55:23+00:00\" \/>\n<meta property=\"og:image\" content=\"https:\/\/multi-diver.com\/wp-content\/uploads\/2023\/03\/rampa-multicolor.jpg\" \/>\n\t<meta property=\"og:image:width\" content=\"800\" \/>\n\t<meta property=\"og:image:height\" content=\"500\" \/>\n\t<meta property=\"og:image:type\" content=\"image\/jpeg\" \/>\n<meta name=\"twitter:card\" content=\"summary_large_image\" \/>\n<script type=\"application\/ld+json\" class=\"yoast-schema-graph\">{\"@context\":\"https:\/\/schema.org\",\"@graph\":[{\"@type\":\"WebPage\",\"@id\":\"https:\/\/multi-diver.com\/producto\/castell-inflable-rampa-multi-colors\/\",\"url\":\"https:\/\/multi-diver.com\/producto\/castell-inflable-rampa-multi-colors\/\",\"name\":\"Castillo hinchable rampa multi colores - Multi Diver\",\"isPartOf\":{\"@id\":\"https:\/\/multi-diver.com\/#website\"},\"datePublished\":\"2023-03-16T19:58:12+00:00\",\"dateModified\":\"2023-07-20T14:55:23+00:00\",\"breadcrumb\":{\"@id\":\"https:\/\/multi-diver.com\/producto\/castell-inflable-rampa-multi-colors\/#breadcrumb\"},\"inLanguage\":\"es\",\"potentialAction\":[{\"@type\":\"ReadAction\",\"target\":[\"https:\/\/multi-diver.com\/producto\/castell-inflable-rampa-multi-colors\/\"]}]},{\"@type\":\"BreadcrumbList\",\"@id\":\"https:\/\/multi-diver.com\/producto\/castell-inflable-rampa-multi-colors\/#breadcrumb\",\"itemListElement\":[{\"@type\":\"ListItem\",\"position\":1,\"name\":\"Inici\",\"item\":\"https:\/\/multi-diver.com\/\"},{\"@type\":\"ListItem\",\"position\":2,\"name\":\"Cat\u00e1logo\",\"item\":\"https:\/\/multi-diver.com\/cataleg\/\"},{\"@type\":\"ListItem\",\"position\":3,\"name\":\"Castillo hinchable rampa multi colores\"}]},{\"@type\":\"WebSite\",\"@id\":\"https:\/\/multi-diver.com\/#website\",\"url\":\"https:\/\/multi-diver.com\/\",\"name\":\"Multi Diver\",\"description\":\"Lloguer d&#039;atraccions i castells inflables\",\"potentialAction\":[{\"@type\":\"SearchAction\",\"target\":{\"@type\":\"EntryPoint\",\"urlTemplate\":\"https:\/\/multi-diver.com\/?s={search_term_string}\"},\"query-input\":\"required name=search_term_string\"}],\"inLanguage\":\"es\"}]}<\/script>\n<!-- \/ Yoast SEO plugin. -->","yoast_head_json":{"title":"Castillo hinchable rampa multi colores - Multi Diver","robots":{"index":"index","follow":"follow","max-snippet":"max-snippet:-1","max-image-preview":"max-image-preview:large","max-video-preview":"max-video-preview:-1"},"canonical":"https:\/\/multi-diver.com\/producto\/castell-inflable-rampa-multi-colors\/","og_locale":"es_ES","og_type":"article","og_title":"Castillo hinchable rampa multi colores - Multi Diver","og_description":"El castillo hinchable multi colores es una gran rampa que consta de unos escalones para subir hasta arriba del tobog\u00e1n, para despu\u00e9s tirarse de una altura de 6 metros. Es para ni\u00f1os a partir de 5 a\u00f1os. Se combina alternando colas de peque\u00f1os y mayores. Ideal para todo tipo de eventos: fiestas mayores, fiestas escolares, [&hellip;]","og_url":"https:\/\/multi-diver.com\/producto\/castell-inflable-rampa-multi-colors\/","og_site_name":"Multi Diver","article_modified_time":"2023-07-20T14:55:23+00:00","og_image":[{"width":800,"height":500,"url":"https:\/\/multi-diver.com\/wp-content\/uploads\/2023\/03\/rampa-multicolor.jpg","type":"image\/jpeg"}],"twitter_card":"summary_large_image","schema":{"@context":"https:\/\/schema.org","@graph":[{"@type":"WebPage","@id":"https:\/\/multi-diver.com\/producto\/castell-inflable-rampa-multi-colors\/","url":"https:\/\/multi-diver.com\/producto\/castell-inflable-rampa-multi-colors\/","name":"Castillo hinchable rampa multi colores - Multi Diver","isPartOf":{"@id":"https:\/\/multi-diver.com\/#website"},"datePublished":"2023-03-16T19:58:12+00:00","dateModified":"2023-07-20T14:55:23+00:00","breadcrumb":{"@id":"https:\/\/multi-diver.com\/producto\/castell-inflable-rampa-multi-colors\/#breadcrumb"},"inLanguage":"es","potentialAction":[{"@type":"ReadAction","target":["https:\/\/multi-diver.com\/producto\/castell-inflable-rampa-multi-colors\/"]}]},{"@type":"BreadcrumbList","@id":"https:\/\/multi-diver.com\/producto\/castell-inflable-rampa-multi-colors\/#breadcrumb","itemListElement":[{"@type":"ListItem","position":1,"name":"Inici","item":"https:\/\/multi-diver.com\/"},{"@type":"ListItem","position":2,"name":"Cat\u00e1logo","item":"https:\/\/multi-diver.com\/cataleg\/"},{"@type":"ListItem","position":3,"name":"Castillo hinchable rampa multi colores"}]},{"@type":"WebSite","@id":"https:\/\/multi-diver.com\/#website","url":"https:\/\/multi-diver.com\/","name":"Multi Diver","description":"Lloguer d&#039;atraccions i castells inflables","potentialAction":[{"@type":"SearchAction","target":{"@type":"EntryPoint","urlTemplate":"https:\/\/multi-diver.com\/?s={search_term_string}"},"query-input":"required name=search_term_string"}],"inLanguage":"es"}]}},"_links":{"self":[{"href":"https:\/\/multi-diver.com\/es\/wp-json\/wp\/v2\/product\/8254","targetHints":{"allow":["GET"]}}],"collection":[{"href":"https:\/\/multi-diver.com\/es\/wp-json\/wp\/v2\/product"}],"about":[{"href":"https:\/\/multi-diver.com\/es\/wp-json\/wp\/v2\/types\/product"}],"wp:featuredmedia":[{"embeddable":true,"href":"https:\/\/multi-diver.com\/es\/wp-json\/wp\/v2\/media\/8124"}],"wp:attachment":[{"href":"https:\/\/multi-diver.com\/es\/wp-json\/wp\/v2\/media?parent=8254"}],"wp:term":[{"taxonomy":"product_cat","embeddable":true,"href":"https:\/\/multi-diver.com\/es\/wp-json\/wp\/v2\/product_cat?post=8254"},{"taxonomy":"product_tag","embeddable":true,"href":"https:\/\/multi-diver.com\/es\/wp-json\/wp\/v2\/product_tag?post=8254"}],"curies":[{"name":"wp","href":"https:\/\/api.w.org\/{rel}","templated":true}]}}