{"id":8255,"date":"2023-03-16T21:54:17","date_gmt":"2023-03-16T20:54:17","guid":{"rendered":"https:\/\/multi-diver.com\/product\/castillo-hinchable-refrescante-tobogan-verde\/"},"modified":"2023-07-20T16:42:28","modified_gmt":"2023-07-20T14:42:28","slug":"castillo-hinchable-refrescante-tobogan-verde","status":"publish","type":"product","link":"https:\/\/multi-diver.com\/es\/producto\/castillo-hinchable-refrescante-tobogan-verde\/","title":{"rendered":"Castillo hinchable refrescante tobog\u00e1n verde"},"content":{"rendered":"<p>El castillo hinchable tobog\u00e1n con agua es una gran rampa que consta de unos escalones para poder subir hasta lo alto del tobog\u00e1n, para despu\u00e9s lanzarte mientras te remojas. \u00a1Al final encontrar\u00e1s una piscina para refrescarte!<\/p>\n<p>Es para ni\u00f1os a partir de 5 a\u00f1os.<\/p>\n<p>Ideal para todo tipo de eventos: fiestas mayores, fiestas escolares, promociones de empresa, cumplea\u00f1os&#8230;<\/p>\n<p><strong>Necesita conexi\u00f3n a una manguera de jard\u00edn est\u00e1ndar<\/strong>.<\/p>\n<p><strong>Detalles de la atracci\u00f3n<\/strong><\/p>\n<ul>\n<li><strong>Medidas<\/strong>: 5 m x 10,5 m x 5,5 m.<\/li>\n<li><strong>Capacidad<\/strong>: Rotativo<\/li>\n<\/ul>\n","protected":false},"excerpt":{"rendered":"<p>El castillo hinchable tobog\u00e1n con agua es una gran rampa que consta de unos escalones para poder subir hasta lo alto del tobog\u00e1n, para despu\u00e9s lanzarte mientras te remojas. \u00a1Al final encontrar\u00e1s una piscina para refrescarte! Es para ni\u00f1os a partir de 5 a\u00f1os. Ideal para todo tipo de eventos: fiestas mayores, fiestas escolares, promociones [&hellip;]<\/p>\n","protected":false},"featured_media":7894,"template":"","meta":{"om_disable_all_campaigns":false,"_monsterinsights_skip_tracking":false,"_monsterinsights_sitenote_active":false,"_monsterinsights_sitenote_note":"","_monsterinsights_sitenote_category":0},"product_cat":[139,147,140],"product_tag":[],"class_list":["post-8255","product","type-product","status-publish","has-post-thumbnail","hentry","product_cat-hinchables-de-agua","product_cat-jovenes-y-adultos","product_cat-refrescantes"],"aioseo_notices":[],"yoast_head":"<!-- This site is optimized with the Yoast SEO plugin v21.5 - https:\/\/yoast.com\/wordpress\/plugins\/seo\/ -->\n<title>Castillo hinchable refrescante tobog\u00e1n verde - Multi Diver<\/title>\n<meta name=\"robots\" content=\"index, follow, max-snippet:-1, max-image-preview:large, max-video-preview:-1\" \/>\n<link rel=\"canonical\" href=\"https:\/\/multi-diver.com\/producto\/castell-inflable-refrescant-tobogan-verd\/\" \/>\n<meta property=\"og:locale\" content=\"es_ES\" \/>\n<meta property=\"og:type\" content=\"article\" \/>\n<meta property=\"og:title\" content=\"Castillo hinchable refrescante tobog\u00e1n verde - Multi Diver\" \/>\n<meta property=\"og:description\" content=\"El castillo hinchable tobog\u00e1n con agua es una gran rampa que consta de unos escalones para poder subir hasta lo alto del tobog\u00e1n, para despu\u00e9s lanzarte mientras te remojas. \u00a1Al final encontrar\u00e1s una piscina para refrescarte! Es para ni\u00f1os a partir de 5 a\u00f1os. Ideal para todo tipo de eventos: fiestas mayores, fiestas escolares, promociones [&hellip;]\" \/>\n<meta property=\"og:url\" content=\"https:\/\/multi-diver.com\/producto\/castell-inflable-refrescant-tobogan-verd\/\" \/>\n<meta property=\"og:site_name\" content=\"Multi Diver\" \/>\n<meta property=\"article:modified_time\" content=\"2023-07-20T14:42:28+00:00\" \/>\n<meta property=\"og:image\" content=\"https:\/\/multi-diver.com\/wp-content\/uploads\/2023\/03\/castell-refrescant.jpg\" \/>\n\t<meta property=\"og:image:width\" content=\"800\" \/>\n\t<meta property=\"og:image:height\" content=\"500\" \/>\n\t<meta property=\"og:image:type\" content=\"image\/jpeg\" \/>\n<meta name=\"twitter:card\" content=\"summary_large_image\" \/>\n<script type=\"application\/ld+json\" class=\"yoast-schema-graph\">{\"@context\":\"https:\/\/schema.org\",\"@graph\":[{\"@type\":\"WebPage\",\"@id\":\"https:\/\/multi-diver.com\/producto\/castell-inflable-refrescant-tobogan-verd\/\",\"url\":\"https:\/\/multi-diver.com\/producto\/castell-inflable-refrescant-tobogan-verd\/\",\"name\":\"Castillo hinchable refrescante tobog\u00e1n verde - Multi Diver\",\"isPartOf\":{\"@id\":\"https:\/\/multi-diver.com\/#website\"},\"datePublished\":\"2023-03-16T20:54:17+00:00\",\"dateModified\":\"2023-07-20T14:42:28+00:00\",\"breadcrumb\":{\"@id\":\"https:\/\/multi-diver.com\/producto\/castell-inflable-refrescant-tobogan-verd\/#breadcrumb\"},\"inLanguage\":\"es\",\"potentialAction\":[{\"@type\":\"ReadAction\",\"target\":[\"https:\/\/multi-diver.com\/producto\/castell-inflable-refrescant-tobogan-verd\/\"]}]},{\"@type\":\"BreadcrumbList\",\"@id\":\"https:\/\/multi-diver.com\/producto\/castell-inflable-refrescant-tobogan-verd\/#breadcrumb\",\"itemListElement\":[{\"@type\":\"ListItem\",\"position\":1,\"name\":\"Inici\",\"item\":\"https:\/\/multi-diver.com\/\"},{\"@type\":\"ListItem\",\"position\":2,\"name\":\"Cat\u00e1logo\",\"item\":\"https:\/\/multi-diver.com\/cataleg\/\"},{\"@type\":\"ListItem\",\"position\":3,\"name\":\"Castillo hinchable refrescante tobog\u00e1n verde\"}]},{\"@type\":\"WebSite\",\"@id\":\"https:\/\/multi-diver.com\/#website\",\"url\":\"https:\/\/multi-diver.com\/\",\"name\":\"Multi Diver\",\"description\":\"Lloguer d&#039;atraccions i castells inflables\",\"potentialAction\":[{\"@type\":\"SearchAction\",\"target\":{\"@type\":\"EntryPoint\",\"urlTemplate\":\"https:\/\/multi-diver.com\/?s={search_term_string}\"},\"query-input\":\"required name=search_term_string\"}],\"inLanguage\":\"es\"}]}<\/script>\n<!-- \/ Yoast SEO plugin. -->","yoast_head_json":{"title":"Castillo hinchable refrescante tobog\u00e1n verde - Multi Diver","robots":{"index":"index","follow":"follow","max-snippet":"max-snippet:-1","max-image-preview":"max-image-preview:large","max-video-preview":"max-video-preview:-1"},"canonical":"https:\/\/multi-diver.com\/producto\/castell-inflable-refrescant-tobogan-verd\/","og_locale":"es_ES","og_type":"article","og_title":"Castillo hinchable refrescante tobog\u00e1n verde - Multi Diver","og_description":"El castillo hinchable tobog\u00e1n con agua es una gran rampa que consta de unos escalones para poder subir hasta lo alto del tobog\u00e1n, para despu\u00e9s lanzarte mientras te remojas. \u00a1Al final encontrar\u00e1s una piscina para refrescarte! Es para ni\u00f1os a partir de 5 a\u00f1os. Ideal para todo tipo de eventos: fiestas mayores, fiestas escolares, promociones [&hellip;]","og_url":"https:\/\/multi-diver.com\/producto\/castell-inflable-refrescant-tobogan-verd\/","og_site_name":"Multi Diver","article_modified_time":"2023-07-20T14:42:28+00:00","og_image":[{"width":800,"height":500,"url":"https:\/\/multi-diver.com\/wp-content\/uploads\/2023\/03\/castell-refrescant.jpg","type":"image\/jpeg"}],"twitter_card":"summary_large_image","schema":{"@context":"https:\/\/schema.org","@graph":[{"@type":"WebPage","@id":"https:\/\/multi-diver.com\/producto\/castell-inflable-refrescant-tobogan-verd\/","url":"https:\/\/multi-diver.com\/producto\/castell-inflable-refrescant-tobogan-verd\/","name":"Castillo hinchable refrescante tobog\u00e1n verde - Multi Diver","isPartOf":{"@id":"https:\/\/multi-diver.com\/#website"},"datePublished":"2023-03-16T20:54:17+00:00","dateModified":"2023-07-20T14:42:28+00:00","breadcrumb":{"@id":"https:\/\/multi-diver.com\/producto\/castell-inflable-refrescant-tobogan-verd\/#breadcrumb"},"inLanguage":"es","potentialAction":[{"@type":"ReadAction","target":["https:\/\/multi-diver.com\/producto\/castell-inflable-refrescant-tobogan-verd\/"]}]},{"@type":"BreadcrumbList","@id":"https:\/\/multi-diver.com\/producto\/castell-inflable-refrescant-tobogan-verd\/#breadcrumb","itemListElement":[{"@type":"ListItem","position":1,"name":"Inici","item":"https:\/\/multi-diver.com\/"},{"@type":"ListItem","position":2,"name":"Cat\u00e1logo","item":"https:\/\/multi-diver.com\/cataleg\/"},{"@type":"ListItem","position":3,"name":"Castillo hinchable refrescante tobog\u00e1n verde"}]},{"@type":"WebSite","@id":"https:\/\/multi-diver.com\/#website","url":"https:\/\/multi-diver.com\/","name":"Multi Diver","description":"Lloguer d&#039;atraccions i castells inflables","potentialAction":[{"@type":"SearchAction","target":{"@type":"EntryPoint","urlTemplate":"https:\/\/multi-diver.com\/?s={search_term_string}"},"query-input":"required name=search_term_string"}],"inLanguage":"es"}]}},"_links":{"self":[{"href":"https:\/\/multi-diver.com\/es\/wp-json\/wp\/v2\/product\/8255","targetHints":{"allow":["GET"]}}],"collection":[{"href":"https:\/\/multi-diver.com\/es\/wp-json\/wp\/v2\/product"}],"about":[{"href":"https:\/\/multi-diver.com\/es\/wp-json\/wp\/v2\/types\/product"}],"wp:featuredmedia":[{"embeddable":true,"href":"https:\/\/multi-diver.com\/es\/wp-json\/wp\/v2\/media\/7894"}],"wp:attachment":[{"href":"https:\/\/multi-diver.com\/es\/wp-json\/wp\/v2\/media?parent=8255"}],"wp:term":[{"taxonomy":"product_cat","embeddable":true,"href":"https:\/\/multi-diver.com\/es\/wp-json\/wp\/v2\/product_cat?post=8255"},{"taxonomy":"product_tag","embeddable":true,"href":"https:\/\/multi-diver.com\/es\/wp-json\/wp\/v2\/product_tag?post=8255"}],"curies":[{"name":"wp","href":"https:\/\/api.w.org\/{rel}","templated":true}]}}