{"id":8259,"date":"2023-03-16T20:39:06","date_gmt":"2023-03-16T19:39:06","guid":{"rendered":"https:\/\/multi-diver.com\/product\/castillo-hinchable-deportivo-y-competicion-wipe-out\/"},"modified":"2023-07-20T16:55:28","modified_gmt":"2023-07-20T14:55:28","slug":"castillo-hinchable-deportivo-y-competicion-wipe-out","status":"publish","type":"product","link":"https:\/\/multi-diver.com\/es\/producto\/castillo-hinchable-deportivo-y-competicion-wipe-out\/","title":{"rendered":"Castillo hinchable deportivo y competici\u00f3n wipe out"},"content":{"rendered":"<p>Demuestra tu habilidad pasando de un lado a otro sin caerse.<\/p>\n<p>Ideal para ni\u00f1os y ni\u00f1as a partir de 7 a\u00f1os y tambi\u00e9n para adultos.<\/p>\n<p>Para todo tipo de eventos: fiestas mayores, fiestas escolares, despedidas de soltero\/a, incentivos de empresa&#8230;<\/p>\n<p><strong>Detalles de la atracci\u00f3n<\/strong><\/p>\n<ul>\n<li><strong>Medidas<\/strong>: 5 m x 12 m x 2 m<\/li>\n<li><strong>Capacidad<\/strong>: Rotativo<\/li>\n<\/ul>\n","protected":false},"excerpt":{"rendered":"<p>Demuestra tu habilidad pasando de un lado a otro sin caerse. Ideal para ni\u00f1os y ni\u00f1as a partir de 7 a\u00f1os y tambi\u00e9n para adultos. Para todo tipo de eventos: fiestas mayores, fiestas escolares, despedidas de soltero\/a, incentivos de empresa&#8230; Detalles de la atracci\u00f3n Medidas: 5 m x 12 m x 2 m Capacidad: Rotativo<\/p>\n","protected":false},"featured_media":7887,"template":"","meta":{"om_disable_all_campaigns":false,"_monsterinsights_skip_tracking":false,"_monsterinsights_sitenote_active":false,"_monsterinsights_sitenote_note":"","_monsterinsights_sitenote_category":0},"product_cat":[142,116,147],"product_tag":[],"class_list":["post-8259","product","type-product","status-publish","has-post-thumbnail","hentry","product_cat-deportivos-y-de-competicion","product_cat-hinchables-terrestres","product_cat-jovenes-y-adultos"],"aioseo_notices":[],"yoast_head":"<!-- This site is optimized with the Yoast SEO plugin v21.5 - https:\/\/yoast.com\/wordpress\/plugins\/seo\/ -->\n<title>Castillo hinchable deportivo y competici\u00f3n wipe out - Multi Diver<\/title>\n<meta name=\"robots\" content=\"index, follow, max-snippet:-1, max-image-preview:large, max-video-preview:-1\" \/>\n<link rel=\"canonical\" href=\"https:\/\/multi-diver.com\/producto\/castell-inflable-esportiu-i-competicio-wipe-out\/\" \/>\n<meta property=\"og:locale\" content=\"es_ES\" \/>\n<meta property=\"og:type\" content=\"article\" \/>\n<meta property=\"og:title\" content=\"Castillo hinchable deportivo y competici\u00f3n wipe out - Multi Diver\" \/>\n<meta property=\"og:description\" content=\"Demuestra tu habilidad pasando de un lado a otro sin caerse. Ideal para ni\u00f1os y ni\u00f1as a partir de 7 a\u00f1os y tambi\u00e9n para adultos. Para todo tipo de eventos: fiestas mayores, fiestas escolares, despedidas de soltero\/a, incentivos de empresa&#8230; Detalles de la atracci\u00f3n Medidas: 5 m x 12 m x 2 m Capacidad: Rotativo\" \/>\n<meta property=\"og:url\" content=\"https:\/\/multi-diver.com\/producto\/castell-inflable-esportiu-i-competicio-wipe-out\/\" \/>\n<meta property=\"og:site_name\" content=\"Multi Diver\" \/>\n<meta property=\"article:modified_time\" content=\"2023-07-20T14:55:28+00:00\" \/>\n<meta property=\"og:image\" content=\"https:\/\/multi-diver.com\/wp-content\/uploads\/2023\/03\/wipeout.jpg\" \/>\n\t<meta property=\"og:image:width\" content=\"800\" \/>\n\t<meta property=\"og:image:height\" content=\"500\" \/>\n\t<meta property=\"og:image:type\" content=\"image\/jpeg\" \/>\n<meta name=\"twitter:card\" content=\"summary_large_image\" \/>\n<script type=\"application\/ld+json\" class=\"yoast-schema-graph\">{\"@context\":\"https:\/\/schema.org\",\"@graph\":[{\"@type\":\"WebPage\",\"@id\":\"https:\/\/multi-diver.com\/producto\/castell-inflable-esportiu-i-competicio-wipe-out\/\",\"url\":\"https:\/\/multi-diver.com\/producto\/castell-inflable-esportiu-i-competicio-wipe-out\/\",\"name\":\"Castillo hinchable deportivo y competici\u00f3n wipe out - Multi Diver\",\"isPartOf\":{\"@id\":\"https:\/\/multi-diver.com\/#website\"},\"datePublished\":\"2023-03-16T19:39:06+00:00\",\"dateModified\":\"2023-07-20T14:55:28+00:00\",\"breadcrumb\":{\"@id\":\"https:\/\/multi-diver.com\/producto\/castell-inflable-esportiu-i-competicio-wipe-out\/#breadcrumb\"},\"inLanguage\":\"es\",\"potentialAction\":[{\"@type\":\"ReadAction\",\"target\":[\"https:\/\/multi-diver.com\/producto\/castell-inflable-esportiu-i-competicio-wipe-out\/\"]}]},{\"@type\":\"BreadcrumbList\",\"@id\":\"https:\/\/multi-diver.com\/producto\/castell-inflable-esportiu-i-competicio-wipe-out\/#breadcrumb\",\"itemListElement\":[{\"@type\":\"ListItem\",\"position\":1,\"name\":\"Inici\",\"item\":\"https:\/\/multi-diver.com\/\"},{\"@type\":\"ListItem\",\"position\":2,\"name\":\"Cat\u00e1logo\",\"item\":\"https:\/\/multi-diver.com\/cataleg\/\"},{\"@type\":\"ListItem\",\"position\":3,\"name\":\"Castillo hinchable deportivo y competici\u00f3n wipe out\"}]},{\"@type\":\"WebSite\",\"@id\":\"https:\/\/multi-diver.com\/#website\",\"url\":\"https:\/\/multi-diver.com\/\",\"name\":\"Multi Diver\",\"description\":\"Lloguer d&#039;atraccions i castells inflables\",\"potentialAction\":[{\"@type\":\"SearchAction\",\"target\":{\"@type\":\"EntryPoint\",\"urlTemplate\":\"https:\/\/multi-diver.com\/?s={search_term_string}\"},\"query-input\":\"required name=search_term_string\"}],\"inLanguage\":\"es\"}]}<\/script>\n<!-- \/ Yoast SEO plugin. -->","yoast_head_json":{"title":"Castillo hinchable deportivo y competici\u00f3n wipe out - Multi Diver","robots":{"index":"index","follow":"follow","max-snippet":"max-snippet:-1","max-image-preview":"max-image-preview:large","max-video-preview":"max-video-preview:-1"},"canonical":"https:\/\/multi-diver.com\/producto\/castell-inflable-esportiu-i-competicio-wipe-out\/","og_locale":"es_ES","og_type":"article","og_title":"Castillo hinchable deportivo y competici\u00f3n wipe out - Multi Diver","og_description":"Demuestra tu habilidad pasando de un lado a otro sin caerse. Ideal para ni\u00f1os y ni\u00f1as a partir de 7 a\u00f1os y tambi\u00e9n para adultos. Para todo tipo de eventos: fiestas mayores, fiestas escolares, despedidas de soltero\/a, incentivos de empresa&#8230; Detalles de la atracci\u00f3n Medidas: 5 m x 12 m x 2 m Capacidad: Rotativo","og_url":"https:\/\/multi-diver.com\/producto\/castell-inflable-esportiu-i-competicio-wipe-out\/","og_site_name":"Multi Diver","article_modified_time":"2023-07-20T14:55:28+00:00","og_image":[{"width":800,"height":500,"url":"https:\/\/multi-diver.com\/wp-content\/uploads\/2023\/03\/wipeout.jpg","type":"image\/jpeg"}],"twitter_card":"summary_large_image","schema":{"@context":"https:\/\/schema.org","@graph":[{"@type":"WebPage","@id":"https:\/\/multi-diver.com\/producto\/castell-inflable-esportiu-i-competicio-wipe-out\/","url":"https:\/\/multi-diver.com\/producto\/castell-inflable-esportiu-i-competicio-wipe-out\/","name":"Castillo hinchable deportivo y competici\u00f3n wipe out - Multi Diver","isPartOf":{"@id":"https:\/\/multi-diver.com\/#website"},"datePublished":"2023-03-16T19:39:06+00:00","dateModified":"2023-07-20T14:55:28+00:00","breadcrumb":{"@id":"https:\/\/multi-diver.com\/producto\/castell-inflable-esportiu-i-competicio-wipe-out\/#breadcrumb"},"inLanguage":"es","potentialAction":[{"@type":"ReadAction","target":["https:\/\/multi-diver.com\/producto\/castell-inflable-esportiu-i-competicio-wipe-out\/"]}]},{"@type":"BreadcrumbList","@id":"https:\/\/multi-diver.com\/producto\/castell-inflable-esportiu-i-competicio-wipe-out\/#breadcrumb","itemListElement":[{"@type":"ListItem","position":1,"name":"Inici","item":"https:\/\/multi-diver.com\/"},{"@type":"ListItem","position":2,"name":"Cat\u00e1logo","item":"https:\/\/multi-diver.com\/cataleg\/"},{"@type":"ListItem","position":3,"name":"Castillo hinchable deportivo y competici\u00f3n wipe out"}]},{"@type":"WebSite","@id":"https:\/\/multi-diver.com\/#website","url":"https:\/\/multi-diver.com\/","name":"Multi Diver","description":"Lloguer d&#039;atraccions i castells inflables","potentialAction":[{"@type":"SearchAction","target":{"@type":"EntryPoint","urlTemplate":"https:\/\/multi-diver.com\/?s={search_term_string}"},"query-input":"required name=search_term_string"}],"inLanguage":"es"}]}},"_links":{"self":[{"href":"https:\/\/multi-diver.com\/es\/wp-json\/wp\/v2\/product\/8259","targetHints":{"allow":["GET"]}}],"collection":[{"href":"https:\/\/multi-diver.com\/es\/wp-json\/wp\/v2\/product"}],"about":[{"href":"https:\/\/multi-diver.com\/es\/wp-json\/wp\/v2\/types\/product"}],"wp:featuredmedia":[{"embeddable":true,"href":"https:\/\/multi-diver.com\/es\/wp-json\/wp\/v2\/media\/7887"}],"wp:attachment":[{"href":"https:\/\/multi-diver.com\/es\/wp-json\/wp\/v2\/media?parent=8259"}],"wp:term":[{"taxonomy":"product_cat","embeddable":true,"href":"https:\/\/multi-diver.com\/es\/wp-json\/wp\/v2\/product_cat?post=8259"},{"taxonomy":"product_tag","embeddable":true,"href":"https:\/\/multi-diver.com\/es\/wp-json\/wp\/v2\/product_tag?post=8259"}],"curies":[{"name":"wp","href":"https:\/\/api.w.org\/{rel}","templated":true}]}}