{"id":8265,"date":"2023-03-15T20:11:53","date_gmt":"2023-03-15T19:11:53","guid":{"rendered":"https:\/\/multi-diver.com\/product\/toro-mecanico\/"},"modified":"2024-03-20T11:31:51","modified_gmt":"2024-03-20T10:31:51","slug":"toro-mecanico","status":"publish","type":"product","link":"https:\/\/multi-diver.com\/es\/producto\/toro-mecanico\/","title":{"rendered":"Toro mec\u00e1nico"},"content":{"rendered":"<h1 style=\"font-size: 16px;\">Alquiler de toro mec\u00e1nico en Girona y Barcelona<\/h1>\n<p>Toro mec\u00e1nico con varios niveles de dificultad que se adecuan a la edad de los participantes.<\/p>\n<p>\u00a1Demuestra tu habilidad como jinete y atr\u00e9vete a competir para ver qui\u00e9n es el m\u00e1s h\u00e1bil y aguanta m\u00e1s sobre el toro!<\/p>\n<p>Para ni\u00f1os y ni\u00f1as a partir de 6 a\u00f1os.<\/p>\n<p>Ideal para todo tipo de eventos: fiestas mayores, fiestas escolares, promociones de empresa, cumplea\u00f1os, despedidas de soltero\/a y discotecas&#8230;<\/p>\n<p><strong>DIVERTIDO Y ESPECTACULAR!<\/strong><\/p>\n<p><strong>Detalles de la atracci\u00f3n<\/strong><\/p>\n<ul>\n<li><strong>Medidas<\/strong>: 5 m x 5 m<\/li>\n<li><strong>Decoraci\u00f3n<\/strong>: Toro<\/li>\n<\/ul>\n","protected":false},"excerpt":{"rendered":"<p>Alquiler de toro mec\u00e1nico en Girona y Barcelona Toro mec\u00e1nico con varios niveles de dificultad que se adecuan a la edad de los participantes. \u00a1Demuestra tu habilidad como jinete y atr\u00e9vete a competir para ver qui\u00e9n es el m\u00e1s h\u00e1bil y aguanta m\u00e1s sobre el toro! Para ni\u00f1os y ni\u00f1as a partir de 6 a\u00f1os. [&hellip;]<\/p>\n","protected":false},"featured_media":7882,"template":"","meta":{"om_disable_all_campaigns":false,"_monsterinsights_skip_tracking":false,"_monsterinsights_sitenote_active":false,"_monsterinsights_sitenote_note":"","_monsterinsights_sitenote_category":0},"product_cat":[149,147,151],"product_tag":[],"class_list":["post-8265","product","type-product","status-publish","has-post-thumbnail","hentry","product_cat-atracciones-mecanicas","product_cat-jovenes-y-adultos","product_cat-toro-mecanico"],"aioseo_notices":[],"yoast_head":"<!-- This site is optimized with the Yoast SEO plugin v21.5 - https:\/\/yoast.com\/wordpress\/plugins\/seo\/ -->\n<title>Toro mec\u00e1nico - Multi Diver<\/title>\n<meta name=\"robots\" content=\"index, follow, max-snippet:-1, max-image-preview:large, max-video-preview:-1\" \/>\n<link rel=\"canonical\" href=\"https:\/\/multi-diver.com\/producto\/brau-mecanic\/\" \/>\n<meta property=\"og:locale\" content=\"es_ES\" \/>\n<meta property=\"og:type\" content=\"article\" \/>\n<meta property=\"og:title\" content=\"Toro mec\u00e1nico - Multi Diver\" \/>\n<meta property=\"og:description\" content=\"Alquiler de toro mec\u00e1nico en Girona y Barcelona Toro mec\u00e1nico con varios niveles de dificultad que se adecuan a la edad de los participantes. \u00a1Demuestra tu habilidad como jinete y atr\u00e9vete a competir para ver qui\u00e9n es el m\u00e1s h\u00e1bil y aguanta m\u00e1s sobre el toro! Para ni\u00f1os y ni\u00f1as a partir de 6 a\u00f1os. [&hellip;]\" \/>\n<meta property=\"og:url\" content=\"https:\/\/multi-diver.com\/producto\/brau-mecanic\/\" \/>\n<meta property=\"og:site_name\" content=\"Multi Diver\" \/>\n<meta property=\"article:modified_time\" content=\"2024-03-20T10:31:51+00:00\" \/>\n<meta property=\"og:image\" content=\"https:\/\/multi-diver.com\/wp-content\/uploads\/2023\/03\/brau-mecanic-1.jpg\" \/>\n\t<meta property=\"og:image:width\" content=\"800\" \/>\n\t<meta property=\"og:image:height\" content=\"500\" \/>\n\t<meta property=\"og:image:type\" content=\"image\/jpeg\" \/>\n<meta name=\"twitter:card\" content=\"summary_large_image\" \/>\n<meta name=\"twitter:label1\" content=\"Tiempo de lectura\" \/>\n\t<meta name=\"twitter:data1\" content=\"1 minuto\" \/>\n<script type=\"application\/ld+json\" class=\"yoast-schema-graph\">{\"@context\":\"https:\/\/schema.org\",\"@graph\":[{\"@type\":\"WebPage\",\"@id\":\"https:\/\/multi-diver.com\/producto\/brau-mecanic\/\",\"url\":\"https:\/\/multi-diver.com\/producto\/brau-mecanic\/\",\"name\":\"Toro mec\u00e1nico - Multi Diver\",\"isPartOf\":{\"@id\":\"https:\/\/multi-diver.com\/#website\"},\"datePublished\":\"2023-03-15T19:11:53+00:00\",\"dateModified\":\"2024-03-20T10:31:51+00:00\",\"breadcrumb\":{\"@id\":\"https:\/\/multi-diver.com\/producto\/brau-mecanic\/#breadcrumb\"},\"inLanguage\":\"es\",\"potentialAction\":[{\"@type\":\"ReadAction\",\"target\":[\"https:\/\/multi-diver.com\/producto\/brau-mecanic\/\"]}]},{\"@type\":\"BreadcrumbList\",\"@id\":\"https:\/\/multi-diver.com\/producto\/brau-mecanic\/#breadcrumb\",\"itemListElement\":[{\"@type\":\"ListItem\",\"position\":1,\"name\":\"Inici\",\"item\":\"https:\/\/multi-diver.com\/\"},{\"@type\":\"ListItem\",\"position\":2,\"name\":\"Cat\u00e1logo\",\"item\":\"https:\/\/multi-diver.com\/cataleg\/\"},{\"@type\":\"ListItem\",\"position\":3,\"name\":\"Toro mec\u00e1nico\"}]},{\"@type\":\"WebSite\",\"@id\":\"https:\/\/multi-diver.com\/#website\",\"url\":\"https:\/\/multi-diver.com\/\",\"name\":\"Multi Diver\",\"description\":\"Lloguer d&#039;atraccions i castells inflables\",\"potentialAction\":[{\"@type\":\"SearchAction\",\"target\":{\"@type\":\"EntryPoint\",\"urlTemplate\":\"https:\/\/multi-diver.com\/?s={search_term_string}\"},\"query-input\":\"required name=search_term_string\"}],\"inLanguage\":\"es\"}]}<\/script>\n<!-- \/ Yoast SEO plugin. -->","yoast_head_json":{"title":"Toro mec\u00e1nico - Multi Diver","robots":{"index":"index","follow":"follow","max-snippet":"max-snippet:-1","max-image-preview":"max-image-preview:large","max-video-preview":"max-video-preview:-1"},"canonical":"https:\/\/multi-diver.com\/producto\/brau-mecanic\/","og_locale":"es_ES","og_type":"article","og_title":"Toro mec\u00e1nico - Multi Diver","og_description":"Alquiler de toro mec\u00e1nico en Girona y Barcelona Toro mec\u00e1nico con varios niveles de dificultad que se adecuan a la edad de los participantes. \u00a1Demuestra tu habilidad como jinete y atr\u00e9vete a competir para ver qui\u00e9n es el m\u00e1s h\u00e1bil y aguanta m\u00e1s sobre el toro! Para ni\u00f1os y ni\u00f1as a partir de 6 a\u00f1os. [&hellip;]","og_url":"https:\/\/multi-diver.com\/producto\/brau-mecanic\/","og_site_name":"Multi Diver","article_modified_time":"2024-03-20T10:31:51+00:00","og_image":[{"width":800,"height":500,"url":"https:\/\/multi-diver.com\/wp-content\/uploads\/2023\/03\/brau-mecanic-1.jpg","type":"image\/jpeg"}],"twitter_card":"summary_large_image","twitter_misc":{"Tiempo de lectura":"1 minuto"},"schema":{"@context":"https:\/\/schema.org","@graph":[{"@type":"WebPage","@id":"https:\/\/multi-diver.com\/producto\/brau-mecanic\/","url":"https:\/\/multi-diver.com\/producto\/brau-mecanic\/","name":"Toro mec\u00e1nico - Multi Diver","isPartOf":{"@id":"https:\/\/multi-diver.com\/#website"},"datePublished":"2023-03-15T19:11:53+00:00","dateModified":"2024-03-20T10:31:51+00:00","breadcrumb":{"@id":"https:\/\/multi-diver.com\/producto\/brau-mecanic\/#breadcrumb"},"inLanguage":"es","potentialAction":[{"@type":"ReadAction","target":["https:\/\/multi-diver.com\/producto\/brau-mecanic\/"]}]},{"@type":"BreadcrumbList","@id":"https:\/\/multi-diver.com\/producto\/brau-mecanic\/#breadcrumb","itemListElement":[{"@type":"ListItem","position":1,"name":"Inici","item":"https:\/\/multi-diver.com\/"},{"@type":"ListItem","position":2,"name":"Cat\u00e1logo","item":"https:\/\/multi-diver.com\/cataleg\/"},{"@type":"ListItem","position":3,"name":"Toro mec\u00e1nico"}]},{"@type":"WebSite","@id":"https:\/\/multi-diver.com\/#website","url":"https:\/\/multi-diver.com\/","name":"Multi Diver","description":"Lloguer d&#039;atraccions i castells inflables","potentialAction":[{"@type":"SearchAction","target":{"@type":"EntryPoint","urlTemplate":"https:\/\/multi-diver.com\/?s={search_term_string}"},"query-input":"required name=search_term_string"}],"inLanguage":"es"}]}},"_links":{"self":[{"href":"https:\/\/multi-diver.com\/es\/wp-json\/wp\/v2\/product\/8265","targetHints":{"allow":["GET"]}}],"collection":[{"href":"https:\/\/multi-diver.com\/es\/wp-json\/wp\/v2\/product"}],"about":[{"href":"https:\/\/multi-diver.com\/es\/wp-json\/wp\/v2\/types\/product"}],"wp:featuredmedia":[{"embeddable":true,"href":"https:\/\/multi-diver.com\/es\/wp-json\/wp\/v2\/media\/7882"}],"wp:attachment":[{"href":"https:\/\/multi-diver.com\/es\/wp-json\/wp\/v2\/media?parent=8265"}],"wp:term":[{"taxonomy":"product_cat","embeddable":true,"href":"https:\/\/multi-diver.com\/es\/wp-json\/wp\/v2\/product_cat?post=8265"},{"taxonomy":"product_tag","embeddable":true,"href":"https:\/\/multi-diver.com\/es\/wp-json\/wp\/v2\/product_tag?post=8265"}],"curies":[{"name":"wp","href":"https:\/\/api.w.org\/{rel}","templated":true}]}}