{"id":8266,"date":"2023-03-15T19:54:59","date_gmt":"2023-03-15T18:54:59","guid":{"rendered":"https:\/\/multi-diver.com\/product\/espabila-y-salta\/"},"modified":"2023-07-20T17:01:23","modified_gmt":"2023-07-20T15:01:23","slug":"espabila-y-salta","status":"publish","type":"product","link":"https:\/\/multi-diver.com\/es\/producto\/espabila-y-salta\/","title":{"rendered":"Espabila y salta"},"content":{"rendered":"<p>El hinchable espabila y salta es una atracci\u00f3n mec\u00e1nica que consiste en dos palos que van girando a diferentes velocidades y donde los participantes deben aguantar el m\u00e1ximo tiempo posible sin caer. Un monitor ser\u00e1 el encargado de dirigir las distintas direcciones y velocidades.<\/p>\n<p>Sube sobre el pedestal y comienza a esquivar los palos, a ver qui\u00e9n es el m\u00e1s h\u00e1bil y aguanta m\u00e1s.<\/p>\n<p>Para ni\u00f1os y ni\u00f1as a partir de 6 a\u00f1os.<\/p>\n<p>Ideal para todo tipo de eventos: fiestas mayores, fiestas escolares, promociones de empresa, comuniones, cumplea\u00f1os&#8230;<\/p>\n<p><strong>Detalles de la atracci\u00f3n<\/strong><\/p>\n<ul>\n<li><strong>Medidas<\/strong>: 9 m x 9 m<\/li>\n<li><strong>Capacidad<\/strong>: De 1 a 6 participantes<\/li>\n<li><strong>Decoraci\u00f3n<\/strong>: Espacila y salta \u2013 competici\u00f3n<\/li>\n<\/ul>\n","protected":false},"excerpt":{"rendered":"<p>El hinchable espabila y salta es una atracci\u00f3n mec\u00e1nica que consiste en dos palos que van girando a diferentes velocidades y donde los participantes deben aguantar el m\u00e1ximo tiempo posible sin caer. Un monitor ser\u00e1 el encargado de dirigir las distintas direcciones y velocidades. Sube sobre el pedestal y comienza a esquivar los palos, a [&hellip;]<\/p>\n","protected":false},"featured_media":8123,"template":"","meta":{"om_disable_all_campaigns":false,"_monsterinsights_skip_tracking":false,"_monsterinsights_sitenote_active":false,"_monsterinsights_sitenote_note":"","_monsterinsights_sitenote_category":0},"product_cat":[149,152,147],"product_tag":[],"class_list":["post-8266","product","type-product","status-publish","has-post-thumbnail","hentry","product_cat-atracciones-mecanicas","product_cat-espabila-y-salta","product_cat-jovenes-y-adultos"],"aioseo_notices":[],"yoast_head":"<!-- This site is optimized with the Yoast SEO plugin v21.5 - https:\/\/yoast.com\/wordpress\/plugins\/seo\/ -->\n<title>Espabila y salta - Multi Diver<\/title>\n<meta name=\"robots\" content=\"index, follow, max-snippet:-1, max-image-preview:large, max-video-preview:-1\" \/>\n<link rel=\"canonical\" href=\"https:\/\/multi-diver.com\/producto\/espavila-i-salta\/\" \/>\n<meta property=\"og:locale\" content=\"es_ES\" \/>\n<meta property=\"og:type\" content=\"article\" \/>\n<meta property=\"og:title\" content=\"Espabila y salta - Multi Diver\" \/>\n<meta property=\"og:description\" content=\"El hinchable espabila y salta es una atracci\u00f3n mec\u00e1nica que consiste en dos palos que van girando a diferentes velocidades y donde los participantes deben aguantar el m\u00e1ximo tiempo posible sin caer. Un monitor ser\u00e1 el encargado de dirigir las distintas direcciones y velocidades. Sube sobre el pedestal y comienza a esquivar los palos, a [&hellip;]\" \/>\n<meta property=\"og:url\" content=\"https:\/\/multi-diver.com\/producto\/espavila-i-salta\/\" \/>\n<meta property=\"og:site_name\" content=\"Multi Diver\" \/>\n<meta property=\"article:modified_time\" content=\"2023-07-20T15:01:23+00:00\" \/>\n<meta property=\"og:image\" content=\"https:\/\/multi-diver.com\/wp-content\/uploads\/2023\/03\/espavila-i-salta_web.jpg\" \/>\n\t<meta property=\"og:image:width\" content=\"800\" \/>\n\t<meta property=\"og:image:height\" content=\"500\" \/>\n\t<meta property=\"og:image:type\" content=\"image\/jpeg\" \/>\n<meta name=\"twitter:card\" content=\"summary_large_image\" \/>\n<meta name=\"twitter:label1\" content=\"Tiempo de lectura\" \/>\n\t<meta name=\"twitter:data1\" content=\"1 minuto\" \/>\n<script type=\"application\/ld+json\" class=\"yoast-schema-graph\">{\"@context\":\"https:\/\/schema.org\",\"@graph\":[{\"@type\":\"WebPage\",\"@id\":\"https:\/\/multi-diver.com\/producto\/espavila-i-salta\/\",\"url\":\"https:\/\/multi-diver.com\/producto\/espavila-i-salta\/\",\"name\":\"Espabila y salta - Multi Diver\",\"isPartOf\":{\"@id\":\"https:\/\/multi-diver.com\/#website\"},\"datePublished\":\"2023-03-15T18:54:59+00:00\",\"dateModified\":\"2023-07-20T15:01:23+00:00\",\"breadcrumb\":{\"@id\":\"https:\/\/multi-diver.com\/producto\/espavila-i-salta\/#breadcrumb\"},\"inLanguage\":\"es\",\"potentialAction\":[{\"@type\":\"ReadAction\",\"target\":[\"https:\/\/multi-diver.com\/producto\/espavila-i-salta\/\"]}]},{\"@type\":\"BreadcrumbList\",\"@id\":\"https:\/\/multi-diver.com\/producto\/espavila-i-salta\/#breadcrumb\",\"itemListElement\":[{\"@type\":\"ListItem\",\"position\":1,\"name\":\"Inici\",\"item\":\"https:\/\/multi-diver.com\/\"},{\"@type\":\"ListItem\",\"position\":2,\"name\":\"Cat\u00e1logo\",\"item\":\"https:\/\/multi-diver.com\/cataleg\/\"},{\"@type\":\"ListItem\",\"position\":3,\"name\":\"Espabila y salta\"}]},{\"@type\":\"WebSite\",\"@id\":\"https:\/\/multi-diver.com\/#website\",\"url\":\"https:\/\/multi-diver.com\/\",\"name\":\"Multi Diver\",\"description\":\"Lloguer d&#039;atraccions i castells inflables\",\"potentialAction\":[{\"@type\":\"SearchAction\",\"target\":{\"@type\":\"EntryPoint\",\"urlTemplate\":\"https:\/\/multi-diver.com\/?s={search_term_string}\"},\"query-input\":\"required name=search_term_string\"}],\"inLanguage\":\"es\"}]}<\/script>\n<!-- \/ Yoast SEO plugin. -->","yoast_head_json":{"title":"Espabila y salta - Multi Diver","robots":{"index":"index","follow":"follow","max-snippet":"max-snippet:-1","max-image-preview":"max-image-preview:large","max-video-preview":"max-video-preview:-1"},"canonical":"https:\/\/multi-diver.com\/producto\/espavila-i-salta\/","og_locale":"es_ES","og_type":"article","og_title":"Espabila y salta - Multi Diver","og_description":"El hinchable espabila y salta es una atracci\u00f3n mec\u00e1nica que consiste en dos palos que van girando a diferentes velocidades y donde los participantes deben aguantar el m\u00e1ximo tiempo posible sin caer. Un monitor ser\u00e1 el encargado de dirigir las distintas direcciones y velocidades. Sube sobre el pedestal y comienza a esquivar los palos, a [&hellip;]","og_url":"https:\/\/multi-diver.com\/producto\/espavila-i-salta\/","og_site_name":"Multi Diver","article_modified_time":"2023-07-20T15:01:23+00:00","og_image":[{"width":800,"height":500,"url":"https:\/\/multi-diver.com\/wp-content\/uploads\/2023\/03\/espavila-i-salta_web.jpg","type":"image\/jpeg"}],"twitter_card":"summary_large_image","twitter_misc":{"Tiempo de lectura":"1 minuto"},"schema":{"@context":"https:\/\/schema.org","@graph":[{"@type":"WebPage","@id":"https:\/\/multi-diver.com\/producto\/espavila-i-salta\/","url":"https:\/\/multi-diver.com\/producto\/espavila-i-salta\/","name":"Espabila y salta - Multi Diver","isPartOf":{"@id":"https:\/\/multi-diver.com\/#website"},"datePublished":"2023-03-15T18:54:59+00:00","dateModified":"2023-07-20T15:01:23+00:00","breadcrumb":{"@id":"https:\/\/multi-diver.com\/producto\/espavila-i-salta\/#breadcrumb"},"inLanguage":"es","potentialAction":[{"@type":"ReadAction","target":["https:\/\/multi-diver.com\/producto\/espavila-i-salta\/"]}]},{"@type":"BreadcrumbList","@id":"https:\/\/multi-diver.com\/producto\/espavila-i-salta\/#breadcrumb","itemListElement":[{"@type":"ListItem","position":1,"name":"Inici","item":"https:\/\/multi-diver.com\/"},{"@type":"ListItem","position":2,"name":"Cat\u00e1logo","item":"https:\/\/multi-diver.com\/cataleg\/"},{"@type":"ListItem","position":3,"name":"Espabila y salta"}]},{"@type":"WebSite","@id":"https:\/\/multi-diver.com\/#website","url":"https:\/\/multi-diver.com\/","name":"Multi Diver","description":"Lloguer d&#039;atraccions i castells inflables","potentialAction":[{"@type":"SearchAction","target":{"@type":"EntryPoint","urlTemplate":"https:\/\/multi-diver.com\/?s={search_term_string}"},"query-input":"required name=search_term_string"}],"inLanguage":"es"}]}},"_links":{"self":[{"href":"https:\/\/multi-diver.com\/es\/wp-json\/wp\/v2\/product\/8266","targetHints":{"allow":["GET"]}}],"collection":[{"href":"https:\/\/multi-diver.com\/es\/wp-json\/wp\/v2\/product"}],"about":[{"href":"https:\/\/multi-diver.com\/es\/wp-json\/wp\/v2\/types\/product"}],"wp:featuredmedia":[{"embeddable":true,"href":"https:\/\/multi-diver.com\/es\/wp-json\/wp\/v2\/media\/8123"}],"wp:attachment":[{"href":"https:\/\/multi-diver.com\/es\/wp-json\/wp\/v2\/media?parent=8266"}],"wp:term":[{"taxonomy":"product_cat","embeddable":true,"href":"https:\/\/multi-diver.com\/es\/wp-json\/wp\/v2\/product_cat?post=8266"},{"taxonomy":"product_tag","embeddable":true,"href":"https:\/\/multi-diver.com\/es\/wp-json\/wp\/v2\/product_tag?post=8266"}],"curies":[{"name":"wp","href":"https:\/\/api.w.org\/{rel}","templated":true}]}}